{"id":428,"date":"2020-03-17T18:44:55","date_gmt":"2020-03-17T18:44:55","guid":{"rendered":"http:\/\/hompark.themezinho.net\/?page_id=13"},"modified":"2022-05-09T14:47:39","modified_gmt":"2022-05-09T13:47:39","slug":"zgrade","status":"publish","type":"page","link":"https:\/\/modenazlatibor.rs\/ru\/zgrade\/","title":{"rendered":"\u0417\u0434\u0430\u043d\u0438\u044f"},"content":{"rendered":"<section  class=\"content-section\" ><div class=\"container\"><div class=\"vc_row wpb_row vc_row-fluid vc_custom_1647332251991\"><div class=\"wpb_column vc_column_container vc_col-sm-12\"><div class=\"vc_column-inner\"><div class=\"wpb_wrapper\">\n\n\n<div class=\"about-content\" >\n\t\t  <h2><em>\u041a\u0430\u043a \u043f\u043e\u044f\u0432\u0438\u043b\u0441\u044f \u041a\u0443\u0440\u043e\u0440\u0442 \u041c\u043e\u0434\u0435\u043d\u0430 \u0417\u043b\u0430\u0442\u0438\u0431\u043e\u0440?<\/em><\/h2>\n<div class=\"vc_row wpb_row vc_inner vc_row-fluid vc_custom_1584806111490\">\n<div class=\"wpb_column vc_column_container vc_col-sm-12\">\n<div class=\"vc_column-inner\">\n<div class=\"wpb_wrapper\">\n<div class=\"about-content wow fadeInUp\">\n<p class=\"translation-block\">\u0422\u0430\u043a \u0436\u0435, \u043a\u0430\u043a \u0437\u0435\u043c\u043b\u044f, \u0432\u043e\u0434\u0430 \u0438 \u0432\u043e\u0437\u0434\u0443\u0445 \u043d\u0435\u043e\u0431\u0445\u043e\u0434\u0438\u043c\u044b \u0434\u043b\u044f \u0436\u0438\u0437\u043d\u0438 \u043b\u044e\u0431\u043e\u0433\u043e \u0436\u0438\u0432\u043e\u0433\u043e \u0441\u0443\u0449\u0435\u0441\u0442\u0432\u0430 \u043d\u0430 \u043d\u0430\u0448\u0435\u0439 \u043f\u043b\u0430\u043d\u0435\u0442\u0435, \u043c\u044b \u043f\u043e\u0441\u0442\u0430\u0440\u0430\u043b\u0438\u0441\u044c \u043c\u0430\u043a\u0441\u0438\u043c\u0430\u043b\u044c\u043d\u043e \u0441\u043e\u0432\u043c\u0435\u0441\u0442\u0438\u0442\u044c \u0432 \u043d\u0430\u0448\u0435\u043c \u043f\u0440\u043e\u0435\u043a\u0442\u0435 \u043d\u0435\u043e\u0431\u0445\u043e\u0434\u0438\u043c\u044b\u0435 \u0443\u0441\u043b\u043e\u0432\u0438\u044f \u0434\u043b\u044f \u043d\u0430\u0434\u0435\u0436\u043d\u043e\u0439 \u0438\u043d\u0432\u0435\u0441\u0442\u0438\u0446\u0438\u0438 \u0438 \u043a\u043e\u043c\u0444\u043e\u0440\u0442\u043d\u043e\u0433\u043e \u043e\u0442\u0434\u044b\u0445\u0430 \u043d\u0430 \u0433\u043e\u0440\u0435. <strong>\u0427\u0442\u043e \u044d\u0442\u043e \u0437\u043d\u0430\u0447\u0438\u0442?<\/strong><\/p>\n<p>&nbsp;<\/p>\n<\/div>\n<\/div>\n<\/div>\n<\/div>\n<\/div>\n<div class=\"vc_row wpb_row vc_inner vc_row-fluid vc_custom_1644341228654\">\n<div class=\"wpb_column vc_column_container vc_col-sm-12\">\n<div class=\"vc_column-inner\">\n<div class=\"wpb_wrapper\">\n<div class=\"text-content-block\">\n<p>To zna\u010di da je lokacija pa\u017eljivo odabrana kako bi bila u blizini svih pose\u0107enijih atrakcija na Zlatiboru. Da nije slu\u010dajno \u0161to smo projektovali poluprivatni kompleks koji \u010dine 3 zgrade sa malim trgom u sredini. Na\u0161i dodatni sadr\u017eaji su prepoznati kao prednosti u odnosu na konkurentsku turisti\u010dku ponudu na Zlatiboru. Eksterijer, materijali u izgradnji i funkcionalnost projekta su prilagodjeni okru\u017eenju i planini na kojoj se nalazimo. Na\u0161i klijenti \u0107e imati opciju opremanja apartmana u potpunosti, od plakara do pribora za jelo, dok \u0107e se rentiranjem i odr\u017eavanjem kompleksa baviti kompanija koja za to bude zadu\u017eena. Mi \u017eelimo da postignemo rezultat od preko 150 no\u0107enja po apartmanu godi\u0161nje, a da pritom VI , kao vlasnici imate \u0161to manje obaveza oko svoje investicije. Nadamo se da \u0107e Modena Zlatibor Resort postati nezaboravno mesto za odmor i relaksaciju, sme\u0161teno na jednoj od najspektakularnijih srpskih planina<\/p>\n<\/div>\n<div class=\"vc_separator wpb_content_element vc_separator_align_center vc_sep_width_100 vc_sep_pos_align_center vc_separator_no_text vc_sep_color_grey\"><\/div>\n<\/div>\n<\/div>\n<\/div>\n<\/div>\n\t\n\t\n\t\n\t\n\t\t  <\/div>\n\n\t\t\n\n\n<div class=\"about-content\" >\n\t\t  <h2><em>\u0418\u043d\u0432\u0435\u0441\u0442\u0438\u0446\u0438\u0438 \u0432 \u043d\u0435\u0434\u0432\u0438\u0436\u0438\u043c\u043e\u0441\u0442\u044c<\/em><\/h2>\n\t\n\t\n\t\n\t\n\t\t  <\/div>\n\n\t\t\n\n\n<div class=\"about-content\" >\n\t\t  <p><i><span style=\"font-weight: 400;\">U prevodu <strong>Voda, Vazduh i Zemlja<\/strong>. Tako smo nazvali na\u0161e 3 zgrade \u010dija imena predstavljaju osnovne elemente za \u017eivot. Aqua, jer svaki dan po\u010dinje sa vodom, Aria jer je vazduh ovde naj\u010distiji I Terra kao zemlja koja je temelj \u017eivota.<\/span><\/i> <i><span style=\"font-weight: 400;\">Svaka od ovih izuzetnih zgrada se besprekorno uklapa u svoje okru\u017eenje. O\u010dekuje vas kompleks poluotvorenog tipa, prirodni materijali i planinski stil koji zajedni\u010dki doprinose tradicionalnoj lepoti Zlatibora.<\/span><\/i><\/p>\n\t\n\t\n\t\n\t\n\t\t  <\/div>\n\n\t\t<div class=\"vc_empty_space\"   style=\"height: 12px\"><span class=\"vc_empty_space_inner\"><\/span><\/div><div class=\"vc_separator wpb_content_element vc_separator_align_center vc_sep_width_100 vc_sep_border_width_2 vc_sep_pos_align_center vc_separator_no_text vc_sep_color_grey\" ><span class=\"vc_sep_holder vc_sep_holder_l\"><span  class=\"vc_sep_line\"><\/span><\/span><span class=\"vc_sep_holder vc_sep_holder_r\"><span  class=\"vc_sep_line\"><\/span><\/span>\n<\/div><\/div><\/div><\/div><div class=\"wpb_column vc_column_container vc_col-sm-12\"><div class=\"vc_column-inner\"><div class=\"wpb_wrapper\"><div class=\"vc_row wpb_row vc_inner vc_row-fluid\"><div class=\"wpb_column vc_column_container vc_col-sm-4\"><div class=\"vc_column-inner\"><div class=\"wpb_wrapper\">\n\t<div  class=\"wpb_single_image wpb_content_element vc_align_center  wpb_animate_when_almost_visible wpb_fadeInUp fadeInUp  hover_effect\">\n\t\t\n\t\t<figure class=\"wpb_wrapper vc_figure\">\n\t\t\t<a href=\"https:\/\/modenazlatibor.rs\/ru\/aqua\/\" target=\"_self\" class=\"vc_single_image-wrapper   vc_box_border_grey\"><img fetchpriority=\"high\" decoding=\"async\" width=\"300\" height=\"200\" src=\"https:\/\/modenazlatibor.rs\/wp-content\/uploads\/2020\/03\/logo_water_drop_blue--300x200.png\" class=\"vc_single_image-img attachment-medium\" alt=\"\" srcset=\"https:\/\/modenazlatibor.rs\/wp-content\/uploads\/2020\/03\/logo_water_drop_blue--300x200.png 300w, https:\/\/modenazlatibor.rs\/wp-content\/uploads\/2020\/03\/logo_water_drop_blue--e1644231291321.png 550w\" sizes=\"(max-width: 300px) 100vw, 300px\" \/><\/a>\n\t\t<\/figure>\n\t<\/div>\n\n\t<div class=\"wpb_text_column wpb_content_element  vc_custom_1647336184388\" >\n\t\t<div class=\"wpb_wrapper\">\n\t\t\t<h5 style=\"text-align: center; font-size: 14px; font-weight: 600;\">\u041c\u043e\u0434\u0435\u043d\u0430 \u0410\u043a\u0432\u0430<\/h5>\n\n\t\t<\/div>\n\t<\/div>\n<\/div><\/div><\/div><div class=\"wpb_column vc_column_container vc_col-sm-4\"><div class=\"vc_column-inner\"><div class=\"wpb_wrapper\">\n\t<div  class=\"wpb_single_image wpb_content_element vc_align_center  wpb_animate_when_almost_visible wpb_fadeInUp fadeInUp  hover_effect\">\n\t\t\n\t\t<figure class=\"wpb_wrapper vc_figure\">\n\t\t\t<a href=\"https:\/\/modenazlatibor.rs\/ru\/aria\/\" target=\"_self\" class=\"vc_single_image-wrapper   vc_box_border_grey\"><img decoding=\"async\" width=\"300\" height=\"200\" src=\"https:\/\/modenazlatibor.rs\/wp-content\/uploads\/2020\/03\/logo_water_drop_blue-1-1-300x200.png\" class=\"vc_single_image-img attachment-medium\" alt=\"\" srcset=\"https:\/\/modenazlatibor.rs\/wp-content\/uploads\/2020\/03\/logo_water_drop_blue-1-1-300x200.png 300w, https:\/\/modenazlatibor.rs\/wp-content\/uploads\/2020\/03\/logo_water_drop_blue-1-1.png 580w\" sizes=\"(max-width: 300px) 100vw, 300px\" \/><\/a>\n\t\t<\/figure>\n\t<\/div>\n\n\t<div class=\"wpb_text_column wpb_content_element  vc_custom_1647336153006\" >\n\t\t<div class=\"wpb_wrapper\">\n\t\t\t<h5 style=\"text-align: center; font-size: 14px; font-weight: 600;\">\u041c\u043e\u0434\u0435\u043d\u0430 \u0410\u0440\u0438\u044f<\/h5>\n\n\t\t<\/div>\n\t<\/div>\n<\/div><\/div><\/div><div class=\"wpb_column vc_column_container vc_col-sm-4\"><div class=\"vc_column-inner\"><div class=\"wpb_wrapper\">\n\t<div  class=\"wpb_single_image wpb_content_element vc_align_center  wpb_animate_when_almost_visible wpb_fadeInUp fadeInUp  hover_effect\">\n\t\t\n\t\t<figure class=\"wpb_wrapper vc_figure\">\n\t\t\t<a href=\"https:\/\/modenazlatibor.rs\/ru\/terra\/\" target=\"_self\" class=\"vc_single_image-wrapper   vc_box_border_grey\"><img decoding=\"async\" width=\"300\" height=\"144\" src=\"https:\/\/modenazlatibor.rs\/wp-content\/uploads\/2020\/03\/525-5258550_rocky-mountain-logo-png-transparent-png-copy-300x144.png\" class=\"vc_single_image-img attachment-medium\" alt=\"\" srcset=\"https:\/\/modenazlatibor.rs\/wp-content\/uploads\/2020\/03\/525-5258550_rocky-mountain-logo-png-transparent-png-copy-300x144.png 300w, https:\/\/modenazlatibor.rs\/wp-content\/uploads\/2020\/03\/525-5258550_rocky-mountain-logo-png-transparent-png-copy-768x368.png 768w, https:\/\/modenazlatibor.rs\/wp-content\/uploads\/2020\/03\/525-5258550_rocky-mountain-logo-png-transparent-png-copy-e1644231354863.png 400w\" sizes=\"(max-width: 300px) 100vw, 300px\" \/><\/a>\n\t\t<\/figure>\n\t<\/div>\n\n\t<div class=\"wpb_text_column wpb_content_element  vc_custom_1647336236980\" >\n\t\t<div class=\"wpb_wrapper\">\n\t\t\t<h5 style=\"text-align: center; font-size: 14px; font-weight: 600;\">\u041c\u043e\u0434\u0435\u043d\u0430 \u0422\u0435\u0440\u0440\u0430<\/h5>\n\n\t\t<\/div>\n\t<\/div>\n<\/div><\/div><\/div><\/div><\/div><\/div><\/div><\/div><\/div><\/section><section  class=\"content-section\" style=\"background-color: #303030;\"><div class=\"video-bg\"><video src=\"https:\/\/modenazlatibor.rs\/wp-content\/uploads\/2022\/03\/Beach-Photo-Liberation-Day-Facebook-Cover.mp4\" muted autoplay playsinline loop><\/video><\/div><div class=\"container\"><div class=\"vc_row wpb_row vc_row-fluid vc_custom_1647425660971\"><div class=\"wpb_column vc_column_container vc_col-sm-12\"><div class=\"vc_column-inner\"><div class=\"wpb_wrapper\"><div class=\"vc_row wpb_row vc_inner vc_row-fluid\"><div class=\"wpb_column vc_column_container vc_col-sm-4 vc_col-md-2 vc_col-xs-6\"><div class=\"vc_column-inner\"><div class=\"wpb_wrapper\">\n<figure class=\"icon-box wow fadeInUp\" data-wow-delay=\"0s\" data-toggle=\"tooltip\" data-placement=\"top\" >\n          \n           <img decoding=\"async\" src=\"https:\/\/modenazlatibor.rs\/wp-content\/uploads\/2021\/12\/Poluzatvoren-kompleks-e1640798630159.png\" alt=\"\">\n\t\t\t \n\t\t\t                         <figcaption>\u0427\u0430\u0441\u0442\u043d\u044b\u0439 \u043a\u043e\u043c\u043f\u043b\u0435\u043a\u0441<\/figcaption>\n                            \n       \n\t\n                \n           \n        <\/figure>\n\t\t<\/div><\/div><\/div><div class=\"wpb_column vc_column_container vc_col-sm-4 vc_col-md-2 vc_col-xs-6\"><div class=\"vc_column-inner\"><div class=\"wpb_wrapper\">\n<figure class=\"icon-box wow fadeInUp\" data-wow-delay=\"0.05s\" data-toggle=\"tooltip\" data-placement=\"top\" >\n          \n           <img decoding=\"async\" src=\"https:\/\/modenazlatibor.rs\/wp-content\/uploads\/2021\/12\/bazen-e1640798647650.png\" alt=\"\">\n\t\t\t \n\t\t\t                         <figcaption>\u0411\u0430\u0441\u0441\u0435\u0439\u043d<\/figcaption>\n                            \n       \n\t\n                \n           \n        <\/figure>\n\t\t<\/div><\/div><\/div><div class=\"wpb_column vc_column_container vc_col-sm-4 vc_col-md-2 vc_col-xs-6\"><div class=\"vc_column-inner\"><div class=\"wpb_wrapper\">\n<figure class=\"icon-box wow fadeInUp\" data-wow-delay=\"0.10s\" data-toggle=\"tooltip\" data-placement=\"top\" >\n          \n           <img decoding=\"async\" src=\"https:\/\/modenazlatibor.rs\/wp-content\/uploads\/2021\/12\/restoran.png\" alt=\"\">\n\t\t\t \n\t\t\t                         <figcaption>\u0420\u0435\u0441\u0442\u043e\u0440\u0430\u043d<\/figcaption>\n                            \n       \n\t\n                \n           \n        <\/figure>\n\t\t<\/div><\/div><\/div><div class=\"wpb_column vc_column_container vc_col-sm-4 vc_col-md-2 vc_col-xs-6\"><div class=\"vc_column-inner\"><div class=\"wpb_wrapper\">\n<figure class=\"icon-box wow fadeInUp\" data-wow-delay=\"0.15s\" data-toggle=\"tooltip\" data-placement=\"top\" >\n          \n           <img decoding=\"async\" src=\"https:\/\/modenazlatibor.rs\/wp-content\/uploads\/2021\/12\/recepcija.png\" alt=\"\">\n\t\t\t \n\t\t\t                         <figcaption>\u041f\u0440\u0438\u0435\u043c<\/figcaption>\n                            \n       \n\t\n                \n           \n        <\/figure>\n\t\t<\/div><\/div><\/div><div class=\"wpb_column vc_column_container vc_col-sm-4 vc_col-md-2 vc_col-xs-6\"><div class=\"vc_column-inner\"><div class=\"wpb_wrapper\">\n<figure class=\"icon-box wow fadeInUp\" data-wow-delay=\"0.20s\" data-toggle=\"tooltip\" data-placement=\"top\" >\n          \n           <img decoding=\"async\" src=\"https:\/\/modenazlatibor.rs\/wp-content\/uploads\/2021\/12\/video-nadzor.png\" alt=\"\">\n\t\t\t \n\t\t\t                         <figcaption>\u041d\u0430\u0431\u043b\u044e\u0434\u0435\u043d\u0438\u0435<\/figcaption>\n                            \n       \n\t\n                \n           \n        <\/figure>\n\t\t<\/div><\/div><\/div><div class=\"wpb_column vc_column_container vc_col-sm-4 vc_col-md-2 vc_col-xs-6\"><div class=\"vc_column-inner\"><div class=\"wpb_wrapper\">\n<figure class=\"icon-box wow fadeInUp\" data-wow-delay=\"0.25s\" data-toggle=\"tooltip\" data-placement=\"top\" >\n          \n           <img decoding=\"async\" src=\"https:\/\/modenazlatibor.rs\/wp-content\/uploads\/2021\/12\/namestaj.png\" alt=\"\">\n\t\t\t \n\t\t\t                         <figcaption>\u041c\u0435\u0431\u0435\u043b\u044c<\/figcaption>\n                            \n       \n\t\n                \n           \n        <\/figure>\n\t\t<\/div><\/div><\/div><\/div><div class=\"vc_row wpb_row vc_inner vc_row-fluid\"><div class=\"wpb_column vc_column_container vc_col-sm-4 vc_col-md-2 vc_col-xs-6\"><div class=\"vc_column-inner\"><div class=\"wpb_wrapper\">\n<figure class=\"icon-box wow fadeInUp\" data-wow-delay=\"0s\" data-toggle=\"tooltip\" data-placement=\"top\" >\n          \n           <img decoding=\"async\" src=\"https:\/\/modenazlatibor.rs\/wp-content\/uploads\/2021\/12\/lift-e1640798541283.png\" alt=\"\">\n\t\t\t \n\t\t\t                         <figcaption>\u041b\u0438\u0444\u0442<\/figcaption>\n                            \n       \n\t\n                \n           \n        <\/figure>\n\t\t<\/div><\/div><\/div><div class=\"wpb_column vc_column_container vc_col-sm-4 vc_col-md-2 vc_col-xs-6\"><div class=\"vc_column-inner\"><div class=\"wpb_wrapper\">\n<figure class=\"icon-box wow fadeInUp\" data-wow-delay=\"0.05s\" data-toggle=\"tooltip\" data-placement=\"top\" >\n          \n           <img decoding=\"async\" src=\"https:\/\/modenazlatibor.rs\/wp-content\/uploads\/2022\/01\/teretana.png\" alt=\"\">\n\t\t\t \n\t\t\t                         <figcaption>\u0421\u043f\u043e\u0440\u0442\u0437\u0430\u043b<\/figcaption>\n                            \n       \n\t\n                \n           \n        <\/figure>\n\t\t<\/div><\/div><\/div><div class=\"wpb_column vc_column_container vc_col-sm-4 vc_col-md-2 vc_col-xs-6\"><div class=\"vc_column-inner\"><div class=\"wpb_wrapper\">\n<figure class=\"icon-box wow fadeInUp\" data-wow-delay=\"0.10s\" data-toggle=\"tooltip\" data-placement=\"top\" >\n          \n           <img decoding=\"async\" src=\"https:\/\/modenazlatibor.rs\/wp-content\/uploads\/2022\/01\/trg.png\" alt=\"\">\n\t\t\t \n\t\t\t                         <figcaption>\u041f\u043b\u043e\u0449\u0430\u0434\u044c<\/figcaption>\n                            \n       \n\t\n                \n           \n        <\/figure>\n\t\t<\/div><\/div><\/div><div class=\"wpb_column vc_column_container vc_col-sm-4 vc_col-md-2 vc_col-xs-6\"><div class=\"vc_column-inner\"><div class=\"wpb_wrapper\">\n<figure class=\"icon-box wow fadeInUp\" data-wow-delay=\"0.15s\" data-toggle=\"tooltip\" data-placement=\"top\" >\n          \n           <img decoding=\"async\" src=\"https:\/\/modenazlatibor.rs\/wp-content\/uploads\/2022\/01\/garaza-1.png\" alt=\"\">\n\t\t\t \n\t\t\t                         <figcaption>\u0413\u0430\u0440\u0430\u0436<\/figcaption>\n                            \n       \n\t\n                \n           \n        <\/figure>\n\t\t<\/div><\/div><\/div><div class=\"wpb_column vc_column_container vc_col-sm-4 vc_col-md-2 vc_col-xs-6\"><div class=\"vc_column-inner\"><div class=\"wpb_wrapper\">\n<figure class=\"icon-box wow fadeInUp\" data-wow-delay=\"0.20s\" data-toggle=\"tooltip\" data-placement=\"top\" >\n          \n           <img decoding=\"async\" src=\"https:\/\/modenazlatibor.rs\/wp-content\/uploads\/2021\/12\/terasa-e1640798614994.png\" alt=\"\">\n\t\t\t \n\t\t\t                         <figcaption>\u0411\u0430\u043b\u043a\u043e\u043d<\/figcaption>\n                            \n       \n\t\n                \n           \n        <\/figure>\n\t\t<\/div><\/div><\/div><div class=\"wpb_column vc_column_container vc_col-sm-4 vc_col-md-2 vc_col-xs-6\"><div class=\"vc_column-inner\"><div class=\"wpb_wrapper\">\n<figure class=\"icon-box wow fadeInUp\" data-wow-delay=\"0.25s\" data-toggle=\"tooltip\" data-placement=\"top\" >\n          \n           <img decoding=\"async\" src=\"https:\/\/modenazlatibor.rs\/wp-content\/uploads\/2021\/12\/sauna-e1640798591588.png\" alt=\"\">\n\t\t\t \n\t\t\t                         <figcaption>Spa &amp; Welness<\/figcaption>\n                            \n       \n\t\n                \n           \n        <\/figure>\n\t\t<\/div><\/div><\/div><\/div><\/div><\/div><\/div><\/div><\/div><\/section><section class=\"vc_section Empty_space\"><\/section>","protected":false},"excerpt":{"rendered":"Kako je nastao Modena Zlatibor Resort? Kao \u0161to su zemlja, voda i vazduh neophodni za \u017eivot bilo kog \u017eivog bi\u0107a na na\u0161oj planeti, tako smo se mi potrudili da na na\u0161em projektu poku\u0161amo da objedinimo neophodne uslove za sigurnu investiciju i komforan odmor na planini. \u0160ta to zna\u010di? &nbsp; To zna\u010di da je lokacija pa\u017eljivo [...]","protected":false},"author":1,"featured_media":0,"parent":0,"menu_order":0,"comment_status":"closed","ping_status":"closed","template":"page-portfolio.php","meta":{"footnotes":""},"class_list":["post-428","page","type-page","status-publish","hentry"],"yoast_head":"<!-- This site is optimized with the Yoast SEO plugin v27.5 - https:\/\/yoast.com\/product\/yoast-seo-wordpress\/ -->\n<title>Zgrade - Modena Zlatibor<\/title>\n<meta name=\"description\" content=\"O\u010dekuje vas kompleks poluotvorenog tipa, prirodni materijali i planinski stil koji zajedni\u010dki doprinose tradicionalnoj lepoti Zlatibora.\" \/>\n<meta name=\"robots\" content=\"index, follow, max-snippet:-1, max-image-preview:large, max-video-preview:-1\" \/>\n<link rel=\"canonical\" href=\"https:\/\/modenazlatibor.rs\/ru\/zgrade\/\" \/>\n<meta property=\"og:locale\" content=\"ru_RU\" \/>\n<meta property=\"og:type\" content=\"article\" \/>\n<meta property=\"og:title\" content=\"Zgrade - Modena Zlatibor\" \/>\n<meta property=\"og:description\" content=\"O\u010dekuje vas kompleks poluotvorenog tipa, prirodni materijali i planinski stil koji zajedni\u010dki doprinose tradicionalnoj lepoti Zlatibora.\" \/>\n<meta property=\"og:url\" content=\"https:\/\/modenazlatibor.rs\/ru\/zgrade\/\" \/>\n<meta property=\"og:site_name\" content=\"Modena Zlatibor\" \/>\n<meta property=\"article:modified_time\" content=\"2022-05-09T13:47:39+00:00\" \/>\n<meta name=\"twitter:card\" content=\"summary_large_image\" \/>\n<meta name=\"twitter:label1\" content=\"\u041f\u0440\u0438\u043c\u0435\u0440\u043d\u043e\u0435 \u0432\u0440\u0435\u043c\u044f \u0434\u043b\u044f \u0447\u0442\u0435\u043d\u0438\u044f\" \/>\n\t<meta name=\"twitter:data1\" content=\"1 \u043c\u0438\u043d\u0443\u0442\u0430\" \/>\n<script type=\"application\/ld+json\" class=\"yoast-schema-graph\">{\"@context\":\"https:\\\/\\\/schema.org\",\"@graph\":[{\"@type\":\"WebPage\",\"@id\":\"https:\\\/\\\/modenazlatibor.rs\\\/zgrade\\\/\",\"url\":\"https:\\\/\\\/modenazlatibor.rs\\\/zgrade\\\/\",\"name\":\"Zgrade - Modena Zlatibor\",\"isPartOf\":{\"@id\":\"https:\\\/\\\/modenazlatibor.rs\\\/#website\"},\"datePublished\":\"2020-03-17T18:44:55+00:00\",\"dateModified\":\"2022-05-09T13:47:39+00:00\",\"description\":\"O\u010dekuje vas kompleks poluotvorenog tipa, prirodni materijali i planinski stil koji zajedni\u010dki doprinose tradicionalnoj lepoti Zlatibora.\",\"breadcrumb\":{\"@id\":\"https:\\\/\\\/modenazlatibor.rs\\\/zgrade\\\/#breadcrumb\"},\"inLanguage\":\"ru-RU\",\"potentialAction\":[{\"@type\":\"ReadAction\",\"target\":[\"https:\\\/\\\/modenazlatibor.rs\\\/zgrade\\\/\"]}]},{\"@type\":\"BreadcrumbList\",\"@id\":\"https:\\\/\\\/modenazlatibor.rs\\\/zgrade\\\/#breadcrumb\",\"itemListElement\":[{\"@type\":\"ListItem\",\"position\":1,\"name\":\"Modena Zlatibor Resort\",\"item\":\"https:\\\/\\\/modenazlatibor.rs\\\/\"},{\"@type\":\"ListItem\",\"position\":2,\"name\":\"Zgrade\"}]},{\"@type\":\"WebSite\",\"@id\":\"https:\\\/\\\/modenazlatibor.rs\\\/#website\",\"url\":\"https:\\\/\\\/modenazlatibor.rs\\\/\",\"name\":\"Modena Zlatibor\",\"description\":\"\",\"publisher\":{\"@id\":\"https:\\\/\\\/modenazlatibor.rs\\\/#organization\"},\"potentialAction\":[{\"@type\":\"SearchAction\",\"target\":{\"@type\":\"EntryPoint\",\"urlTemplate\":\"https:\\\/\\\/modenazlatibor.rs\\\/?s={search_term_string}\"},\"query-input\":{\"@type\":\"PropertyValueSpecification\",\"valueRequired\":true,\"valueName\":\"search_term_string\"}}],\"inLanguage\":\"ru-RU\"},{\"@type\":\"Organization\",\"@id\":\"https:\\\/\\\/modenazlatibor.rs\\\/#organization\",\"name\":\"Modena Zlatibor\",\"url\":\"https:\\\/\\\/modenazlatibor.rs\\\/\",\"logo\":{\"@type\":\"ImageObject\",\"inLanguage\":\"ru-RU\",\"@id\":\"https:\\\/\\\/modenazlatibor.rs\\\/#\\\/schema\\\/logo\\\/image\\\/\",\"url\":\"https:\\\/\\\/modenazlatibor.rs\\\/wp-content\\\/uploads\\\/2021\\\/12\\\/cropped-MODENA-ZLATIBOR-LOGO-NOVO-NO-BG.png\",\"contentUrl\":\"https:\\\/\\\/modenazlatibor.rs\\\/wp-content\\\/uploads\\\/2021\\\/12\\\/cropped-MODENA-ZLATIBOR-LOGO-NOVO-NO-BG.png\",\"width\":512,\"height\":512,\"caption\":\"Modena Zlatibor\"},\"image\":{\"@id\":\"https:\\\/\\\/modenazlatibor.rs\\\/#\\\/schema\\\/logo\\\/image\\\/\"}}]}<\/script>\n<!-- \/ Yoast SEO plugin. -->","yoast_head_json":{"title":"Zgrade - Modena Zlatibor","description":"O\u010dekuje vas kompleks poluotvorenog tipa, prirodni materijali i planinski stil koji zajedni\u010dki doprinose tradicionalnoj lepoti Zlatibora.","robots":{"index":"index","follow":"follow","max-snippet":"max-snippet:-1","max-image-preview":"max-image-preview:large","max-video-preview":"max-video-preview:-1"},"canonical":"https:\/\/modenazlatibor.rs\/ru\/zgrade\/","og_locale":"ru_RU","og_type":"article","og_title":"Zgrade - Modena Zlatibor","og_description":"O\u010dekuje vas kompleks poluotvorenog tipa, prirodni materijali i planinski stil koji zajedni\u010dki doprinose tradicionalnoj lepoti Zlatibora.","og_url":"https:\/\/modenazlatibor.rs\/ru\/zgrade\/","og_site_name":"Modena Zlatibor","article_modified_time":"2022-05-09T13:47:39+00:00","twitter_card":"summary_large_image","twitter_misc":{"\u041f\u0440\u0438\u043c\u0435\u0440\u043d\u043e\u0435 \u0432\u0440\u0435\u043c\u044f \u0434\u043b\u044f \u0447\u0442\u0435\u043d\u0438\u044f":"1 \u043c\u0438\u043d\u0443\u0442\u0430"},"schema":{"@context":"https:\/\/schema.org","@graph":[{"@type":"WebPage","@id":"https:\/\/modenazlatibor.rs\/zgrade\/","url":"https:\/\/modenazlatibor.rs\/zgrade\/","name":"Zgrade - Modena Zlatibor","isPartOf":{"@id":"https:\/\/modenazlatibor.rs\/#website"},"datePublished":"2020-03-17T18:44:55+00:00","dateModified":"2022-05-09T13:47:39+00:00","description":"O\u010dekuje vas kompleks poluotvorenog tipa, prirodni materijali i planinski stil koji zajedni\u010dki doprinose tradicionalnoj lepoti Zlatibora.","breadcrumb":{"@id":"https:\/\/modenazlatibor.rs\/zgrade\/#breadcrumb"},"inLanguage":"ru-RU","potentialAction":[{"@type":"ReadAction","target":["https:\/\/modenazlatibor.rs\/zgrade\/"]}]},{"@type":"BreadcrumbList","@id":"https:\/\/modenazlatibor.rs\/zgrade\/#breadcrumb","itemListElement":[{"@type":"ListItem","position":1,"name":"Modena Zlatibor Resort","item":"https:\/\/modenazlatibor.rs\/"},{"@type":"ListItem","position":2,"name":"Zgrade"}]},{"@type":"WebSite","@id":"https:\/\/modenazlatibor.rs\/#website","url":"https:\/\/modenazlatibor.rs\/","name":"Modena Zlatibor","description":"","publisher":{"@id":"https:\/\/modenazlatibor.rs\/#organization"},"potentialAction":[{"@type":"SearchAction","target":{"@type":"EntryPoint","urlTemplate":"https:\/\/modenazlatibor.rs\/?s={search_term_string}"},"query-input":{"@type":"PropertyValueSpecification","valueRequired":true,"valueName":"search_term_string"}}],"inLanguage":"ru-RU"},{"@type":"Organization","@id":"https:\/\/modenazlatibor.rs\/#organization","name":"Modena Zlatibor","url":"https:\/\/modenazlatibor.rs\/","logo":{"@type":"ImageObject","inLanguage":"ru-RU","@id":"https:\/\/modenazlatibor.rs\/#\/schema\/logo\/image\/","url":"https:\/\/modenazlatibor.rs\/wp-content\/uploads\/2021\/12\/cropped-MODENA-ZLATIBOR-LOGO-NOVO-NO-BG.png","contentUrl":"https:\/\/modenazlatibor.rs\/wp-content\/uploads\/2021\/12\/cropped-MODENA-ZLATIBOR-LOGO-NOVO-NO-BG.png","width":512,"height":512,"caption":"Modena Zlatibor"},"image":{"@id":"https:\/\/modenazlatibor.rs\/#\/schema\/logo\/image\/"}}]}},"_links":{"self":[{"href":"https:\/\/modenazlatibor.rs\/ru\/wp-json\/wp\/v2\/pages\/428","targetHints":{"allow":["GET"]}}],"collection":[{"href":"https:\/\/modenazlatibor.rs\/ru\/wp-json\/wp\/v2\/pages"}],"about":[{"href":"https:\/\/modenazlatibor.rs\/ru\/wp-json\/wp\/v2\/types\/page"}],"author":[{"embeddable":true,"href":"https:\/\/modenazlatibor.rs\/ru\/wp-json\/wp\/v2\/users\/1"}],"replies":[{"embeddable":true,"href":"https:\/\/modenazlatibor.rs\/ru\/wp-json\/wp\/v2\/comments?post=428"}],"version-history":[{"count":75,"href":"https:\/\/modenazlatibor.rs\/ru\/wp-json\/wp\/v2\/pages\/428\/revisions"}],"predecessor-version":[{"id":2343,"href":"https:\/\/modenazlatibor.rs\/ru\/wp-json\/wp\/v2\/pages\/428\/revisions\/2343"}],"wp:attachment":[{"href":"https:\/\/modenazlatibor.rs\/ru\/wp-json\/wp\/v2\/media?parent=428"}],"curies":[{"name":"wp","href":"https:\/\/api.w.org\/{rel}","templated":true}]}}