{"id":3329,"date":"2024-09-09T00:57:30","date_gmt":"2024-09-08T23:57:30","guid":{"rendered":"https:\/\/modenazlatibor.rs\/?page_id=3329"},"modified":"2024-10-12T10:32:06","modified_gmt":"2024-10-12T09:32:06","slug":"opcije-placanja","status":"publish","type":"page","link":"https:\/\/modenazlatibor.rs\/ru\/opcije-placanja\/","title":{"rendered":"Opcije pla\u0107anja"},"content":{"rendered":"<div data-elementor-type=\"wp-page\" data-elementor-id=\"3329\" class=\"elementor elementor-3329\">\n\t\t\t\t<div class=\"elementor-element elementor-element-16fe366d e-flex e-con-boxed e-con e-parent\" data-id=\"16fe366d\" data-element_type=\"container\" data-e-type=\"container\">\n\t\t\t\t\t<div class=\"e-con-inner\">\n\t\t<div class=\"elementor-element elementor-element-741fc61 e-con-full e-flex e-con e-child\" data-id=\"741fc61\" data-element_type=\"container\" data-e-type=\"container\" data-settings=\"{&quot;background_background&quot;:&quot;classic&quot;}\">\n\t\t<div class=\"elementor-element elementor-element-309ffab e-flex e-con-boxed e-con e-child\" data-id=\"309ffab\" data-element_type=\"container\" data-e-type=\"container\">\n\t\t\t\t\t<div class=\"e-con-inner\">\n\t\t\t\t<div class=\"elementor-element elementor-element-5fc2ff6 exad-sticky-section-no exad-glass-effect-no elementor-widget elementor-widget-heading\" data-id=\"5fc2ff6\" data-element_type=\"widget\" data-e-type=\"widget\" data-widget_type=\"heading.default\">\n\t\t\t\t<div class=\"elementor-widget-container\">\n\t\t\t\t\t<h1 class=\"elementor-heading-title elementor-size-default\">Opcije pla\u0107anja<\/h1>\t\t\t\t<\/div>\n\t\t\t\t<\/div>\n\t\t\t\t<div class=\"elementor-element elementor-element-8015161 exad-sticky-section-no exad-glass-effect-no elementor-widget elementor-widget-heading\" data-id=\"8015161\" data-element_type=\"widget\" data-e-type=\"widget\" data-widget_type=\"heading.default\">\n\t\t\t\t<div class=\"elementor-widget-container\">\n\t\t\t\t\t<h2 class=\"elementor-heading-title elementor-size-default\">\u0421 \u043d\u0430\u0448\u0438\u043c\u0438 \u043f\u0430\u0440\u0442\u043d\u0435\u0440\u0430\u043c\u0438 \u043b\u0435\u0433\u043a\u043e \u0434\u043e\u0441\u0442\u0438\u0447\u044c \u0441\u0432\u043e\u0435\u0439 \u0446\u0435\u043b\u0438<\/h2>\t\t\t\t<\/div>\n\t\t\t\t<\/div>\n\t\t\t\t\t<\/div>\n\t\t\t\t<\/div>\n\t\t\t\t<\/div>\n\t\t<div class=\"elementor-element elementor-element-320113c e-flex e-con-boxed e-con e-child\" data-id=\"320113c\" data-element_type=\"container\" data-e-type=\"container\">\n\t\t\t\t\t<div class=\"e-con-inner\">\n\t\t<div class=\"elementor-element elementor-element-edf84fa e-con-full e-flex e-con e-child\" data-id=\"edf84fa\" data-element_type=\"container\" data-e-type=\"container\" data-settings=\"{&quot;background_background&quot;:&quot;classic&quot;}\">\n\t\t<div class=\"elementor-element elementor-element-6be1385 e-con-full e-flex e-con e-child\" data-id=\"6be1385\" data-element_type=\"container\" data-e-type=\"container\" data-settings=\"{&quot;background_background&quot;:&quot;classic&quot;}\">\n\t\t\t\t<div class=\"elementor-element elementor-element-6fb9796 exad-sticky-section-no exad-glass-effect-no elementor-widget elementor-widget-heading\" data-id=\"6fb9796\" data-element_type=\"widget\" data-e-type=\"widget\" data-widget_type=\"heading.default\">\n\t\t\t\t<div class=\"elementor-widget-container\">\n\t\t\t\t\t<h2 class=\"elementor-heading-title elementor-size-default\">\u041d\u0430\u043b\u0438\u0447\u043d\u044b\u0435<\/h2>\t\t\t\t<\/div>\n\t\t\t\t<\/div>\n\t\t\t\t<div class=\"elementor-element elementor-element-28303ee exad-sticky-section-no exad-glass-effect-no elementor-widget elementor-widget-text-editor\" data-id=\"28303ee\" data-element_type=\"widget\" data-e-type=\"widget\" data-widget_type=\"text-editor.default\">\n\t\t\t\t<div class=\"elementor-widget-container\">\n\t\t\t\t\t\t\t\t\t<p>\u0427\u0442\u043e \u043a\u0430\u0441\u0430\u0435\u0442\u0441\u044f \u043e\u043f\u043b\u0430\u0442\u044b \u043d\u0435\u0434\u0432\u0438\u0436\u0438\u043c\u043e\u0441\u0442\u0438 \u043d\u0430\u043b\u0438\u0447\u043d\u044b\u043c\u0438, \u0442\u043e \u0432\u044b \u043c\u043e\u0436\u0435\u0442\u0435 \u043e\u043f\u043b\u0430\u0442\u0438\u0442\u044c \u0432\u0441\u044e \u0441\u0443\u043c\u043c\u0443 \u0441\u0440\u0430\u0437\u0443 \u0438\u043b\u0438 \u043f\u043e \u0437\u0430\u0440\u0430\u043d\u0435\u0435 \u043e\u0433\u043e\u0432\u043e\u0440\u0435\u043d\u043d\u043e\u0439 \u0434\u0438\u043d\u0430\u043c\u0438\u043a\u0435, \u0442.\u0435. \u0432 \u0440\u0430\u0441\u0441\u0440\u043e\u0447\u043a\u0443. \u0415\u0441\u043b\u0438 \u0432\u044b \u043f\u043e\u043a\u0443\u043f\u0430\u0435\u0442\u0435 \u0441\u0432\u043e\u044e \u043f\u0435\u0440\u0432\u0443\u044e \u043a\u0432\u0430\u0440\u0442\u0438\u0440\u0443, \u0443 \u0432\u0430\u0441 \u0435\u0441\u0442\u044c \u0432\u043e\u0437\u043c\u043e\u0436\u043d\u043e\u0441\u0442\u044c \u043f\u043e\u043b\u0443\u0447\u0438\u0442\u044c \u0432\u043e\u0437\u0432\u0440\u0430\u0442 \u043d\u0430\u043b\u043e\u0433\u0430 \u043d\u0430 \u0434\u043e\u0431\u0430\u0432\u043b\u0435\u043d\u043d\u0443\u044e \u0441\u0442\u043e\u0438\u043c\u043e\u0441\u0442\u044c (\u041d\u0414\u0421).<\/p>\t\t\t\t\t\t\t\t<\/div>\n\t\t\t\t<\/div>\n\t\t\t\t<\/div>\n\t\t<div class=\"elementor-element elementor-element-ede8162 e-con-full e-flex e-con e-child\" data-id=\"ede8162\" data-element_type=\"container\" data-e-type=\"container\" data-settings=\"{&quot;background_background&quot;:&quot;classic&quot;}\">\n\t\t\t\t<div class=\"elementor-element elementor-element-8fd40f5 exad-sticky-section-no exad-glass-effect-no elementor-widget elementor-widget-heading\" data-id=\"8fd40f5\" data-element_type=\"widget\" data-e-type=\"widget\" data-widget_type=\"heading.default\">\n\t\t\t\t<div class=\"elementor-widget-container\">\n\t\t\t\t\t<h2 class=\"elementor-heading-title elementor-size-default\">\u041a\u0440\u0435\u0434\u0438\u0442  <\/h2>\t\t\t\t<\/div>\n\t\t\t\t<\/div>\n\t\t<div class=\"elementor-element elementor-element-696b5dc e-con-full e-flex e-con e-child\" data-id=\"696b5dc\" data-element_type=\"container\" data-e-type=\"container\">\n\t\t\t\t<div class=\"elementor-element elementor-element-043744c exad-sticky-section-no exad-glass-effect-no elementor-widget elementor-widget-text-editor\" data-id=\"043744c\" data-element_type=\"widget\" data-e-type=\"widget\" data-widget_type=\"text-editor.default\">\n\t\t\t\t<div class=\"elementor-widget-container\">\n\t\t\t\t\t\t\t\t\t<p>\u041f\u043e\u0437\u0432\u043e\u043d\u0438\u0442\u0435 \u043d\u0430\u0448\u0435\u043c\u0443 \u043a\u043e\u043d\u0441\u0443\u043b\u044c\u0442\u0430\u043d\u0442\u0443, \u0447\u0442\u043e\u0431\u044b \u043f\u043e\u043b\u0443\u0447\u0438\u0442\u044c \u0432\u0441\u0435 \u043e\u0442\u0432\u0435\u0442\u044b \u043a\u0430\u043a \u043c\u043e\u0436\u043d\u043e \u0441\u043a\u043e\u0440\u0435\u0435.<\/p>\t\t\t\t\t\t\t\t<\/div>\n\t\t\t\t<\/div>\n\t\t\t\t<div class=\"elementor-element elementor-element-dfc9143 exad-sticky-section-no exad-glass-effect-no elementor-widget elementor-widget-text-editor\" data-id=\"dfc9143\" data-element_type=\"widget\" data-e-type=\"widget\" data-widget_type=\"text-editor.default\">\n\t\t\t\t<div class=\"elementor-widget-container\">\n\t\t\t\t\t\t\t\t\t<p>\u0423\u0447\u0438\u0442\u044b\u0432\u0430\u044f, \u0447\u0442\u043e \u0441\u0442\u0440\u043e\u0438\u0442\u0435\u043b\u044c\u0441\u0442\u0432\u043e \u043a\u043e\u043c\u043f\u043b\u0435\u043a\u0441\u0430 \u043a\u043e\u043d\u0442\u0440\u043e\u043b\u0438\u0440\u0443\u0435\u0442\u0441\u044f \u0431\u0430\u043d\u043a\u043e\u043c, \u043c\u044b \u0434\u0430\u043b\u0438 \u0432\u043e\u0437\u043c\u043e\u0436\u043d\u043e\u0441\u0442\u044c \u0431\u0443\u0434\u0443\u0449\u0438\u043c \u043a\u043b\u0438\u0435\u043d\u0442\u0430\u043c \u043f\u0440\u0438\u043e\u0431\u0440\u0435\u0442\u0430\u0442\u044c \u043a\u0432\u0430\u0440\u0442\u0438\u0440\u044b \u0437\u0430 \u0441\u0447\u0435\u0442 \u0436\u0438\u043b\u0438\u0449\u043d\u043e\u0433\u043e \u043a\u0440\u0435\u0434\u0438\u0442\u0430 \u0431\u0430\u043d\u043a\u0430, \u043d\u0435\u0437\u0430\u0432\u0438\u0441\u0438\u043c\u043e \u043e\u0442 \u0443\u0440\u043e\u0432\u043d\u044f \u0441\u0442\u0440\u043e\u0438\u0442\u0435\u043b\u044c\u0441\u0442\u0432\u0430 \u043f\u0440\u043e\u0435\u043a\u0442\u0430, \u043d\u0430 \u0431\u043e\u043b\u0435\u0435 \u0432\u044b\u0433\u043e\u0434\u043d\u044b\u0445 \u0443\u0441\u043b\u043e\u0432\u0438\u044f\u0445, \u0441 \u0443\u0436\u0435 \u043f\u0440\u0435\u0434\u043e\u0441\u0442\u0430\u0432\u043b\u0435\u043d\u043d\u043e\u0439 \u043f\u0440\u043e\u0435\u043a\u0442\u043d\u043e\u0439 \u0434\u043e\u043a\u0443\u043c\u0435\u043d\u0442\u0430\u0446\u0438\u0435\u0439.<\/p>\t\t\t\t\t\t\t\t<\/div>\n\t\t\t\t<\/div>\n\t\t\t\t<div class=\"elementor-element elementor-element-89df661 exad-sticky-section-no exad-glass-effect-no elementor-widget elementor-widget-text-editor\" data-id=\"89df661\" data-element_type=\"widget\" data-e-type=\"widget\" data-widget_type=\"text-editor.default\">\n\t\t\t\t<div class=\"elementor-widget-container\">\n\t\t\t\t\t\t\t\t\t<p>\u0412\u0441\u044f \u043d\u0435\u043e\u0431\u0445\u043e\u0434\u0438\u043c\u0430\u044f \u0434\u043e\u043a\u0443\u043c\u0435\u043d\u0442\u0430\u0446\u0438\u044f \u043d\u0430 \u043d\u0435\u0434\u0432\u0438\u0436\u0438\u043c\u043e\u0441\u0442\u044c \u0443\u0436\u0435 \u0435\u0441\u0442\u044c \u0432 \u0431\u0430\u043d\u043a\u0435 \u0438 \u0432\u0430\u043c \u043d\u0435 \u043f\u0440\u0438\u0434\u0435\u0442\u0441\u044f \u0441\u043e\u0431\u0438\u0440\u0430\u0442\u044c \u0435\u0435 \u0441\u0430\u043c\u043e\u0441\u0442\u043e\u044f\u0442\u0435\u043b\u044c\u043d\u043e, \u0432\u0441\u0435 \u0440\u0435\u0448\u0430\u0435\u0442 \u043f\u0440\u0438\u0445\u043e\u0434 \u0432 \u0431\u0430\u043d\u043a.\u00a0<\/p>\t\t\t\t\t\t\t\t<\/div>\n\t\t\t\t<\/div>\n\t\t\t\t<div class=\"elementor-element elementor-element-64ce29b exad-sticky-section-no exad-glass-effect-no elementor-widget elementor-widget-text-editor\" data-id=\"64ce29b\" data-element_type=\"widget\" data-e-type=\"widget\" data-widget_type=\"text-editor.default\">\n\t\t\t\t<div class=\"elementor-widget-container\">\n\t\t\t\t\t\t\t\t\t<p>Ako kupujete prvi stan, imate mogu\u0107nost da dobijete povra\u0107aj poreza na dodatu vrednost (PDV-a).<\/p>\t\t\t\t\t\t\t\t<\/div>\n\t\t\t\t<\/div>\n\t\t\t\t<div class=\"elementor-element elementor-element-ab19558 exad-sticky-section-no exad-glass-effect-no elementor-widget elementor-widget-text-editor\" data-id=\"ab19558\" data-element_type=\"widget\" data-e-type=\"widget\" data-widget_type=\"text-editor.default\">\n\t\t\t\t<div class=\"elementor-widget-container\">\n\t\t\t\t\t\t\t\t\t<p>Ukoliko razmi\u0161ljate o kupovini stana <a href=\"https:\/\/modenazlatibor.rs\/ru\/kontakt\/\">kontaktirajte na\u0161eg savetnika<\/a>!<\/p>\t\t\t\t\t\t\t\t<\/div>\n\t\t\t\t<\/div>\n\t\t\t\t<\/div>\n\t\t\t\t<\/div>\n\t\t\t\t<\/div>\n\t\t\t\t\t<\/div>\n\t\t\t\t<\/div>\n\t\t\t\t\t<\/div>\n\t\t\t\t<\/div>\n\t\t\t\t<\/div>","protected":false},"excerpt":{"rendered":"<p>Opcije pla\u0107anja Uz na\u0161e partnere lako do cilja Ke\u0161 Kada je u pitanju pla\u0107anje nekretnine gotovinom, iznos mo\u017eete isplatiti odjednom ili po unapred dogovorenoj dinamici tj ratama. Ukoliko kupujete prvi stan, imate mogu\u0107nost da dobijete povra\u0107aj poreza na dodatu vrednost (PDV-a). Kredit Pozovite na\u0161eg savetnika kako biste dobili sve odgovore u najkra\u0107em mogu\u0107em roku. S [&hellip;]<\/p>\n","protected":false},"author":5,"featured_media":0,"parent":0,"menu_order":0,"comment_status":"closed","ping_status":"closed","template":"page-portfolio.php","meta":{"footnotes":""},"class_list":["post-3329","page","type-page","status-publish","hentry"],"yoast_head":"<!-- This site is optimized with the Yoast SEO plugin v27.3 - https:\/\/yoast.com\/product\/yoast-seo-wordpress\/ -->\n<title>Opcije pla\u0107anja - Modena Zlatibor<\/title>\n<meta name=\"description\" content=\"Fleksibilno pla\u0107anje sa mogu\u0107no\u0161\u0107u povra\u0107aja PDV-a na kupovinu prvog stana. Sva dokumentacija ve\u0107 je u banci, bez dodatne papirologije za klijente.\" \/>\n<meta name=\"robots\" content=\"index, follow, max-snippet:-1, max-image-preview:large, max-video-preview:-1\" \/>\n<link rel=\"canonical\" href=\"https:\/\/modenazlatibor.rs\/ru\/opcije-placanja\/\" \/>\n<meta property=\"og:locale\" content=\"ru_RU\" \/>\n<meta property=\"og:type\" content=\"article\" \/>\n<meta property=\"og:title\" content=\"Opcije pla\u0107anja - Modena Zlatibor\" \/>\n<meta property=\"og:description\" content=\"Fleksibilno pla\u0107anje sa mogu\u0107no\u0161\u0107u povra\u0107aja PDV-a na kupovinu prvog stana. Sva dokumentacija ve\u0107 je u banci, bez dodatne papirologije za klijente.\" \/>\n<meta property=\"og:url\" content=\"https:\/\/modenazlatibor.rs\/ru\/opcije-placanja\/\" \/>\n<meta property=\"og:site_name\" content=\"Modena Zlatibor\" \/>\n<meta property=\"article:modified_time\" content=\"2024-10-12T09:32:06+00:00\" \/>\n<meta name=\"twitter:card\" content=\"summary_large_image\" \/>\n<meta name=\"twitter:label1\" content=\"\u041f\u0440\u0438\u043c\u0435\u0440\u043d\u043e\u0435 \u0432\u0440\u0435\u043c\u044f \u0434\u043b\u044f \u0447\u0442\u0435\u043d\u0438\u044f\" \/>\n\t<meta name=\"twitter:data1\" content=\"3 \u043c\u0438\u043d\u0443\u0442\u044b\" \/>\n<script type=\"application\/ld+json\" class=\"yoast-schema-graph\">{\"@context\":\"https:\\\/\\\/schema.org\",\"@graph\":[{\"@type\":\"WebPage\",\"@id\":\"https:\\\/\\\/modenazlatibor.rs\\\/opcije-placanja\\\/\",\"url\":\"https:\\\/\\\/modenazlatibor.rs\\\/opcije-placanja\\\/\",\"name\":\"Opcije pla\u0107anja - Modena Zlatibor\",\"isPartOf\":{\"@id\":\"https:\\\/\\\/modenazlatibor.rs\\\/#website\"},\"datePublished\":\"2024-09-08T23:57:30+00:00\",\"dateModified\":\"2024-10-12T09:32:06+00:00\",\"description\":\"Fleksibilno pla\u0107anje sa mogu\u0107no\u0161\u0107u povra\u0107aja PDV-a na kupovinu prvog stana. Sva dokumentacija ve\u0107 je u banci, bez dodatne papirologije za klijente.\",\"breadcrumb\":{\"@id\":\"https:\\\/\\\/modenazlatibor.rs\\\/opcije-placanja\\\/#breadcrumb\"},\"inLanguage\":\"ru-RU\",\"potentialAction\":[{\"@type\":\"ReadAction\",\"target\":[\"https:\\\/\\\/modenazlatibor.rs\\\/opcije-placanja\\\/\"]}]},{\"@type\":\"BreadcrumbList\",\"@id\":\"https:\\\/\\\/modenazlatibor.rs\\\/opcije-placanja\\\/#breadcrumb\",\"itemListElement\":[{\"@type\":\"ListItem\",\"position\":1,\"name\":\"Modena Zlatibor Resort\",\"item\":\"https:\\\/\\\/modenazlatibor.rs\\\/\"},{\"@type\":\"ListItem\",\"position\":2,\"name\":\"Opcije pla\u0107anja\"}]},{\"@type\":\"WebSite\",\"@id\":\"https:\\\/\\\/modenazlatibor.rs\\\/#website\",\"url\":\"https:\\\/\\\/modenazlatibor.rs\\\/\",\"name\":\"Modena Zlatibor\",\"description\":\"\",\"publisher\":{\"@id\":\"https:\\\/\\\/modenazlatibor.rs\\\/#organization\"},\"potentialAction\":[{\"@type\":\"SearchAction\",\"target\":{\"@type\":\"EntryPoint\",\"urlTemplate\":\"https:\\\/\\\/modenazlatibor.rs\\\/?s={search_term_string}\"},\"query-input\":{\"@type\":\"PropertyValueSpecification\",\"valueRequired\":true,\"valueName\":\"search_term_string\"}}],\"inLanguage\":\"ru-RU\"},{\"@type\":\"Organization\",\"@id\":\"https:\\\/\\\/modenazlatibor.rs\\\/#organization\",\"name\":\"Modena Zlatibor\",\"url\":\"https:\\\/\\\/modenazlatibor.rs\\\/\",\"logo\":{\"@type\":\"ImageObject\",\"inLanguage\":\"ru-RU\",\"@id\":\"https:\\\/\\\/modenazlatibor.rs\\\/#\\\/schema\\\/logo\\\/image\\\/\",\"url\":\"https:\\\/\\\/modenazlatibor.rs\\\/wp-content\\\/uploads\\\/2021\\\/12\\\/cropped-MODENA-ZLATIBOR-LOGO-NOVO-NO-BG.png\",\"contentUrl\":\"https:\\\/\\\/modenazlatibor.rs\\\/wp-content\\\/uploads\\\/2021\\\/12\\\/cropped-MODENA-ZLATIBOR-LOGO-NOVO-NO-BG.png\",\"width\":512,\"height\":512,\"caption\":\"Modena Zlatibor\"},\"image\":{\"@id\":\"https:\\\/\\\/modenazlatibor.rs\\\/#\\\/schema\\\/logo\\\/image\\\/\"}}]}<\/script>\n<!-- \/ Yoast SEO plugin. -->","yoast_head_json":{"title":"Opcije pla\u0107anja - Modena Zlatibor","description":"Fleksibilno pla\u0107anje sa mogu\u0107no\u0161\u0107u povra\u0107aja PDV-a na kupovinu prvog stana. Sva dokumentacija ve\u0107 je u banci, bez dodatne papirologije za klijente.","robots":{"index":"index","follow":"follow","max-snippet":"max-snippet:-1","max-image-preview":"max-image-preview:large","max-video-preview":"max-video-preview:-1"},"canonical":"https:\/\/modenazlatibor.rs\/ru\/opcije-placanja\/","og_locale":"ru_RU","og_type":"article","og_title":"Opcije pla\u0107anja - Modena Zlatibor","og_description":"Fleksibilno pla\u0107anje sa mogu\u0107no\u0161\u0107u povra\u0107aja PDV-a na kupovinu prvog stana. Sva dokumentacija ve\u0107 je u banci, bez dodatne papirologije za klijente.","og_url":"https:\/\/modenazlatibor.rs\/ru\/opcije-placanja\/","og_site_name":"Modena Zlatibor","article_modified_time":"2024-10-12T09:32:06+00:00","twitter_card":"summary_large_image","twitter_misc":{"\u041f\u0440\u0438\u043c\u0435\u0440\u043d\u043e\u0435 \u0432\u0440\u0435\u043c\u044f \u0434\u043b\u044f \u0447\u0442\u0435\u043d\u0438\u044f":"3 \u043c\u0438\u043d\u0443\u0442\u044b"},"schema":{"@context":"https:\/\/schema.org","@graph":[{"@type":"WebPage","@id":"https:\/\/modenazlatibor.rs\/opcije-placanja\/","url":"https:\/\/modenazlatibor.rs\/opcije-placanja\/","name":"Opcije pla\u0107anja - Modena Zlatibor","isPartOf":{"@id":"https:\/\/modenazlatibor.rs\/#website"},"datePublished":"2024-09-08T23:57:30+00:00","dateModified":"2024-10-12T09:32:06+00:00","description":"Fleksibilno pla\u0107anje sa mogu\u0107no\u0161\u0107u povra\u0107aja PDV-a na kupovinu prvog stana. Sva dokumentacija ve\u0107 je u banci, bez dodatne papirologije za klijente.","breadcrumb":{"@id":"https:\/\/modenazlatibor.rs\/opcije-placanja\/#breadcrumb"},"inLanguage":"ru-RU","potentialAction":[{"@type":"ReadAction","target":["https:\/\/modenazlatibor.rs\/opcije-placanja\/"]}]},{"@type":"BreadcrumbList","@id":"https:\/\/modenazlatibor.rs\/opcije-placanja\/#breadcrumb","itemListElement":[{"@type":"ListItem","position":1,"name":"Modena Zlatibor Resort","item":"https:\/\/modenazlatibor.rs\/"},{"@type":"ListItem","position":2,"name":"Opcije pla\u0107anja"}]},{"@type":"WebSite","@id":"https:\/\/modenazlatibor.rs\/#website","url":"https:\/\/modenazlatibor.rs\/","name":"Modena Zlatibor","description":"","publisher":{"@id":"https:\/\/modenazlatibor.rs\/#organization"},"potentialAction":[{"@type":"SearchAction","target":{"@type":"EntryPoint","urlTemplate":"https:\/\/modenazlatibor.rs\/?s={search_term_string}"},"query-input":{"@type":"PropertyValueSpecification","valueRequired":true,"valueName":"search_term_string"}}],"inLanguage":"ru-RU"},{"@type":"Organization","@id":"https:\/\/modenazlatibor.rs\/#organization","name":"Modena Zlatibor","url":"https:\/\/modenazlatibor.rs\/","logo":{"@type":"ImageObject","inLanguage":"ru-RU","@id":"https:\/\/modenazlatibor.rs\/#\/schema\/logo\/image\/","url":"https:\/\/modenazlatibor.rs\/wp-content\/uploads\/2021\/12\/cropped-MODENA-ZLATIBOR-LOGO-NOVO-NO-BG.png","contentUrl":"https:\/\/modenazlatibor.rs\/wp-content\/uploads\/2021\/12\/cropped-MODENA-ZLATIBOR-LOGO-NOVO-NO-BG.png","width":512,"height":512,"caption":"Modena Zlatibor"},"image":{"@id":"https:\/\/modenazlatibor.rs\/#\/schema\/logo\/image\/"}}]}},"_links":{"self":[{"href":"https:\/\/modenazlatibor.rs\/ru\/wp-json\/wp\/v2\/pages\/3329","targetHints":{"allow":["GET"]}}],"collection":[{"href":"https:\/\/modenazlatibor.rs\/ru\/wp-json\/wp\/v2\/pages"}],"about":[{"href":"https:\/\/modenazlatibor.rs\/ru\/wp-json\/wp\/v2\/types\/page"}],"author":[{"embeddable":true,"href":"https:\/\/modenazlatibor.rs\/ru\/wp-json\/wp\/v2\/users\/5"}],"replies":[{"embeddable":true,"href":"https:\/\/modenazlatibor.rs\/ru\/wp-json\/wp\/v2\/comments?post=3329"}],"version-history":[{"count":27,"href":"https:\/\/modenazlatibor.rs\/ru\/wp-json\/wp\/v2\/pages\/3329\/revisions"}],"predecessor-version":[{"id":3607,"href":"https:\/\/modenazlatibor.rs\/ru\/wp-json\/wp\/v2\/pages\/3329\/revisions\/3607"}],"wp:attachment":[{"href":"https:\/\/modenazlatibor.rs\/ru\/wp-json\/wp\/v2\/media?parent=3329"}],"curies":[{"name":"wp","href":"https:\/\/api.w.org\/{rel}","templated":true}]}}