{"id":3298,"date":"2024-09-08T23:17:59","date_gmt":"2024-09-08T22:17:59","guid":{"rendered":"https:\/\/modenazlatibor.rs\/?page_id=3298"},"modified":"2024-09-12T08:37:04","modified_gmt":"2024-09-12T07:37:04","slug":"investitor","status":"publish","type":"page","link":"https:\/\/modenazlatibor.rs\/ru\/investitor\/","title":{"rendered":"\u0418\u043d\u0432\u0435\u0441\u0442\u043e\u0440"},"content":{"rendered":"<div data-elementor-type=\"wp-page\" data-elementor-id=\"3298\" class=\"elementor elementor-3298\">\n\t\t\t\t<div class=\"elementor-element elementor-element-16fe366d e-flex e-con-boxed e-con e-parent\" data-id=\"16fe366d\" data-element_type=\"container\" data-e-type=\"container\">\n\t\t\t\t\t<div class=\"e-con-inner\">\n\t\t<div class=\"elementor-element elementor-element-741fc61 e-con-full e-flex e-con e-child\" data-id=\"741fc61\" data-element_type=\"container\" data-e-type=\"container\" data-settings=\"{&quot;background_background&quot;:&quot;classic&quot;}\">\n\t\t<div class=\"elementor-element elementor-element-309ffab e-flex e-con-boxed e-con e-child\" data-id=\"309ffab\" data-element_type=\"container\" data-e-type=\"container\">\n\t\t\t\t\t<div class=\"e-con-inner\">\n\t\t\t\t<div class=\"elementor-element elementor-element-5fc2ff6 exad-sticky-section-no exad-glass-effect-no elementor-widget elementor-widget-heading\" data-id=\"5fc2ff6\" data-element_type=\"widget\" data-e-type=\"widget\" data-widget_type=\"heading.default\">\n\t\t\t\t<div class=\"elementor-widget-container\">\n\t\t\t\t\t<h1 class=\"elementor-heading-title elementor-size-default translation-block\"><em>\u041c\u043e\u0434\u0435\u043d\u0430<\/em> \u0421\u0442\u0440\u043e\u0438\u0442\u0435\u043b\u044c\u0441\u0442\u0432\u043e<\/h1>\t\t\t\t<\/div>\n\t\t\t\t<\/div>\n\t\t\t\t<div class=\"elementor-element elementor-element-8015161 exad-sticky-section-no exad-glass-effect-no elementor-widget elementor-widget-heading\" data-id=\"8015161\" data-element_type=\"widget\" data-e-type=\"widget\" data-widget_type=\"heading.default\">\n\t\t\t\t<div class=\"elementor-widget-container\">\n\t\t\t\t\t<h2 class=\"elementor-heading-title elementor-size-default\">\u0420\u0435\u043f\u0443\u0442\u0430\u0446\u0438\u044f \u043f\u0440\u0435\u0432\u043e\u0441\u0445\u043e\u0434\u0441\u0442\u0432\u0430<\/h2>\t\t\t\t<\/div>\n\t\t\t\t<\/div>\n\t\t\t\t\t<\/div>\n\t\t\t\t<\/div>\n\t\t\t\t<\/div>\n\t\t<div class=\"elementor-element elementor-element-320113c e-flex e-con-boxed e-con e-child\" data-id=\"320113c\" data-element_type=\"container\" data-e-type=\"container\">\n\t\t\t\t\t<div class=\"e-con-inner\">\n\t\t<div class=\"elementor-element elementor-element-edf84fa e-con-full e-flex e-con e-child\" data-id=\"edf84fa\" data-element_type=\"container\" data-e-type=\"container\">\n\t\t\t\t<div class=\"elementor-element elementor-element-3d17b97 exad-sticky-section-no exad-glass-effect-no elementor-widget elementor-widget-heading\" data-id=\"3d17b97\" data-element_type=\"widget\" data-e-type=\"widget\" data-widget_type=\"heading.default\">\n\t\t\t\t<div class=\"elementor-widget-container\">\n\t\t\t\t\t<h2 class=\"elementor-heading-title elementor-size-default\">\u0418\u043d\u0432\u0435\u0441\u0442\u043e\u0440<\/h2>\t\t\t\t<\/div>\n\t\t\t\t<\/div>\n\t\t<div class=\"elementor-element elementor-element-f5ed447 e-con-full e-flex e-con e-child\" data-id=\"f5ed447\" data-element_type=\"container\" data-e-type=\"container\">\n\t\t\t\t<div class=\"elementor-element elementor-element-f41a0d8 exad-sticky-section-no exad-glass-effect-no elementor-widget elementor-widget-text-editor\" data-id=\"f41a0d8\" data-element_type=\"widget\" data-e-type=\"widget\" data-widget_type=\"text-editor.default\">\n\t\t\t\t<div class=\"elementor-widget-container\">\n\t\t\t\t\t\t\t\t\t<div class=\"vc_row wpb_row vc_inner vc_row-fluid vc_custom_1584806111490\"><div class=\"wpb_column vc_column_container vc_col-sm-12\"><div class=\"vc_column-inner\"><div class=\"wpb_wrapper\"><div class=\"about-content wow fadeInUp\"><p>Po\u0161tovani, dobrodo\u0161li na na\u0161u zvani\u010dnu prezentaciju kompleksa \u201cModena Zlatibor Resort\u201d. Mi smo\u00a0<a href=\"https:\/\/www.modenagradnja.com\/\" target=\"_blank\" rel=\"noopener\"><strong>Modena Gradnja<\/strong><\/a>, glavni investitor ovog projekta. Bavimo se izgradnjom stambeno poslovnih objekata ve\u0107 du\u017ee od osamnaest godina, u Srbiji i Crnoj Gori. Za nas \u0107ete najvi\u0161e \u010duti u Novom Sadu, gde smo prepoznatljivi po visokom kvalitetu gradnje, atraktivnim lokacijama, ispo\u0161tovanim rokovima i posve\u0107enosti radu. Ovog puta smo odlu\u010dili da misiju na\u0161e kompanije, bolji kvalitet \u017eivota, zaista prenesemo na slede\u0107i nivo, ili na \u00a0<strong>nadmorsku visinu<\/strong>\u00a0od<strong>\u00a01056m<\/strong>.<\/p><\/div><\/div><\/div><\/div><\/div>\t\t\t\t\t\t\t\t<\/div>\n\t\t\t\t<\/div>\n\t\t\t\t<div class=\"elementor-element elementor-element-745c39f exad-sticky-section-no exad-glass-effect-no elementor-widget elementor-widget-text-editor\" data-id=\"745c39f\" data-element_type=\"widget\" data-e-type=\"widget\" data-widget_type=\"text-editor.default\">\n\t\t\t\t<div class=\"elementor-widget-container\">\n\t\t\t\t\t\t\t\t\t<div class=\"vc_row wpb_row vc_inner vc_row-fluid vc_custom_1584806111490\"><div class=\"wpb_column vc_column_container vc_col-sm-12\"><div class=\"vc_column-inner\"><div class=\"wpb_wrapper\"><div class=\"about-content wow fadeInUp\"><p>Stabilno dugogodi\u0161nje poslovanje kompanije Modena Gradnja d.o.o. i vrednost Modena Zlatibor Resort projekta, prepoznala je i\u00a0<strong><a href=\"https:\/\/modenazlatibor.rs\/ru\/\" target=\"_blank\" rel=\"noopener\">NLB Komercijalna Banka<\/a><\/strong>, koja se uklju\u010dila kao partner u projektnom finansiranju.<\/p><\/div><\/div><\/div><\/div><\/div>\t\t\t\t\t\t\t\t<\/div>\n\t\t\t\t<\/div>\n\t\t\t\t<div class=\"elementor-element elementor-element-f57da25 exad-sticky-section-no exad-glass-effect-no elementor-widget elementor-widget-text-editor\" data-id=\"f57da25\" data-element_type=\"widget\" data-e-type=\"widget\" data-widget_type=\"text-editor.default\">\n\t\t\t\t<div class=\"elementor-widget-container\">\n\t\t\t\t\t\t\t\t\t<div class=\"vc_row wpb_row vc_inner vc_row-fluid vc_custom_1584806111490\"><div class=\"wpb_column vc_column_container vc_col-sm-12\"><div class=\"vc_column-inner\"><div class=\"wpb_wrapper\"><div class=\"about-content wow fadeInUp\"><p>\u041f\u043e\u043c\u0438\u043c\u043e \u0442\u043e\u0433\u043e, \u0447\u0442\u043e \u0431\u043b\u0430\u0433\u043e\u0434\u0430\u0440\u044f \u044d\u0442\u043e\u043c\u0443 \u043f\u0430\u0440\u0442\u043d\u0435\u0440\u0441\u0442\u0432\u0443 \u043c\u044b \u043f\u043e\u043b\u043d\u043e\u0441\u0442\u044c\u044e \u043e\u0431\u0435\u0441\u043f\u0435\u0447\u0438\u043b\u0438 \u0444\u0438\u043d\u0430\u043d\u0441\u043e\u0432\u043e\u0435 \u0441\u0442\u0440\u043e\u0438\u0442\u0435\u043b\u044c\u0441\u0442\u0432\u043e \u043f\u0440\u043e\u0435\u043a\u0442\u0430 \u0434\u043e \u043f\u043e\u0441\u043b\u0435\u0434\u043d\u0435\u0433\u043e \u0433\u0432\u043e\u0437\u0434\u044f \u0438\u043b\u0438 \u0448\u0443\u0440\u0443\u043f\u0430, \u043c\u044b \u0434\u0430\u043b\u0438 \u0432\u043e\u0437\u043c\u043e\u0436\u043d\u043e\u0441\u0442\u044c \u043d\u0430\u0448\u0438\u043c \u043a\u043b\u0438\u0435\u043d\u0442\u0430\u043c \u043f\u043e\u043a\u0443\u043f\u0430\u0442\u044c \u043a\u0432\u0430\u0440\u0442\u0438\u0440\u044b \u0447\u0435\u0440\u0435\u0437 \u0431\u0430\u043d\u043a\u043e\u0432\u0441\u043a\u0438\u0439 \u043a\u0440\u0435\u0434\u0438\u0442, \u0443\u0436\u0435 \u043d\u0430 \u043f\u0435\u0440\u0432\u043e\u0439 \u0444\u0430\u0437\u0435 \u0441\u0442\u0440\u043e\u0438\u0442\u0435\u043b\u044c\u0441\u0442\u0432\u0430.<\/p><\/div><\/div><\/div><\/div><\/div>\t\t\t\t\t\t\t\t<\/div>\n\t\t\t\t<\/div>\n\t\t\t\t<\/div>\n\t\t\t\t<\/div>\n\t\t\t\t<div class=\"elementor-element elementor-element-068ff71 exad-sticky-section-no exad-glass-effect-no elementor-widget elementor-widget-shortcode\" data-id=\"068ff71\" data-element_type=\"widget\" data-e-type=\"widget\" data-widget_type=\"shortcode.default\">\n\t\t\t\t<div class=\"elementor-widget-container\">\n\t\t\t\t\t\t\t<div class=\"elementor-shortcode\"><section  class=\"content-section\" ><div class=\"container\"><div class=\"vc_row wpb_row vc_row-fluid vc_custom_1644257231524\"><div class=\"wpb_column vc_column_container vc_col-sm-12\"><div class=\"vc_column-inner\"><div class=\"wpb_wrapper\"><div class=\"vc_row wpb_row vc_inner vc_row-fluid vc_custom_1584806164911\"><div class=\"wpb_column vc_column_container vc_col-sm-3\"><div class=\"vc_column-inner\"><div class=\"wpb_wrapper\">\n\t  \t<div class=\"icon-counter\" >\n\t\t   \n \t\t\t<figure>\n\t\t   \t\t<img decoding=\"async\" src=\"https:\/\/modenazlatibor.rs\/wp-content\/uploads\/2020\/03\/icon-benefits03.png\" alt=\"Godina iskustva\">\n\t\t\t\t<\/figure>\n          \n\t\t\t\n\t\t\t\t\t\t\n\t\t\t<h6>\u0413\u043e\u0434\u044b \u043e\u043f\u044b\u0442\u0430<\/h6>\n\t\t \t\t\t\n\t\t\t          \t\t<span class=\"odometer\" data-count=\"15\" data-status=\"yes\">0<\/span>\n \t \t\t\t\t\t\t\t\t\t\t\t\n\t\t\t\n\t\t\t\n\t\t   \t\t\t<\/div>\n\n\t\t\n\t\t<\/div><\/div><\/div><div class=\"wpb_column vc_column_container vc_col-sm-3\"><div class=\"vc_column-inner\"><div class=\"wpb_wrapper\">\n\t  \t<div class=\"icon-counter\" >\n\t\t   \n \t\t\t<figure>\n\t\t   \t\t<img decoding=\"async\" src=\"https:\/\/modenazlatibor.rs\/wp-content\/uploads\/2020\/03\/icon-benefits05.png\" alt=\"Izgradjenih objekata\">\n\t\t\t\t<\/figure>\n          \n\t\t\t\n\t\t\t\t\t\t\n\t\t\t<h6>\u043f\u043e\u0441\u0442\u0440\u043e\u0435\u043d\u043d\u044b\u0435 \u0437\u0434\u0430\u043d\u0438\u044f<\/h6>\n\t\t \t\t\t\n\t\t\t          \t\t<span class=\"odometer\" data-count=\"13\" data-status=\"yes\">0<\/span>\n \t \t\t\t\t\t\t\t\t\t\t\t\n\t\t\t\n\t\t\t\n\t\t   \t\t\t<\/div>\n\n\t\t\n\t\t<\/div><\/div><\/div><div class=\"wpb_column vc_column_container vc_col-sm-3\"><div class=\"vc_column-inner\"><div class=\"wpb_wrapper\">\n\t  \t<div class=\"icon-counter\" >\n\t\t   \n \t\t\t<figure>\n\t\t   \t\t<img decoding=\"async\" src=\"https:\/\/modenazlatibor.rs\/wp-content\/uploads\/2022\/02\/icon-m2.png\" alt=\"Izgradjenih m\u00b2\">\n\t\t\t\t<\/figure>\n          \n\t\t\t\n\t\t\t\t\t\t\n\t\t\t<h6>\u0431\u043e\u043b\u0435\u0435 \u043c2<\/h6>\n\t\t \t\t\t\n\t\t\t          \t\t<span class=\"odometer\" data-count=\"46890\" data-status=\"yes\">0<\/span>\n \t \t\t\t\t\t\t\t\t\t\t\t\n\t\t\t\n\t\t\t\n\t\t   \t\t\t<\/div>\n\n\t\t\n\t\t<\/div><\/div><\/div><div class=\"wpb_column vc_column_container vc_col-sm-3\"><div class=\"vc_column-inner\"><div class=\"wpb_wrapper\">\n\t  \t<div class=\"icon-counter\" >\n\t\t   \n \t\t\t<figure>\n\t\t   \t\t<img decoding=\"async\" src=\"https:\/\/modenazlatibor.rs\/wp-content\/uploads\/2020\/03\/icon-benefits04.png\" alt=\"Aktivnih gradili\u0161ta\">\n\t\t\t\t<\/figure>\n          \n\t\t\t\n\t\t\t\t\t\t\n\t\t\t<h6>\u0441\u043b\u043e\u0436\u043d\u044b\u0439 \u0442\u043e\u043a \u0432 \u0441\u0442\u0440\u043e\u0438\u0442\u0435\u043b\u044c\u0441\u0442\u0432\u0435<\/h6>\n\t\t \t\t\t\n\t\t\t          \t\t<span class=\"odometer\" data-count=\"4\" data-status=\"yes\">0<\/span>\n \t \t\t\t\t\t\t\t\t\t\t\t\n\t\t\t\n\t\t\t\n\t\t   \t\t\t<\/div>\n\n\t\t\n\t\t<\/div><\/div><\/div><\/div><\/div><\/div><\/div><\/div><\/div><\/section><\/div>\n\t\t\t\t\t\t<\/div>\n\t\t\t\t<\/div>\n\t\t\t\t\t<\/div>\n\t\t\t\t<\/div>\n\t\t\t\t\t<\/div>\n\t\t\t\t<\/div>\n\t\t\t\t<\/div>","protected":false},"excerpt":{"rendered":"<p>Modena Gradnja Investiraj u budu\u0107nost Investitor Po\u0161tovani, dobrodo\u0161li na na\u0161u zvani\u010dnu prezentaciju kompleksa \u201cModena Zlatibor Resort\u201d. Mi smo\u00a0Modena Gradnja, glavni investitor ovog projekta. Bavimo se izgradnjom stambeno poslovnih objekata ve\u0107 du\u017ee od osamnaest godina, u Srbiji i Crnoj Gori. Za nas \u0107ete najvi\u0161e \u010duti u Novom Sadu, gde smo prepoznatljivi po visokom kvalitetu gradnje, atraktivnim [&hellip;]<\/p>\n","protected":false},"author":5,"featured_media":0,"parent":0,"menu_order":0,"comment_status":"closed","ping_status":"closed","template":"page-portfolio.php","meta":{"footnotes":""},"class_list":["post-3298","page","type-page","status-publish","hentry"],"yoast_head":"<!-- This site is optimized with the Yoast SEO plugin v27.3 - https:\/\/yoast.com\/product\/yoast-seo-wordpress\/ -->\n<title>Investitor - Modena Zlatibor<\/title>\n<meta name=\"description\" content=\"Modena gradnja d.o.o ve\u0107 18 godina bavi se izgradnjom stambeno poslovnih objekata, ovog puta je glavni investitor projekta Modena Zlatibor Resort.\" \/>\n<meta name=\"robots\" content=\"index, follow, max-snippet:-1, max-image-preview:large, max-video-preview:-1\" \/>\n<link rel=\"canonical\" href=\"https:\/\/modenazlatibor.rs\/ru\/investitor\/\" \/>\n<meta property=\"og:locale\" content=\"ru_RU\" \/>\n<meta property=\"og:type\" content=\"article\" \/>\n<meta property=\"og:title\" content=\"Investitor - Modena Zlatibor\" \/>\n<meta property=\"og:description\" content=\"Modena gradnja d.o.o ve\u0107 18 godina bavi se izgradnjom stambeno poslovnih objekata, ovog puta je glavni investitor projekta Modena Zlatibor Resort.\" \/>\n<meta property=\"og:url\" content=\"https:\/\/modenazlatibor.rs\/ru\/investitor\/\" \/>\n<meta property=\"og:site_name\" content=\"Modena Zlatibor\" \/>\n<meta property=\"article:modified_time\" content=\"2024-09-12T07:37:04+00:00\" \/>\n<meta name=\"twitter:card\" content=\"summary_large_image\" \/>\n<meta name=\"twitter:label1\" content=\"\u041f\u0440\u0438\u043c\u0435\u0440\u043d\u043e\u0435 \u0432\u0440\u0435\u043c\u044f \u0434\u043b\u044f \u0447\u0442\u0435\u043d\u0438\u044f\" \/>\n\t<meta name=\"twitter:data1\" content=\"3 \u043c\u0438\u043d\u0443\u0442\u044b\" \/>\n<script type=\"application\/ld+json\" class=\"yoast-schema-graph\">{\"@context\":\"https:\\\/\\\/schema.org\",\"@graph\":[{\"@type\":\"WebPage\",\"@id\":\"https:\\\/\\\/modenazlatibor.rs\\\/investitor\\\/\",\"url\":\"https:\\\/\\\/modenazlatibor.rs\\\/investitor\\\/\",\"name\":\"Investitor - Modena Zlatibor\",\"isPartOf\":{\"@id\":\"https:\\\/\\\/modenazlatibor.rs\\\/#website\"},\"datePublished\":\"2024-09-08T22:17:59+00:00\",\"dateModified\":\"2024-09-12T07:37:04+00:00\",\"description\":\"Modena gradnja d.o.o ve\u0107 18 godina bavi se izgradnjom stambeno poslovnih objekata, ovog puta je glavni investitor projekta Modena Zlatibor Resort.\",\"breadcrumb\":{\"@id\":\"https:\\\/\\\/modenazlatibor.rs\\\/investitor\\\/#breadcrumb\"},\"inLanguage\":\"ru-RU\",\"potentialAction\":[{\"@type\":\"ReadAction\",\"target\":[\"https:\\\/\\\/modenazlatibor.rs\\\/investitor\\\/\"]}]},{\"@type\":\"BreadcrumbList\",\"@id\":\"https:\\\/\\\/modenazlatibor.rs\\\/investitor\\\/#breadcrumb\",\"itemListElement\":[{\"@type\":\"ListItem\",\"position\":1,\"name\":\"Modena Zlatibor Resort\",\"item\":\"https:\\\/\\\/modenazlatibor.rs\\\/\"},{\"@type\":\"ListItem\",\"position\":2,\"name\":\"Investitor\"}]},{\"@type\":\"WebSite\",\"@id\":\"https:\\\/\\\/modenazlatibor.rs\\\/#website\",\"url\":\"https:\\\/\\\/modenazlatibor.rs\\\/\",\"name\":\"Modena Zlatibor\",\"description\":\"\",\"publisher\":{\"@id\":\"https:\\\/\\\/modenazlatibor.rs\\\/#organization\"},\"potentialAction\":[{\"@type\":\"SearchAction\",\"target\":{\"@type\":\"EntryPoint\",\"urlTemplate\":\"https:\\\/\\\/modenazlatibor.rs\\\/?s={search_term_string}\"},\"query-input\":{\"@type\":\"PropertyValueSpecification\",\"valueRequired\":true,\"valueName\":\"search_term_string\"}}],\"inLanguage\":\"ru-RU\"},{\"@type\":\"Organization\",\"@id\":\"https:\\\/\\\/modenazlatibor.rs\\\/#organization\",\"name\":\"Modena Zlatibor\",\"url\":\"https:\\\/\\\/modenazlatibor.rs\\\/\",\"logo\":{\"@type\":\"ImageObject\",\"inLanguage\":\"ru-RU\",\"@id\":\"https:\\\/\\\/modenazlatibor.rs\\\/#\\\/schema\\\/logo\\\/image\\\/\",\"url\":\"https:\\\/\\\/modenazlatibor.rs\\\/wp-content\\\/uploads\\\/2021\\\/12\\\/cropped-MODENA-ZLATIBOR-LOGO-NOVO-NO-BG.png\",\"contentUrl\":\"https:\\\/\\\/modenazlatibor.rs\\\/wp-content\\\/uploads\\\/2021\\\/12\\\/cropped-MODENA-ZLATIBOR-LOGO-NOVO-NO-BG.png\",\"width\":512,\"height\":512,\"caption\":\"Modena Zlatibor\"},\"image\":{\"@id\":\"https:\\\/\\\/modenazlatibor.rs\\\/#\\\/schema\\\/logo\\\/image\\\/\"}}]}<\/script>\n<!-- \/ Yoast SEO plugin. -->","yoast_head_json":{"title":"Investitor - Modena Zlatibor","description":"Modena gradnja d.o.o ve\u0107 18 godina bavi se izgradnjom stambeno poslovnih objekata, ovog puta je glavni investitor projekta Modena Zlatibor Resort.","robots":{"index":"index","follow":"follow","max-snippet":"max-snippet:-1","max-image-preview":"max-image-preview:large","max-video-preview":"max-video-preview:-1"},"canonical":"https:\/\/modenazlatibor.rs\/ru\/investitor\/","og_locale":"ru_RU","og_type":"article","og_title":"Investitor - Modena Zlatibor","og_description":"Modena gradnja d.o.o ve\u0107 18 godina bavi se izgradnjom stambeno poslovnih objekata, ovog puta je glavni investitor projekta Modena Zlatibor Resort.","og_url":"https:\/\/modenazlatibor.rs\/ru\/investitor\/","og_site_name":"Modena Zlatibor","article_modified_time":"2024-09-12T07:37:04+00:00","twitter_card":"summary_large_image","twitter_misc":{"\u041f\u0440\u0438\u043c\u0435\u0440\u043d\u043e\u0435 \u0432\u0440\u0435\u043c\u044f \u0434\u043b\u044f \u0447\u0442\u0435\u043d\u0438\u044f":"3 \u043c\u0438\u043d\u0443\u0442\u044b"},"schema":{"@context":"https:\/\/schema.org","@graph":[{"@type":"WebPage","@id":"https:\/\/modenazlatibor.rs\/investitor\/","url":"https:\/\/modenazlatibor.rs\/investitor\/","name":"Investitor - Modena Zlatibor","isPartOf":{"@id":"https:\/\/modenazlatibor.rs\/#website"},"datePublished":"2024-09-08T22:17:59+00:00","dateModified":"2024-09-12T07:37:04+00:00","description":"Modena gradnja d.o.o ve\u0107 18 godina bavi se izgradnjom stambeno poslovnih objekata, ovog puta je glavni investitor projekta Modena Zlatibor Resort.","breadcrumb":{"@id":"https:\/\/modenazlatibor.rs\/investitor\/#breadcrumb"},"inLanguage":"ru-RU","potentialAction":[{"@type":"ReadAction","target":["https:\/\/modenazlatibor.rs\/investitor\/"]}]},{"@type":"BreadcrumbList","@id":"https:\/\/modenazlatibor.rs\/investitor\/#breadcrumb","itemListElement":[{"@type":"ListItem","position":1,"name":"Modena Zlatibor Resort","item":"https:\/\/modenazlatibor.rs\/"},{"@type":"ListItem","position":2,"name":"Investitor"}]},{"@type":"WebSite","@id":"https:\/\/modenazlatibor.rs\/#website","url":"https:\/\/modenazlatibor.rs\/","name":"Modena Zlatibor","description":"","publisher":{"@id":"https:\/\/modenazlatibor.rs\/#organization"},"potentialAction":[{"@type":"SearchAction","target":{"@type":"EntryPoint","urlTemplate":"https:\/\/modenazlatibor.rs\/?s={search_term_string}"},"query-input":{"@type":"PropertyValueSpecification","valueRequired":true,"valueName":"search_term_string"}}],"inLanguage":"ru-RU"},{"@type":"Organization","@id":"https:\/\/modenazlatibor.rs\/#organization","name":"Modena Zlatibor","url":"https:\/\/modenazlatibor.rs\/","logo":{"@type":"ImageObject","inLanguage":"ru-RU","@id":"https:\/\/modenazlatibor.rs\/#\/schema\/logo\/image\/","url":"https:\/\/modenazlatibor.rs\/wp-content\/uploads\/2021\/12\/cropped-MODENA-ZLATIBOR-LOGO-NOVO-NO-BG.png","contentUrl":"https:\/\/modenazlatibor.rs\/wp-content\/uploads\/2021\/12\/cropped-MODENA-ZLATIBOR-LOGO-NOVO-NO-BG.png","width":512,"height":512,"caption":"Modena Zlatibor"},"image":{"@id":"https:\/\/modenazlatibor.rs\/#\/schema\/logo\/image\/"}}]}},"_links":{"self":[{"href":"https:\/\/modenazlatibor.rs\/ru\/wp-json\/wp\/v2\/pages\/3298","targetHints":{"allow":["GET"]}}],"collection":[{"href":"https:\/\/modenazlatibor.rs\/ru\/wp-json\/wp\/v2\/pages"}],"about":[{"href":"https:\/\/modenazlatibor.rs\/ru\/wp-json\/wp\/v2\/types\/page"}],"author":[{"embeddable":true,"href":"https:\/\/modenazlatibor.rs\/ru\/wp-json\/wp\/v2\/users\/5"}],"replies":[{"embeddable":true,"href":"https:\/\/modenazlatibor.rs\/ru\/wp-json\/wp\/v2\/comments?post=3298"}],"version-history":[{"count":40,"href":"https:\/\/modenazlatibor.rs\/ru\/wp-json\/wp\/v2\/pages\/3298\/revisions"}],"predecessor-version":[{"id":3478,"href":"https:\/\/modenazlatibor.rs\/ru\/wp-json\/wp\/v2\/pages\/3298\/revisions\/3478"}],"wp:attachment":[{"href":"https:\/\/modenazlatibor.rs\/ru\/wp-json\/wp\/v2\/media?parent=3298"}],"curies":[{"name":"wp","href":"https:\/\/api.w.org\/{rel}","templated":true}]}}