{"id":3263,"date":"2024-09-08T22:14:57","date_gmt":"2024-09-08T21:14:57","guid":{"rendered":"https:\/\/modenazlatibor.rs\/?page_id=3263"},"modified":"2024-09-12T08:51:24","modified_gmt":"2024-09-12T07:51:24","slug":"kontakt","status":"publish","type":"page","link":"https:\/\/modenazlatibor.rs\/ru\/kontakt\/","title":{"rendered":"\u041a\u043e\u043d\u0442\u0430\u043a\u0442"},"content":{"rendered":"<div data-elementor-type=\"wp-page\" data-elementor-id=\"3263\" class=\"elementor elementor-3263\">\n\t\t\t\t<div class=\"elementor-element elementor-element-16fe366d e-flex e-con-boxed e-con e-parent\" data-id=\"16fe366d\" data-element_type=\"container\" data-e-type=\"container\">\n\t\t\t\t\t<div class=\"e-con-inner\">\n\t\t<div class=\"elementor-element elementor-element-741fc61 e-con-full e-flex e-con e-child\" data-id=\"741fc61\" data-element_type=\"container\" data-e-type=\"container\" data-settings=\"{&quot;background_background&quot;:&quot;classic&quot;}\">\n\t\t<div class=\"elementor-element elementor-element-309ffab e-flex e-con-boxed e-con e-child\" data-id=\"309ffab\" data-element_type=\"container\" data-e-type=\"container\">\n\t\t\t\t\t<div class=\"e-con-inner\">\n\t\t\t\t<div class=\"elementor-element elementor-element-5fc2ff6 exad-sticky-section-no exad-glass-effect-no elementor-widget elementor-widget-heading\" data-id=\"5fc2ff6\" data-element_type=\"widget\" data-e-type=\"widget\" data-widget_type=\"heading.default\">\n\t\t\t\t<div class=\"elementor-widget-container\">\n\t\t\t\t\t<h1 class=\"elementor-heading-title elementor-size-default\">\u041a\u043e\u043d\u0442\u0430\u043a\u0442<\/h1>\t\t\t\t<\/div>\n\t\t\t\t<\/div>\n\t\t\t\t<div class=\"elementor-element elementor-element-8015161 exad-sticky-section-no exad-glass-effect-no elementor-widget elementor-widget-heading\" data-id=\"8015161\" data-element_type=\"widget\" data-e-type=\"widget\" data-widget_type=\"heading.default\">\n\t\t\t\t<div class=\"elementor-widget-container\">\n\t\t\t\t\t<h2 class=\"elementor-heading-title elementor-size-default\">\u041f\u0440\u0438\u0433\u043b\u0430\u0448\u0430\u0435\u043c \u0412\u0430\u0441 \u043f\u043e\u0441\u0435\u0442\u0438\u0442\u044c \u043d\u0430\u0448 \u043e\u0444\u0438\u0441 \u0432 \u0417\u043b\u0430\u0442\u0438\u0431\u043e\u0440\u0435<\/h2>\t\t\t\t<\/div>\n\t\t\t\t<\/div>\n\t\t\t\t\t<\/div>\n\t\t\t\t<\/div>\n\t\t\t\t<\/div>\n\t\t<div class=\"elementor-element elementor-element-320113c e-flex e-con-boxed e-con e-child\" data-id=\"320113c\" data-element_type=\"container\" data-e-type=\"container\">\n\t\t\t\t\t<div class=\"e-con-inner\">\n\t\t<div class=\"elementor-element elementor-element-edf84fa e-con-full e-flex e-con e-child\" data-id=\"edf84fa\" data-element_type=\"container\" data-e-type=\"container\">\n\t\t<div class=\"elementor-element elementor-element-2849b53 e-con-full e-flex e-con e-child\" data-id=\"2849b53\" data-element_type=\"container\" data-e-type=\"container\">\n\t\t\t\t<div class=\"elementor-element elementor-element-e87c999 exad-sticky-section-no exad-glass-effect-no elementor-widget elementor-widget-heading\" data-id=\"e87c999\" data-element_type=\"widget\" data-e-type=\"widget\" data-widget_type=\"heading.default\">\n\t\t\t\t<div class=\"elementor-widget-container\">\n\t\t\t\t\t<h2 class=\"elementor-heading-title elementor-size-default\">\u041f\u0440\u044f\u043c\u0430\u044f \u043f\u0440\u043e\u0434\u0430\u0436\u0430<\/h2>\t\t\t\t<\/div>\n\t\t\t\t<\/div>\n\t\t\t\t<div class=\"elementor-element elementor-element-e29815f exad-sticky-section-no exad-glass-effect-no elementor-widget elementor-widget-heading\" data-id=\"e29815f\" data-element_type=\"widget\" data-e-type=\"widget\" data-widget_type=\"heading.default\">\n\t\t\t\t<div class=\"elementor-widget-container\">\n\t\t\t\t\t<h2 class=\"elementor-heading-title elementor-size-default\">Kontaktirajte na\u0161eg savetnika za vi\u0161e informacija o raspolo\u017eivim nekretninama i aktuelnim cenama na na\u0161em projektu.<\/h2>\t\t\t\t<\/div>\n\t\t\t\t<\/div>\n\t\t\t\t<\/div>\n\t\t\t\t<div class=\"elementor-element elementor-element-8430244 exad-sticky-section-no exad-glass-effect-no elementor-widget elementor-widget-shortcode\" data-id=\"8430244\" data-element_type=\"widget\" data-e-type=\"widget\" data-widget_type=\"shortcode.default\">\n\t\t\t\t<div class=\"elementor-widget-container\">\n\t\t\t\t\t\t\t<div class=\"elementor-shortcode\">\n        <address class=\"contact-box\" >\n           \n\t            <p><strong>\u041a\u043e\u043d\u0441\u0443\u043b\u044c\u0442\u0430\u043d\u0442 \u043f\u043e \u043f\u0440\u043e\u0434\u0430\u0436\u0430\u043c \u0417\u043b\u0430\u0442\u0438\u0431\u043e\u0440<\/strong><\/p>\n<p>Aleksandar Kova\u010devi\u0107<br \/>\n\u041a\u043e\u043d\u0441\u0443\u043b\u044c\u0442\u0430\u043d\u0442 \u043f\u043e \u0438\u043d\u0432\u0435\u0441\u0442\u0438\u0446\u0438\u044f\u043c \u0438 \u043f\u0440\u043e\u0434\u0430\u0436\u0435 \u043d\u0435\u0434\u0432\u0438\u0436\u0438\u043c\u043e\u0441\u0442\u0438<br \/>\n<a href=\"tel:+381648673429\">+381 64 8673 429<\/a><br \/>\n<a href=\"mailto:aleksandar@modenazlatibor.rs\">aleksandar@modenazlatibor.rs<\/a><\/p>\n           \n        <\/address>\n\t\t\n        <address class=\"contact-box\" >\n           \n\t            <p><strong>\u041f\u043e\u0441\u0435\u0442\u0438\u0442\u0435 \u043d\u0430\u0441 \u0432 \u0417\u043b\u0430\u0442\u0438\u0431\u043e\u0440\u0435<\/strong><\/p>\n<p>\u0422\u0440\u0436\u043d\u0438 \u0446\u0435\u043d\u0442\u0440 38, 31315 \u0417\u043b\u0430\u0442\u0438\u0431\u043e\u0440<br \/>\n<a href=\"tel:+381318482555\">+381 31 848 255<\/a><br \/>\n<a href=\"tel:+381648673430\">+381 64 867 3430<\/a><br \/>\n<a href=\"mailto:office@modenagradnja.com\">office@modenagradnja.com<\/a><\/p>\n           \n        <\/address>\n\t\t\t\t<div class=\"text-content-block\" >\n\t\t\t<p>\n        <address class=\"contact-box\" >\n           \n\t            <p><strong>Direktor prodaje za Modena Zlatibor Resort - Novi Sad<\/strong><\/p>\n<p>Dragana Mi\u0161i\u0107<br \/>\n\u041a\u043e\u043d\u0441\u0443\u043b\u044c\u0442\u0430\u043d\u0442 \u043f\u043e \u0438\u043d\u0432\u0435\u0441\u0442\u0438\u0446\u0438\u044f\u043c \u0438 \u043f\u0440\u043e\u0434\u0430\u0436\u0435 \u043d\u0435\u0434\u0432\u0438\u0436\u0438\u043c\u043e\u0441\u0442\u0438<br \/>\n<a href=\"tel:+381646400403\">+381 64 6400 403<\/a><br \/>\n<a href=\"mailto:prodaja@modenagradnja.com\">prodaja@modenagradnja.com<\/a><\/p>\n<p>\n        <address class=\"contact-box\" >\n           \n\t                       \n        <\/address>\n\t\t<strong>\u041f\u0440\u0438\u0445\u043e\u0434\u0438\u0442\u0435 \u043a \u043d\u0430\u043c \u0432 \u041d\u043e\u0432\u0438-\u0421\u0430\u0434<\/strong><\/p>\n<p>Stra\u017eilovska 19, Modena Gradnja, Lokal 3<br \/>\n<a href=\"tel:+381214723236\">+381 21 472 32 36<\/a><br \/>\n<a href=\"mailto:office@modenagradnja.com\">office@modenagradnja.com<\/a><\/p>\n           \n        <\/address>\n\t\t\t\t<div class=\"text-content-block\" >\n\t\t\t\n            \t\t<\/div>\n\n            \t\t<\/div>\n\t\t<div class=\"wpb_column vc_column_container vc_col-sm-6\"><div class=\"vc_column-inner\"><div class=\"wpb_wrapper\"><\/div><\/div><\/div>\n<\/div>\n\t\t\t\t\t\t<\/div>\n\t\t\t\t<\/div>\n\t\t\t\t<\/div>\n\t\t\t\t<div class=\"elementor-element elementor-element-068ff71 exad-sticky-section-no exad-glass-effect-no elementor-widget elementor-widget-shortcode\" data-id=\"068ff71\" data-element_type=\"widget\" data-e-type=\"widget\" data-widget_type=\"shortcode.default\">\n\t\t\t\t<div class=\"elementor-widget-container\">\n\t\t\t\t\t\t\t<div class=\"elementor-shortcode\">\n<div class=\"wpcf7 no-js\" id=\"wpcf7-f2576-o1\" lang=\"en-US\" dir=\"ltr\" data-wpcf7-id=\"2576\">\n<div class=\"screen-reader-response\"><p role=\"status\" aria-live=\"polite\" aria-atomic=\"true\"><\/p> <ul><\/ul><\/div>\n<form action=\"\/ru\/wp-json\/wp\/v2\/pages\/3263#wpcf7-f2576-o1\" method=\"post\" class=\"wpcf7-form init\" aria-label=\"Contact form\" novalidate=\"novalidate\" data-status=\"init\" data-trp-original-action=\"\/ru\/wp-json\/wp\/v2\/pages\/3263#wpcf7-f2576-o1\">\n<fieldset class=\"hidden-fields-container\"><input type=\"hidden\" name=\"_wpcf7\" value=\"2576\" \/><input type=\"hidden\" name=\"_wpcf7_version\" value=\"6.1.5\" \/><input type=\"hidden\" name=\"_wpcf7_locale\" value=\"en_US\" \/><input type=\"hidden\" name=\"_wpcf7_unit_tag\" value=\"wpcf7-f2576-o1\" \/><input type=\"hidden\" name=\"_wpcf7_container_post\" value=\"0\" \/><input type=\"hidden\" name=\"_wpcf7_posted_data_hash\" value=\"\" \/><input type=\"hidden\" name=\"_uacf7_hidden_conditional_fields\" value=\"\" \/>\n<\/fieldset>\n<div class=\"uacf7-form-wrapper-container uacf7-form-2576\"><h3> \u041d\u0430\u043f\u0438\u0448\u0438\u0442\u0435 \u043d\u0430\u043c <\/h3>\n\n<label> \u0412\u0430\u0448\u0435 \u0418\u043c\u044f \u0438 \u0424\u0430\u043c\u0438\u043b\u0438\u044f (\u043e\u0431\u044f\u0437\u0430\u0442\u0435\u043b\u044c\u043d\u043e)\n    <span class=\"wpcf7-form-control-wrap\" data-name=\"your-name\"><input size=\"40\" maxlength=\"400\" class=\"wpcf7-form-control wpcf7-text wpcf7-validates-as-required\" aria-required=\"true\" aria-invalid=\"false\" value=\"\" type=\"text\" name=\"your-name\" \/><\/span> <\/label>\n\n<label> \u0412\u0430\u0448 \u0430\u0434\u0440\u0435\u0441 \u044d\u043b\u0435\u043a\u0442\u0440\u043e\u043d\u043d\u043e\u0439 \u043f\u043e\u0447\u0442\u044b (\u043e\u0431\u044f\u0437\u0430\u0442\u0435\u043b\u044c\u043d\u043e)\n    <span class=\"wpcf7-form-control-wrap\" data-name=\"your-email\"><input size=\"40\" maxlength=\"400\" class=\"wpcf7-form-control wpcf7-email wpcf7-validates-as-required wpcf7-text wpcf7-validates-as-email\" aria-required=\"true\" aria-invalid=\"false\" value=\"\" type=\"email\" name=\"your-email\" \/><\/span> <\/label>\n\n<label> \u0417\u0430\u0433\u043e\u043b\u043e\u0432\u043e\u043a\n    <span class=\"wpcf7-form-control-wrap\" data-name=\"your-subject\"><input size=\"40\" maxlength=\"400\" class=\"wpcf7-form-control wpcf7-text\" aria-invalid=\"false\" value=\"\" type=\"text\" name=\"your-subject\" \/><\/span> <\/label>\n\n<label> \u0412\u0430\u0448\u0435 \u0441\u043e\u043e\u0431\u0449\u0435\u043d\u0438\u0435\n    <span class=\"wpcf7-form-control-wrap\" data-name=\"your-message\"><textarea cols=\"40\" rows=\"10\" maxlength=\"2000\" class=\"wpcf7-form-control wpcf7-textarea\" aria-invalid=\"false\" name=\"your-message\"><\/textarea><\/span> <\/label>\n\n<input class=\"wpcf7-form-control wpcf7-submit has-spinner\" type=\"submit\" value=\"\u041e\u0442\u043f\u0440\u0430\u0432\u043b\u044f\u0442\u044c\" \/><\/div><div class=\"wpcf7-response-output\" aria-hidden=\"true\"><\/div>\n<input type=\"hidden\" name=\"trp-form-language\" value=\"ru\"\/><\/form>\n<\/div>\n<\/div>\n\t\t\t\t\t\t<\/div>\n\t\t\t\t<\/div>\n\t\t\t\t\t<\/div>\n\t\t\t\t<\/div>\n\t\t\t\t\t<\/div>\n\t\t\t\t<\/div>\n\t\t\t\t<\/div>","protected":false},"excerpt":{"rendered":"<p>Kontakt Pozivamo vas da posetite na\u0161u kancelariju na Zlatiboru Direktna prodaja Kontaktirajte na\u0161eg savetnika za vi\u0161e informacija o raspolo\u017eivim nekretninama i aktuelnim cenama na na\u0161em projektu.<\/p>","protected":false},"author":5,"featured_media":0,"parent":0,"menu_order":0,"comment_status":"closed","ping_status":"closed","template":"page-portfolio.php","meta":{"footnotes":""},"class_list":["post-3263","page","type-page","status-publish","hentry"],"yoast_head":"<!-- This site is optimized with the Yoast SEO plugin v27.3 - https:\/\/yoast.com\/product\/yoast-seo-wordpress\/ -->\n<title>Kontakt - Modena Zlatibor<\/title>\n<meta name=\"description\" content=\"Kontaktirajte nas putem telefona, emaila ili obrasca, odgovaramo u najkra\u0107em roku na sve va\u0161e upite. O\u010dekujemo va\u0161u poruku i radujemo se saradnji.\" \/>\n<meta name=\"robots\" content=\"index, follow, max-snippet:-1, max-image-preview:large, max-video-preview:-1\" \/>\n<link rel=\"canonical\" href=\"https:\/\/modenazlatibor.rs\/ru\/kontakt\/\" \/>\n<meta property=\"og:locale\" content=\"ru_RU\" \/>\n<meta property=\"og:type\" content=\"article\" \/>\n<meta property=\"og:title\" content=\"Kontakt - Modena Zlatibor\" \/>\n<meta property=\"og:description\" content=\"Kontaktirajte nas putem telefona, emaila ili obrasca, odgovaramo u najkra\u0107em roku na sve va\u0161e upite. O\u010dekujemo va\u0161u poruku i radujemo se saradnji.\" \/>\n<meta property=\"og:url\" content=\"https:\/\/modenazlatibor.rs\/ru\/kontakt\/\" \/>\n<meta property=\"og:site_name\" content=\"Modena Zlatibor\" \/>\n<meta property=\"article:modified_time\" content=\"2024-09-12T07:51:24+00:00\" \/>\n<meta name=\"twitter:card\" content=\"summary_large_image\" \/>\n<meta name=\"twitter:label1\" content=\"\u041f\u0440\u0438\u043c\u0435\u0440\u043d\u043e\u0435 \u0432\u0440\u0435\u043c\u044f \u0434\u043b\u044f \u0447\u0442\u0435\u043d\u0438\u044f\" \/>\n\t<meta name=\"twitter:data1\" content=\"3 \u043c\u0438\u043d\u0443\u0442\u044b\" \/>\n<script type=\"application\/ld+json\" class=\"yoast-schema-graph\">{\"@context\":\"https:\\\/\\\/schema.org\",\"@graph\":[{\"@type\":\"WebPage\",\"@id\":\"https:\\\/\\\/modenazlatibor.rs\\\/kontakt\\\/\",\"url\":\"https:\\\/\\\/modenazlatibor.rs\\\/kontakt\\\/\",\"name\":\"Kontakt - Modena Zlatibor\",\"isPartOf\":{\"@id\":\"https:\\\/\\\/modenazlatibor.rs\\\/#website\"},\"datePublished\":\"2024-09-08T21:14:57+00:00\",\"dateModified\":\"2024-09-12T07:51:24+00:00\",\"description\":\"Kontaktirajte nas putem telefona, emaila ili obrasca, odgovaramo u najkra\u0107em roku na sve va\u0161e upite. O\u010dekujemo va\u0161u poruku i radujemo se saradnji.\",\"breadcrumb\":{\"@id\":\"https:\\\/\\\/modenazlatibor.rs\\\/kontakt\\\/#breadcrumb\"},\"inLanguage\":\"ru-RU\",\"potentialAction\":[{\"@type\":\"ReadAction\",\"target\":[\"https:\\\/\\\/modenazlatibor.rs\\\/kontakt\\\/\"]}]},{\"@type\":\"BreadcrumbList\",\"@id\":\"https:\\\/\\\/modenazlatibor.rs\\\/kontakt\\\/#breadcrumb\",\"itemListElement\":[{\"@type\":\"ListItem\",\"position\":1,\"name\":\"Modena Zlatibor Resort\",\"item\":\"https:\\\/\\\/modenazlatibor.rs\\\/\"},{\"@type\":\"ListItem\",\"position\":2,\"name\":\"Kontakt\"}]},{\"@type\":\"WebSite\",\"@id\":\"https:\\\/\\\/modenazlatibor.rs\\\/#website\",\"url\":\"https:\\\/\\\/modenazlatibor.rs\\\/\",\"name\":\"Modena Zlatibor\",\"description\":\"\",\"publisher\":{\"@id\":\"https:\\\/\\\/modenazlatibor.rs\\\/#organization\"},\"potentialAction\":[{\"@type\":\"SearchAction\",\"target\":{\"@type\":\"EntryPoint\",\"urlTemplate\":\"https:\\\/\\\/modenazlatibor.rs\\\/?s={search_term_string}\"},\"query-input\":{\"@type\":\"PropertyValueSpecification\",\"valueRequired\":true,\"valueName\":\"search_term_string\"}}],\"inLanguage\":\"ru-RU\"},{\"@type\":\"Organization\",\"@id\":\"https:\\\/\\\/modenazlatibor.rs\\\/#organization\",\"name\":\"Modena Zlatibor\",\"url\":\"https:\\\/\\\/modenazlatibor.rs\\\/\",\"logo\":{\"@type\":\"ImageObject\",\"inLanguage\":\"ru-RU\",\"@id\":\"https:\\\/\\\/modenazlatibor.rs\\\/#\\\/schema\\\/logo\\\/image\\\/\",\"url\":\"https:\\\/\\\/modenazlatibor.rs\\\/wp-content\\\/uploads\\\/2021\\\/12\\\/cropped-MODENA-ZLATIBOR-LOGO-NOVO-NO-BG.png\",\"contentUrl\":\"https:\\\/\\\/modenazlatibor.rs\\\/wp-content\\\/uploads\\\/2021\\\/12\\\/cropped-MODENA-ZLATIBOR-LOGO-NOVO-NO-BG.png\",\"width\":512,\"height\":512,\"caption\":\"Modena Zlatibor\"},\"image\":{\"@id\":\"https:\\\/\\\/modenazlatibor.rs\\\/#\\\/schema\\\/logo\\\/image\\\/\"}}]}<\/script>\n<!-- \/ Yoast SEO plugin. -->","yoast_head_json":{"title":"Kontakt - Modena Zlatibor","description":"Kontaktirajte nas putem telefona, emaila ili obrasca, odgovaramo u najkra\u0107em roku na sve va\u0161e upite. O\u010dekujemo va\u0161u poruku i radujemo se saradnji.","robots":{"index":"index","follow":"follow","max-snippet":"max-snippet:-1","max-image-preview":"max-image-preview:large","max-video-preview":"max-video-preview:-1"},"canonical":"https:\/\/modenazlatibor.rs\/ru\/kontakt\/","og_locale":"ru_RU","og_type":"article","og_title":"Kontakt - Modena Zlatibor","og_description":"Kontaktirajte nas putem telefona, emaila ili obrasca, odgovaramo u najkra\u0107em roku na sve va\u0161e upite. O\u010dekujemo va\u0161u poruku i radujemo se saradnji.","og_url":"https:\/\/modenazlatibor.rs\/ru\/kontakt\/","og_site_name":"Modena Zlatibor","article_modified_time":"2024-09-12T07:51:24+00:00","twitter_card":"summary_large_image","twitter_misc":{"\u041f\u0440\u0438\u043c\u0435\u0440\u043d\u043e\u0435 \u0432\u0440\u0435\u043c\u044f \u0434\u043b\u044f \u0447\u0442\u0435\u043d\u0438\u044f":"3 \u043c\u0438\u043d\u0443\u0442\u044b"},"schema":{"@context":"https:\/\/schema.org","@graph":[{"@type":"WebPage","@id":"https:\/\/modenazlatibor.rs\/kontakt\/","url":"https:\/\/modenazlatibor.rs\/kontakt\/","name":"Kontakt - Modena Zlatibor","isPartOf":{"@id":"https:\/\/modenazlatibor.rs\/#website"},"datePublished":"2024-09-08T21:14:57+00:00","dateModified":"2024-09-12T07:51:24+00:00","description":"Kontaktirajte nas putem telefona, emaila ili obrasca, odgovaramo u najkra\u0107em roku na sve va\u0161e upite. O\u010dekujemo va\u0161u poruku i radujemo se saradnji.","breadcrumb":{"@id":"https:\/\/modenazlatibor.rs\/kontakt\/#breadcrumb"},"inLanguage":"ru-RU","potentialAction":[{"@type":"ReadAction","target":["https:\/\/modenazlatibor.rs\/kontakt\/"]}]},{"@type":"BreadcrumbList","@id":"https:\/\/modenazlatibor.rs\/kontakt\/#breadcrumb","itemListElement":[{"@type":"ListItem","position":1,"name":"Modena Zlatibor Resort","item":"https:\/\/modenazlatibor.rs\/"},{"@type":"ListItem","position":2,"name":"Kontakt"}]},{"@type":"WebSite","@id":"https:\/\/modenazlatibor.rs\/#website","url":"https:\/\/modenazlatibor.rs\/","name":"Modena Zlatibor","description":"","publisher":{"@id":"https:\/\/modenazlatibor.rs\/#organization"},"potentialAction":[{"@type":"SearchAction","target":{"@type":"EntryPoint","urlTemplate":"https:\/\/modenazlatibor.rs\/?s={search_term_string}"},"query-input":{"@type":"PropertyValueSpecification","valueRequired":true,"valueName":"search_term_string"}}],"inLanguage":"ru-RU"},{"@type":"Organization","@id":"https:\/\/modenazlatibor.rs\/#organization","name":"Modena Zlatibor","url":"https:\/\/modenazlatibor.rs\/","logo":{"@type":"ImageObject","inLanguage":"ru-RU","@id":"https:\/\/modenazlatibor.rs\/#\/schema\/logo\/image\/","url":"https:\/\/modenazlatibor.rs\/wp-content\/uploads\/2021\/12\/cropped-MODENA-ZLATIBOR-LOGO-NOVO-NO-BG.png","contentUrl":"https:\/\/modenazlatibor.rs\/wp-content\/uploads\/2021\/12\/cropped-MODENA-ZLATIBOR-LOGO-NOVO-NO-BG.png","width":512,"height":512,"caption":"Modena Zlatibor"},"image":{"@id":"https:\/\/modenazlatibor.rs\/#\/schema\/logo\/image\/"}}]}},"_links":{"self":[{"href":"https:\/\/modenazlatibor.rs\/ru\/wp-json\/wp\/v2\/pages\/3263","targetHints":{"allow":["GET"]}}],"collection":[{"href":"https:\/\/modenazlatibor.rs\/ru\/wp-json\/wp\/v2\/pages"}],"about":[{"href":"https:\/\/modenazlatibor.rs\/ru\/wp-json\/wp\/v2\/types\/page"}],"author":[{"embeddable":true,"href":"https:\/\/modenazlatibor.rs\/ru\/wp-json\/wp\/v2\/users\/5"}],"replies":[{"embeddable":true,"href":"https:\/\/modenazlatibor.rs\/ru\/wp-json\/wp\/v2\/comments?post=3263"}],"version-history":[{"count":39,"href":"https:\/\/modenazlatibor.rs\/ru\/wp-json\/wp\/v2\/pages\/3263\/revisions"}],"predecessor-version":[{"id":3511,"href":"https:\/\/modenazlatibor.rs\/ru\/wp-json\/wp\/v2\/pages\/3263\/revisions\/3511"}],"wp:attachment":[{"href":"https:\/\/modenazlatibor.rs\/ru\/wp-json\/wp\/v2\/media?parent=3263"}],"curies":[{"name":"wp","href":"https:\/\/api.w.org\/{rel}","templated":true}]}}