{"id":2222,"date":"2022-03-29T14:09:39","date_gmt":"2022-03-29T13:09:39","guid":{"rendered":"https:\/\/modenazlatibor.rs\/?page_id=2222"},"modified":"2022-06-15T13:41:10","modified_gmt":"2022-06-15T12:41:10","slug":"kontakt-mobile","status":"publish","type":"page","link":"https:\/\/modenazlatibor.rs\/ru\/kontakt-mobile\/","title":{"rendered":"Kontakt Mobile"},"content":{"rendered":"<section  class=\"content-section\" ><div class=\"container\"><div class=\"vc_row wpb_row vc_row-fluid vc_custom_1644344378879\"><div class=\"wpb_column vc_column_container vc_col-sm-6\"><div class=\"vc_column-inner\"><div class=\"wpb_wrapper\">\n\n\n<div class=\"about-content\" >\n\t\t  <h2><em>\u041f\u0440\u044f\u043c\u0430\u044f \u043f\u0440\u043e\u0434\u0430\u0436\u0430<\/em><\/h2>\n<p>\u0421\u0432\u044f\u0436\u0438\u0442\u0435\u0441\u044c \u0441 \u043d\u0430\u0448\u0438\u043c \u043a\u043e\u043d\u0441\u0443\u043b\u044c\u0442\u0430\u043d\u0442\u043e\u043c \u0434\u043b\u044f \u043f\u043e\u043b\u0443\u0447\u0435\u043d\u0438\u044f \u0434\u043e\u043f\u043e\u043b\u043d\u0438\u0442\u0435\u043b\u044c\u043d\u043e\u0439 \u0438\u043d\u0444\u043e\u0440\u043c\u0430\u0446\u0438\u0438 \u043e \u0434\u043e\u0441\u0442\u0443\u043f\u043d\u044b\u0445 \u0441\u0432\u043e\u0439\u0441\u0442\u0432\u0430\u0445 \u0438 \u0442\u0435\u043a\u0443\u0449\u0438\u0445 \u0446\u0435\u043d\u0430\u0445 \u043d\u0430 \u043d\u0430\u0448 \u043f\u0440\u043e\u0435\u043a\u0442.<\/p>\n\t\n\t\n\t\n\t\n\t\t  <\/div>\n\n\t\t\n        <address class=\"contact-box\" >\n           \n\t            <p><strong>Prodajni savetnik za Zlatibor<\/strong><\/p>\n<ul>\n<li><span style=\"font-weight: 400;\">Aleksandar Kova\u010devi\u0107<\/span><\/li>\n<li><span style=\"font-weight: 400;\">\u041a\u043e\u043d\u0441\u0443\u043b\u044c\u0442\u0430\u043d\u0442 \u043f\u043e \u0438\u043d\u0432\u0435\u0441\u0442\u0438\u0446\u0438\u044f\u043c \u0438 \u043f\u0440\u043e\u0434\u0430\u0436\u0435 \u043d\u0435\u0434\u0432\u0438\u0436\u0438\u043c\u043e\u0441\u0442\u0438<\/span><\/li>\n<li><span style=\"font-weight: 400;\">+381 64 8673 429<\/span><\/li>\n<li>\u00a0<a href=\"mailto:aleksandar@modernzlatibor.wp1.smartweb.rs\" target=\"_blank\" rel=\"noopener\">aleksandar@modernzlatibor.wp1.smartweb.rs<\/a><\/li>\n<li style=\"list-style-type: none;\"><\/li>\n<\/ul>\n           \n        <\/address>\n\t\t\t\t<div class=\"text-content-block\" >\n\t\t\t<p><strong>\u041f\u043e\u0441\u0435\u0442\u0438\u0442\u0435 \u043d\u0430\u0441 \u0432 \u0417\u043b\u0430\u0442\u0438\u0431\u043e\u0440\u0435<\/strong><\/p>\n<ul>\n<li><span style=\"font-weight: 400;\">\u0422\u0440\u0436\u043d\u0438 \u0446\u0435\u043d\u0442\u0440 38, 31315 \u0417\u043b\u0430\u0442\u0438\u0431\u043e\u0440<\/span><\/li>\n<li><span style=\"font-weight: 400;\">+381 31 848 255<\/span><\/li>\n<li><span style=\"font-weight: 400;\">+381 64 867 3430<\/span><\/li>\n<li><a href=\"mailto:office@modernzlatibor.wp1.smartweb.rs\" target=\"_blank\" rel=\"noopener\">office@modernzlatibor.wp1.smartweb.rs<\/a><\/li>\n<\/ul>\n\n            \t\t<\/div>\n\t\t\t\t<div class=\"text-content-block\" >\n\t\t\t<p><b>\u0414\u0438\u0440\u0435\u043a\u0442\u043e\u0440 \u043f\u043e \u043f\u0440\u043e\u0434\u0430\u0436\u0430\u043c Modena Zlatibor Resort - Novi Sad<\/b><\/p>\n<ul>\n<li>Dragana Mi\u0161i\u0107<\/li>\n<li>\u041a\u043e\u043d\u0441\u0443\u043b\u044c\u0442\u0430\u043d\u0442 \u043f\u043e \u0438\u043d\u0432\u0435\u0441\u0442\u0438\u0446\u0438\u044f\u043c \u0438 \u043f\u0440\u043e\u0434\u0430\u0436\u0435 \u043d\u0435\u0434\u0432\u0438\u0436\u0438\u043c\u043e\u0441\u0442\u0438<\/li>\n<li>+381 64 6400 403<\/li>\n<li><a href=\"mailto:prodaja@modenagradnja.com\" target=\"_blank\" rel=\"noopener\">prodaja@modenagradnja.com<\/a><\/li>\n<\/ul>\n\n            \t\t<\/div>\n\t\t\t\t<div class=\"text-content-block\" >\n\t\t\t<p><b>\u041f\u0440\u0438\u0445\u043e\u0434\u0438\u0442\u0435 \u043a \u043d\u0430\u043c \u0432 \u041d\u043e\u0432\u0438-\u0421\u0430\u0434<\/b><\/p>\n<ul>\n<li>Stra\u017eilovska 19, Modena Gradnja, Lokal 3<\/li>\n<li>+381 21 472 32 36<\/li>\n<li><a href=\"mailto:office@modenagradnja.com\" target=\"_blank\" rel=\"noopener\">office@modenagradnja.com<\/a><\/li>\n<\/ul>\n\n            \t\t<\/div>\n\t\t<\/div><\/div><\/div><div class=\"wpb_column vc_column_container vc_col-sm-6\"><div class=\"vc_column-inner\"><div class=\"wpb_wrapper\">\n\t<div  class=\"wpb_single_image wpb_content_element vc_align_left\">\n\t\t\n\t\t<figure class=\"wpb_wrapper vc_figure\">\n\t\t\t<div class=\"vc_single_image-wrapper   vc_box_border_grey\"><img fetchpriority=\"high\" decoding=\"async\" width=\"4875\" height=\"3675\" src=\"https:\/\/modenazlatibor.rs\/wp-content\/uploads\/2021\/12\/mateus-campos-felipe-Fsgzm8N0hIY-unsplash-e1640857711951.png\" class=\"vc_single_image-img attachment-full\" alt=\"\" srcset=\"https:\/\/modenazlatibor.rs\/wp-content\/uploads\/2021\/12\/mateus-campos-felipe-Fsgzm8N0hIY-unsplash-e1640857711951.png 4875w, https:\/\/modenazlatibor.rs\/wp-content\/uploads\/2021\/12\/mateus-campos-felipe-Fsgzm8N0hIY-unsplash-e1640857711951-300x226.png 300w, https:\/\/modenazlatibor.rs\/wp-content\/uploads\/2021\/12\/mateus-campos-felipe-Fsgzm8N0hIY-unsplash-e1640857711951-1024x772.png 1024w, https:\/\/modenazlatibor.rs\/wp-content\/uploads\/2021\/12\/mateus-campos-felipe-Fsgzm8N0hIY-unsplash-e1640857711951-768x579.png 768w, https:\/\/modenazlatibor.rs\/wp-content\/uploads\/2021\/12\/mateus-campos-felipe-Fsgzm8N0hIY-unsplash-e1640857711951-1536x1158.png 1536w, https:\/\/modenazlatibor.rs\/wp-content\/uploads\/2021\/12\/mateus-campos-felipe-Fsgzm8N0hIY-unsplash-e1640857711951-2048x1544.png 2048w\" sizes=\"(max-width: 4875px) 100vw, 4875px\" \/><\/div>\n\t\t<\/figure>\n\t<\/div>\n<\/div><\/div><\/div><\/div><\/div><\/section><section  class=\"content-section no-spacing\" ><div class=\"container\"><div class=\"vc_row wpb_row vc_row-fluid vc_custom_1584958863407\"><div class=\"wpb_column vc_column_container vc_col-sm-12 vc_col-md-6\"><div class=\"vc_column-inner\"><div class=\"wpb_wrapper\"><\/div><\/div><\/div><div class=\"wpb_column vc_column_container vc_col-sm-12 vc_col-md-6\"><div class=\"vc_column-inner vc_custom_1584959318998\"><div class=\"wpb_wrapper\"><\/div><\/div><\/div><\/div><\/div><\/section>","protected":false},"excerpt":{"rendered":"Direktna prodaja Kontaktirajte na\u0161eg savetnika za vi\u0161e informacija o raspolo\u017eivim nekretninama i aktuelnim\u00a0cenama na na\u0161em projektu. Prodajni savetnik za Zlatibor Aleksandar Kova\u010devi\u0107 Savetnik za investicije i prodaju nekretnina +381 64 8673 429 \u00a0aleksandar@modernzlatibor.wp1.smartweb.rs Posetite nas na Zlatiboru Tr\u017eni centar 38, 31315 Zlatibor +381 31 848 255 +381 64 867 3430 office@modernzlatibor.wp1.smartweb.rs Direktor prodaje za Modena [...]","protected":false},"author":1,"featured_media":0,"parent":0,"menu_order":0,"comment_status":"closed","ping_status":"closed","template":"page-portfolio.php","meta":{"footnotes":""},"class_list":["post-2222","page","type-page","status-publish","hentry"],"yoast_head":"<!-- This site is optimized with the Yoast SEO plugin v27.4 - https:\/\/yoast.com\/product\/yoast-seo-wordpress\/ -->\n<title>Kontakt Mobile - Modena Zlatibor<\/title>\n<meta name=\"description\" content=\"Za vi\u0161e informacija o kupovini na\u0161ih nekretnina na Zlatiboru, ispunite obrazac i mi \u0107emo Vas ubrzo kontaktirati.\" \/>\n<meta name=\"robots\" content=\"index, follow, max-snippet:-1, max-image-preview:large, max-video-preview:-1\" \/>\n<link rel=\"canonical\" href=\"https:\/\/modenazlatibor.rs\/ru\/kontakt-mobile\/\" \/>\n<meta property=\"og:locale\" content=\"ru_RU\" \/>\n<meta property=\"og:type\" content=\"article\" \/>\n<meta property=\"og:title\" content=\"Kontakt Mobile - Modena Zlatibor\" \/>\n<meta property=\"og:description\" content=\"Za vi\u0161e informacija o kupovini na\u0161ih nekretnina na Zlatiboru, ispunite obrazac i mi \u0107emo Vas ubrzo kontaktirati.\" \/>\n<meta property=\"og:url\" content=\"https:\/\/modenazlatibor.rs\/ru\/kontakt-mobile\/\" \/>\n<meta property=\"og:site_name\" content=\"Modena Zlatibor\" \/>\n<meta property=\"article:modified_time\" content=\"2022-06-15T12:41:10+00:00\" \/>\n<meta name=\"twitter:card\" content=\"summary_large_image\" \/>\n<meta name=\"twitter:label1\" content=\"\u041f\u0440\u0438\u043c\u0435\u0440\u043d\u043e\u0435 \u0432\u0440\u0435\u043c\u044f \u0434\u043b\u044f \u0447\u0442\u0435\u043d\u0438\u044f\" \/>\n\t<meta name=\"twitter:data1\" content=\"1 \u043c\u0438\u043d\u0443\u0442\u0430\" \/>\n<script type=\"application\/ld+json\" class=\"yoast-schema-graph\">{\"@context\":\"https:\\\/\\\/schema.org\",\"@graph\":[{\"@type\":\"WebPage\",\"@id\":\"https:\\\/\\\/modenazlatibor.rs\\\/kontakt-mobile\\\/\",\"url\":\"https:\\\/\\\/modenazlatibor.rs\\\/kontakt-mobile\\\/\",\"name\":\"Kontakt Mobile - Modena Zlatibor\",\"isPartOf\":{\"@id\":\"https:\\\/\\\/modenazlatibor.rs\\\/#website\"},\"datePublished\":\"2022-03-29T13:09:39+00:00\",\"dateModified\":\"2022-06-15T12:41:10+00:00\",\"description\":\"Za vi\u0161e informacija o kupovini na\u0161ih nekretnina na Zlatiboru, ispunite obrazac i mi \u0107emo Vas ubrzo kontaktirati.\",\"breadcrumb\":{\"@id\":\"https:\\\/\\\/modenazlatibor.rs\\\/kontakt-mobile\\\/#breadcrumb\"},\"inLanguage\":\"ru-RU\",\"potentialAction\":[{\"@type\":\"ReadAction\",\"target\":[\"https:\\\/\\\/modenazlatibor.rs\\\/kontakt-mobile\\\/\"]}]},{\"@type\":\"BreadcrumbList\",\"@id\":\"https:\\\/\\\/modenazlatibor.rs\\\/kontakt-mobile\\\/#breadcrumb\",\"itemListElement\":[{\"@type\":\"ListItem\",\"position\":1,\"name\":\"Modena Zlatibor Resort\",\"item\":\"https:\\\/\\\/modenazlatibor.rs\\\/\"},{\"@type\":\"ListItem\",\"position\":2,\"name\":\"Kontakt Mobile\"}]},{\"@type\":\"WebSite\",\"@id\":\"https:\\\/\\\/modenazlatibor.rs\\\/#website\",\"url\":\"https:\\\/\\\/modenazlatibor.rs\\\/\",\"name\":\"Modena Zlatibor\",\"description\":\"\",\"publisher\":{\"@id\":\"https:\\\/\\\/modenazlatibor.rs\\\/#organization\"},\"potentialAction\":[{\"@type\":\"SearchAction\",\"target\":{\"@type\":\"EntryPoint\",\"urlTemplate\":\"https:\\\/\\\/modenazlatibor.rs\\\/?s={search_term_string}\"},\"query-input\":{\"@type\":\"PropertyValueSpecification\",\"valueRequired\":true,\"valueName\":\"search_term_string\"}}],\"inLanguage\":\"ru-RU\"},{\"@type\":\"Organization\",\"@id\":\"https:\\\/\\\/modenazlatibor.rs\\\/#organization\",\"name\":\"Modena Zlatibor\",\"url\":\"https:\\\/\\\/modenazlatibor.rs\\\/\",\"logo\":{\"@type\":\"ImageObject\",\"inLanguage\":\"ru-RU\",\"@id\":\"https:\\\/\\\/modenazlatibor.rs\\\/#\\\/schema\\\/logo\\\/image\\\/\",\"url\":\"https:\\\/\\\/modenazlatibor.rs\\\/wp-content\\\/uploads\\\/2021\\\/12\\\/cropped-MODENA-ZLATIBOR-LOGO-NOVO-NO-BG.png\",\"contentUrl\":\"https:\\\/\\\/modenazlatibor.rs\\\/wp-content\\\/uploads\\\/2021\\\/12\\\/cropped-MODENA-ZLATIBOR-LOGO-NOVO-NO-BG.png\",\"width\":512,\"height\":512,\"caption\":\"Modena Zlatibor\"},\"image\":{\"@id\":\"https:\\\/\\\/modenazlatibor.rs\\\/#\\\/schema\\\/logo\\\/image\\\/\"}}]}<\/script>\n<!-- \/ Yoast SEO plugin. -->","yoast_head_json":{"title":"Kontakt Mobile - Modena Zlatibor","description":"Za vi\u0161e informacija o kupovini na\u0161ih nekretnina na Zlatiboru, ispunite obrazac i mi \u0107emo Vas ubrzo kontaktirati.","robots":{"index":"index","follow":"follow","max-snippet":"max-snippet:-1","max-image-preview":"max-image-preview:large","max-video-preview":"max-video-preview:-1"},"canonical":"https:\/\/modenazlatibor.rs\/ru\/kontakt-mobile\/","og_locale":"ru_RU","og_type":"article","og_title":"Kontakt Mobile - Modena Zlatibor","og_description":"Za vi\u0161e informacija o kupovini na\u0161ih nekretnina na Zlatiboru, ispunite obrazac i mi \u0107emo Vas ubrzo kontaktirati.","og_url":"https:\/\/modenazlatibor.rs\/ru\/kontakt-mobile\/","og_site_name":"Modena Zlatibor","article_modified_time":"2022-06-15T12:41:10+00:00","twitter_card":"summary_large_image","twitter_misc":{"\u041f\u0440\u0438\u043c\u0435\u0440\u043d\u043e\u0435 \u0432\u0440\u0435\u043c\u044f \u0434\u043b\u044f \u0447\u0442\u0435\u043d\u0438\u044f":"1 \u043c\u0438\u043d\u0443\u0442\u0430"},"schema":{"@context":"https:\/\/schema.org","@graph":[{"@type":"WebPage","@id":"https:\/\/modenazlatibor.rs\/kontakt-mobile\/","url":"https:\/\/modenazlatibor.rs\/kontakt-mobile\/","name":"Kontakt Mobile - Modena Zlatibor","isPartOf":{"@id":"https:\/\/modenazlatibor.rs\/#website"},"datePublished":"2022-03-29T13:09:39+00:00","dateModified":"2022-06-15T12:41:10+00:00","description":"Za vi\u0161e informacija o kupovini na\u0161ih nekretnina na Zlatiboru, ispunite obrazac i mi \u0107emo Vas ubrzo kontaktirati.","breadcrumb":{"@id":"https:\/\/modenazlatibor.rs\/kontakt-mobile\/#breadcrumb"},"inLanguage":"ru-RU","potentialAction":[{"@type":"ReadAction","target":["https:\/\/modenazlatibor.rs\/kontakt-mobile\/"]}]},{"@type":"BreadcrumbList","@id":"https:\/\/modenazlatibor.rs\/kontakt-mobile\/#breadcrumb","itemListElement":[{"@type":"ListItem","position":1,"name":"Modena Zlatibor Resort","item":"https:\/\/modenazlatibor.rs\/"},{"@type":"ListItem","position":2,"name":"Kontakt Mobile"}]},{"@type":"WebSite","@id":"https:\/\/modenazlatibor.rs\/#website","url":"https:\/\/modenazlatibor.rs\/","name":"Modena Zlatibor","description":"","publisher":{"@id":"https:\/\/modenazlatibor.rs\/#organization"},"potentialAction":[{"@type":"SearchAction","target":{"@type":"EntryPoint","urlTemplate":"https:\/\/modenazlatibor.rs\/?s={search_term_string}"},"query-input":{"@type":"PropertyValueSpecification","valueRequired":true,"valueName":"search_term_string"}}],"inLanguage":"ru-RU"},{"@type":"Organization","@id":"https:\/\/modenazlatibor.rs\/#organization","name":"Modena Zlatibor","url":"https:\/\/modenazlatibor.rs\/","logo":{"@type":"ImageObject","inLanguage":"ru-RU","@id":"https:\/\/modenazlatibor.rs\/#\/schema\/logo\/image\/","url":"https:\/\/modenazlatibor.rs\/wp-content\/uploads\/2021\/12\/cropped-MODENA-ZLATIBOR-LOGO-NOVO-NO-BG.png","contentUrl":"https:\/\/modenazlatibor.rs\/wp-content\/uploads\/2021\/12\/cropped-MODENA-ZLATIBOR-LOGO-NOVO-NO-BG.png","width":512,"height":512,"caption":"Modena Zlatibor"},"image":{"@id":"https:\/\/modenazlatibor.rs\/#\/schema\/logo\/image\/"}}]}},"_links":{"self":[{"href":"https:\/\/modenazlatibor.rs\/ru\/wp-json\/wp\/v2\/pages\/2222","targetHints":{"allow":["GET"]}}],"collection":[{"href":"https:\/\/modenazlatibor.rs\/ru\/wp-json\/wp\/v2\/pages"}],"about":[{"href":"https:\/\/modenazlatibor.rs\/ru\/wp-json\/wp\/v2\/types\/page"}],"author":[{"embeddable":true,"href":"https:\/\/modenazlatibor.rs\/ru\/wp-json\/wp\/v2\/users\/1"}],"replies":[{"embeddable":true,"href":"https:\/\/modenazlatibor.rs\/ru\/wp-json\/wp\/v2\/comments?post=2222"}],"version-history":[{"count":3,"href":"https:\/\/modenazlatibor.rs\/ru\/wp-json\/wp\/v2\/pages\/2222\/revisions"}],"predecessor-version":[{"id":2388,"href":"https:\/\/modenazlatibor.rs\/ru\/wp-json\/wp\/v2\/pages\/2222\/revisions\/2388"}],"wp:attachment":[{"href":"https:\/\/modenazlatibor.rs\/ru\/wp-json\/wp\/v2\/media?parent=2222"}],"curies":[{"name":"wp","href":"https:\/\/api.w.org\/{rel}","templated":true}]}}