{"id":2166,"date":"2022-03-21T15:02:06","date_gmt":"2022-03-21T14:02:06","guid":{"rendered":"https:\/\/modenazlatibor.rs\/?page_id=2166"},"modified":"2023-06-12T12:26:01","modified_gmt":"2023-06-12T11:26:01","slug":"oprojektu","status":"publish","type":"page","link":"https:\/\/modenazlatibor.rs\/ru\/oprojektu\/","title":{"rendered":"\u041e \u043f\u0440\u043e\u0435\u043a\u0442\u0435"},"content":{"rendered":"<section  class=\"content-section\" ><div class=\"container\"><div class=\"vc_row wpb_row vc_row-fluid vc_custom_1647332251991\"><div class=\"wpb_column vc_column_container vc_col-sm-12\"><div class=\"vc_column-inner\"><div class=\"wpb_wrapper\">\n\n\n<div class=\"about-content\" >\n\t\t  <h2><em>\u0418\u043d\u0432\u0435\u0441\u0442\u043e\u0440<\/em><\/h2>\n<div class=\"vc_row wpb_row vc_inner vc_row-fluid vc_custom_1584806111490\">\n<div class=\"wpb_column vc_column_container vc_col-sm-12\">\n<div class=\"vc_column-inner\">\n<div class=\"wpb_wrapper\">\n<div class=\"about-content wow fadeInUp\">\n<p>Po\u0161tovani, dobrodo\u0161li na na\u0161u zvani\u010dnu prezentaciju kompleksa \u201cModena Zlatibor<br \/>\nResort\u201d. Mi smo\u00a0Modena Gradnja, glavni investitor ovog projekta. Bavimo se<br \/>\nizgradnjom stambeno poslovnih objekata ve\u0107 du\u017ee od osamnaest godina, u Srbiji i<br \/>\nCrnoj Gori. Za nas \u0107ete najvi\u0161e \u010duti u Novom Sadu, gde smo prepoznatljivi po<br \/>\nvisokom kvalitetu gradnje, atraktivnim lokacijama, ispo\u0161tovanim rokovima i<br \/>\nposve\u0107enosti radu. Ovog puta smo odlu\u010dili da misiju na\u0161e kompanije, bolji kvalitet<br \/>\n\u017eivota, zaista prenesemo na slede\u0107i nivo, ili na \u00a0nadmorsku visinu\u00a0od\u00a01056m.<br \/>\nStabilno dugogodi\u0161nje poslovanje kompanije Modena Gradnja d.o.o. i vrednost<br \/>\nModena Zlatibor Resort projekta, prepoznala je i\u00a0<strong>NLB Komercijalna Banka<\/strong>, koja se<br \/>\nuklju\u010dila kao partner u projektnom finansiranju.<\/p>\n<p>&nbsp;<\/p>\n<\/div>\n<\/div>\n<\/div>\n<\/div>\n<\/div>\n\t\n\t\n\t\n\t\n\t\t  <\/div>\n\n\t\t\n\n\n<div class=\"about-content\" >\n\t\t  <h2><em>\u041a\u0430\u043a \u043f\u043e\u044f\u0432\u0438\u043b\u0441\u044f \u041a\u0443\u0440\u043e\u0440\u0442 \u041c\u043e\u0434\u0435\u043d\u0430 \u0417\u043b\u0430\u0442\u0438\u0431\u043e\u0440?<\/em><\/h2>\n<div class=\"vc_row wpb_row vc_inner vc_row-fluid vc_custom_1584806111490\">\n<div class=\"wpb_column vc_column_container vc_col-sm-12\">\n<div class=\"vc_column-inner\">\n<div class=\"wpb_wrapper\">\n<div class=\"about-content wow fadeInUp\">\n<p>Kao \u0161to su zemlja, voda i vazduh neophodni za \u017eivot bilo kog \u017eivog bi\u0107a na na\u0161oj<br \/>\nplaneti, tako smo se mi potrudili da na na\u0161em projektu poku\u0161amo da objedinimo<br \/>\nneophodne uslove za sigurnu investiciju i komforan odmor na planini.\u00a0\u0160ta to zna\u010di?<\/p>\n<ul>\n<li>Lokacija u samom centru je pa\u017eljivo odabrana kako bi bila u neposrednoj<br \/>\nblizini svih pose\u0107enijih atrakcija na Zlatiboru<\/li>\n<li>Projektovali smo poluprivatni kompleks koji \u010dine 3 zgrade sa zasebnim trgom<br \/>\nI \u0161etali\u0161tem.<\/li>\n<li>Dodatni sadr\u017eaji na\u0161eg projekta obezbe\u0111uju kvalitetniji boravak na planini, a<br \/>\nnjihova uloga se ogleda i u tome \u0161to \u0107e va\u0161u nekretninu postaviti u sam vrh<br \/>\nponude turisti\u010dkih aran\u017emana na Zlatiboru ukoliko razmatrate opciju<br \/>\nrentiranja stanova.<\/li>\n<li>Eksterijer, enterijer, materijali u izgradnji i funkcionalnost projekta su<br \/>\nprilagodjeni planinskom okru\u017eenju na kom se nalazimo.<\/li>\n<li>Na\u0161i klijenti \u0107e imati opciju opremanja apartmana u potpunosti, od plakara<br \/>\ndo pribora za jelo,<\/li>\n<li>Odabra\u0107emo profesionalnu partnersku kompaniju iz industrije hotelijerstva I<br \/>\nfacility menad\u017ementa, koja \u0107e se baviti rentiranjem I odr\u017eavanjem stanova<br \/>\nza klijente koji to budu \u017eeleli.<\/li>\n<\/ul>\n<p>&nbsp;<\/p>\n<\/div>\n<\/div>\n<\/div>\n<\/div>\n<\/div>\n\t\n\t\n\t\n\t\n\t\t  <\/div>\n\n\t\t\n\n\n<div class=\"about-content\" >\n\t\t  <h2><em>\u0418\u043d\u0432\u0435\u0441\u0442\u0438\u0446\u0438\u0438 \u0432 \u043d\u0435\u0434\u0432\u0438\u0436\u0438\u043c\u043e\u0441\u0442\u044c<\/em><\/h2>\n\t\n\t\n\t\n\t\n\t\t  <\/div>\n\n\t\t\n\n\n<div class=\"about-content\" >\n\t\t  <p>U prevodu\u00a0Voda, Vazduh i Zemlja. Tako smo nazvali na\u0161e 3 zgrade \u010dija imena<br \/>\npredstavljaju osnovne elemente za \u017eivot. Aqua, jer svaki dan po\u010dinje sa vodom, Aria<br \/>\njer je vazduh ovde naj\u010distiji i Terra kao zemlja koja je temelj \u017eivota.\u00a0Svaka od ovih<br \/>\nizuzetnih zgrada se besprekorno uklapa u svoje okru\u017eenje. O\u010dekuje vas kompleks<br \/>\npoluotvorenog tipa, prirodni materijali i planinski stil koji zajedni\u010dki doprinose<br \/>\ntradicionalnoj lepoti Zlatibora.<\/p>\n\t\n\t\n\t\n\t\n\t\t  <\/div>\n\n\t\t<div class=\"vc_empty_space\"   style=\"height: 12px\"><span class=\"vc_empty_space_inner\"><\/span><\/div><div class=\"vc_separator wpb_content_element vc_separator_align_center vc_sep_width_100 vc_sep_border_width_2 vc_sep_pos_align_center vc_separator_no_text vc_sep_color_grey\" ><span class=\"vc_sep_holder vc_sep_holder_l\"><span  class=\"vc_sep_line\"><\/span><\/span><span class=\"vc_sep_holder vc_sep_holder_r\"><span  class=\"vc_sep_line\"><\/span><\/span>\n<\/div><\/div><\/div><\/div><div class=\"wpb_column vc_column_container vc_col-sm-12\"><div class=\"vc_column-inner\"><div class=\"wpb_wrapper\"><div class=\"vc_row wpb_row vc_inner vc_row-fluid\"><div class=\"wpb_column vc_column_container vc_col-sm-4\"><div class=\"vc_column-inner\"><div class=\"wpb_wrapper\">\n\t<div  class=\"wpb_single_image wpb_content_element vc_align_center  wpb_animate_when_almost_visible wpb_fadeInUp fadeInUp  hover_effect\">\n\t\t\n\t\t<figure class=\"wpb_wrapper vc_figure\">\n\t\t\t<a href=\"https:\/\/modenazlatibor.rs\/ru\/aqua\/\" target=\"_self\" class=\"vc_single_image-wrapper   vc_box_border_grey\"><img fetchpriority=\"high\" decoding=\"async\" width=\"300\" height=\"200\" src=\"https:\/\/modenazlatibor.rs\/wp-content\/uploads\/2020\/03\/logo_water_drop_blue--300x200.png\" class=\"vc_single_image-img attachment-medium\" alt=\"\" srcset=\"https:\/\/modenazlatibor.rs\/wp-content\/uploads\/2020\/03\/logo_water_drop_blue--300x200.png 300w, https:\/\/modenazlatibor.rs\/wp-content\/uploads\/2020\/03\/logo_water_drop_blue--e1644231291321.png 550w\" sizes=\"(max-width: 300px) 100vw, 300px\" \/><\/a>\n\t\t<\/figure>\n\t<\/div>\n\n\t<div class=\"wpb_text_column wpb_content_element  vc_custom_1647336184388\" >\n\t\t<div class=\"wpb_wrapper\">\n\t\t\t<h5 style=\"text-align: center; font-size: 14px; font-weight: 600;\">\u041c\u043e\u0434\u0435\u043d\u0430 \u0410\u043a\u0432\u0430<\/h5>\n\n\t\t<\/div>\n\t<\/div>\n<\/div><\/div><\/div><div class=\"wpb_column vc_column_container vc_col-sm-4\"><div class=\"vc_column-inner\"><div class=\"wpb_wrapper\">\n\t<div  class=\"wpb_single_image wpb_content_element vc_align_center  wpb_animate_when_almost_visible wpb_fadeInUp fadeInUp  hover_effect\">\n\t\t\n\t\t<figure class=\"wpb_wrapper vc_figure\">\n\t\t\t<a href=\"https:\/\/modenazlatibor.rs\/ru\/aria\/\" target=\"_self\" class=\"vc_single_image-wrapper   vc_box_border_grey\"><img decoding=\"async\" width=\"300\" height=\"200\" src=\"https:\/\/modenazlatibor.rs\/wp-content\/uploads\/2020\/03\/logo_water_drop_blue-1-1-300x200.png\" class=\"vc_single_image-img attachment-medium\" alt=\"\" srcset=\"https:\/\/modenazlatibor.rs\/wp-content\/uploads\/2020\/03\/logo_water_drop_blue-1-1-300x200.png 300w, https:\/\/modenazlatibor.rs\/wp-content\/uploads\/2020\/03\/logo_water_drop_blue-1-1.png 580w\" sizes=\"(max-width: 300px) 100vw, 300px\" \/><\/a>\n\t\t<\/figure>\n\t<\/div>\n\n\t<div class=\"wpb_text_column wpb_content_element  vc_custom_1647336153006\" >\n\t\t<div class=\"wpb_wrapper\">\n\t\t\t<h5 style=\"text-align: center; font-size: 14px; font-weight: 600;\">\u041c\u043e\u0434\u0435\u043d\u0430 \u0410\u0440\u0438\u044f<\/h5>\n\n\t\t<\/div>\n\t<\/div>\n<\/div><\/div><\/div><div class=\"wpb_column vc_column_container vc_col-sm-4\"><div class=\"vc_column-inner\"><div class=\"wpb_wrapper\">\n\t<div  class=\"wpb_single_image wpb_content_element vc_align_center  wpb_animate_when_almost_visible wpb_fadeInUp fadeInUp  hover_effect\">\n\t\t\n\t\t<figure class=\"wpb_wrapper vc_figure\">\n\t\t\t<a href=\"https:\/\/modenazlatibor.rs\/ru\/terra\/\" target=\"_self\" class=\"vc_single_image-wrapper   vc_box_border_grey\"><img decoding=\"async\" width=\"300\" height=\"144\" src=\"https:\/\/modenazlatibor.rs\/wp-content\/uploads\/2020\/03\/525-5258550_rocky-mountain-logo-png-transparent-png-copy-300x144.png\" class=\"vc_single_image-img attachment-medium\" alt=\"\" srcset=\"https:\/\/modenazlatibor.rs\/wp-content\/uploads\/2020\/03\/525-5258550_rocky-mountain-logo-png-transparent-png-copy-300x144.png 300w, https:\/\/modenazlatibor.rs\/wp-content\/uploads\/2020\/03\/525-5258550_rocky-mountain-logo-png-transparent-png-copy-768x368.png 768w, https:\/\/modenazlatibor.rs\/wp-content\/uploads\/2020\/03\/525-5258550_rocky-mountain-logo-png-transparent-png-copy-e1644231354863.png 400w\" sizes=\"(max-width: 300px) 100vw, 300px\" \/><\/a>\n\t\t<\/figure>\n\t<\/div>\n\n\t<div class=\"wpb_text_column wpb_content_element  vc_custom_1647336236980\" >\n\t\t<div class=\"wpb_wrapper\">\n\t\t\t<h5 style=\"text-align: center; font-size: 14px; font-weight: 600;\">\u041c\u043e\u0434\u0435\u043d\u0430 \u0422\u0435\u0440\u0440\u0430<\/h5>\n\n\t\t<\/div>\n\t<\/div>\n<\/div><\/div><\/div><\/div><\/div><\/div><\/div><\/div><\/div><\/section><section  class=\"content-section\" style=\"background-color: #303030;\"><div class=\"video-bg\"><video src=\"https:\/\/modenazlatibor.rs\/wp-content\/uploads\/2022\/03\/Beach-Photo-Liberation-Day-Facebook-Cover.mp4\" muted autoplay playsinline loop><\/video><\/div><div class=\"container\"><div class=\"vc_row wpb_row vc_row-fluid vc_custom_1647425660971\"><div class=\"wpb_column vc_column_container vc_col-sm-12\"><div class=\"vc_column-inner\"><div class=\"wpb_wrapper\"><div class=\"vc_row wpb_row vc_inner vc_row-fluid\"><div class=\"wpb_column vc_column_container vc_col-sm-4 vc_col-md-2 vc_col-xs-6\"><div class=\"vc_column-inner\"><div class=\"wpb_wrapper\">\n<figure class=\"icon-box wow fadeInUp\" data-wow-delay=\"0s\" data-toggle=\"tooltip\" data-placement=\"top\" >\n          \n           <img decoding=\"async\" src=\"https:\/\/modenazlatibor.rs\/wp-content\/uploads\/2021\/12\/Poluzatvoren-kompleks-e1640798630159.png\" alt=\"\">\n\t\t\t \n\t\t\t                         <figcaption>\u0427\u0430\u0441\u0442\u043d\u044b\u0439 \u043a\u043e\u043c\u043f\u043b\u0435\u043a\u0441<\/figcaption>\n                            \n       \n\t\n                \n           \n        <\/figure>\n\t\t<\/div><\/div><\/div><div class=\"wpb_column vc_column_container vc_col-sm-4 vc_col-md-2 vc_col-xs-6\"><div class=\"vc_column-inner\"><div class=\"wpb_wrapper\">\n<figure class=\"icon-box wow fadeInUp\" data-wow-delay=\"0.05s\" data-toggle=\"tooltip\" data-placement=\"top\" >\n          \n           <img decoding=\"async\" src=\"https:\/\/modenazlatibor.rs\/wp-content\/uploads\/2021\/12\/bazen-e1640798647650.png\" alt=\"\">\n\t\t\t \n\t\t\t                         <figcaption>\u0411\u0430\u0441\u0441\u0435\u0439\u043d<\/figcaption>\n                            \n       \n\t\n                \n           \n        <\/figure>\n\t\t<\/div><\/div><\/div><div class=\"wpb_column vc_column_container vc_col-sm-4 vc_col-md-2 vc_col-xs-6\"><div class=\"vc_column-inner\"><div class=\"wpb_wrapper\">\n<figure class=\"icon-box wow fadeInUp\" data-wow-delay=\"0.10s\" data-toggle=\"tooltip\" data-placement=\"top\" >\n          \n           <img decoding=\"async\" src=\"https:\/\/modenazlatibor.rs\/wp-content\/uploads\/2021\/12\/restoran.png\" alt=\"\">\n\t\t\t \n\t\t\t                         <figcaption>\u0420\u0435\u0441\u0442\u043e\u0440\u0430\u043d<\/figcaption>\n                            \n       \n\t\n                \n           \n        <\/figure>\n\t\t<\/div><\/div><\/div><div class=\"wpb_column vc_column_container vc_col-sm-4 vc_col-md-2 vc_col-xs-6\"><div class=\"vc_column-inner\"><div class=\"wpb_wrapper\">\n<figure class=\"icon-box wow fadeInUp\" data-wow-delay=\"0.15s\" data-toggle=\"tooltip\" data-placement=\"top\" >\n          \n           <img decoding=\"async\" src=\"https:\/\/modenazlatibor.rs\/wp-content\/uploads\/2021\/12\/recepcija.png\" alt=\"\">\n\t\t\t \n\t\t\t                         <figcaption>\u041f\u0440\u0438\u0435\u043c<\/figcaption>\n                            \n       \n\t\n                \n           \n        <\/figure>\n\t\t<\/div><\/div><\/div><div class=\"wpb_column vc_column_container vc_col-sm-4 vc_col-md-2 vc_col-xs-6\"><div class=\"vc_column-inner\"><div class=\"wpb_wrapper\">\n<figure class=\"icon-box wow fadeInUp\" data-wow-delay=\"0.20s\" data-toggle=\"tooltip\" data-placement=\"top\" >\n          \n           <img decoding=\"async\" src=\"https:\/\/modenazlatibor.rs\/wp-content\/uploads\/2021\/12\/video-nadzor.png\" alt=\"\">\n\t\t\t \n\t\t\t                         <figcaption>\u041d\u0430\u0431\u043b\u044e\u0434\u0435\u043d\u0438\u0435<\/figcaption>\n                            \n       \n\t\n                \n           \n        <\/figure>\n\t\t<\/div><\/div><\/div><div class=\"wpb_column vc_column_container vc_col-sm-4 vc_col-md-2 vc_col-xs-6\"><div class=\"vc_column-inner\"><div class=\"wpb_wrapper\">\n<figure class=\"icon-box wow fadeInUp\" data-wow-delay=\"0.25s\" data-toggle=\"tooltip\" data-placement=\"top\" >\n          \n           <img decoding=\"async\" src=\"https:\/\/modenazlatibor.rs\/wp-content\/uploads\/2021\/12\/namestaj.png\" alt=\"\">\n\t\t\t \n\t\t\t                         <figcaption>\u041c\u0435\u0431\u0435\u043b\u044c<\/figcaption>\n                            \n       \n\t\n                \n           \n        <\/figure>\n\t\t<\/div><\/div><\/div><\/div><div class=\"vc_row wpb_row vc_inner vc_row-fluid\"><div class=\"wpb_column vc_column_container vc_col-sm-4 vc_col-md-2 vc_col-xs-6\"><div class=\"vc_column-inner\"><div class=\"wpb_wrapper\">\n<figure class=\"icon-box wow fadeInUp\" data-wow-delay=\"0s\" data-toggle=\"tooltip\" data-placement=\"top\" >\n          \n           <img decoding=\"async\" src=\"https:\/\/modenazlatibor.rs\/wp-content\/uploads\/2021\/12\/lift-e1640798541283.png\" alt=\"\">\n\t\t\t \n\t\t\t                         <figcaption>\u041b\u0438\u0444\u0442<\/figcaption>\n                            \n       \n\t\n                \n           \n        <\/figure>\n\t\t<\/div><\/div><\/div><div class=\"wpb_column vc_column_container vc_col-sm-4 vc_col-md-2 vc_col-xs-6\"><div class=\"vc_column-inner\"><div class=\"wpb_wrapper\">\n<figure class=\"icon-box wow fadeInUp\" data-wow-delay=\"0.05s\" data-toggle=\"tooltip\" data-placement=\"top\" >\n          \n           <img decoding=\"async\" src=\"https:\/\/modenazlatibor.rs\/wp-content\/uploads\/2022\/01\/teretana.png\" alt=\"\">\n\t\t\t \n\t\t\t                         <figcaption>\u0421\u043f\u043e\u0440\u0442\u0437\u0430\u043b<\/figcaption>\n                            \n       \n\t\n                \n           \n        <\/figure>\n\t\t<\/div><\/div><\/div><div class=\"wpb_column vc_column_container vc_col-sm-4 vc_col-md-2 vc_col-xs-6\"><div class=\"vc_column-inner\"><div class=\"wpb_wrapper\">\n<figure class=\"icon-box wow fadeInUp\" data-wow-delay=\"0.10s\" data-toggle=\"tooltip\" data-placement=\"top\" >\n          \n           <img decoding=\"async\" src=\"https:\/\/modenazlatibor.rs\/wp-content\/uploads\/2022\/01\/trg.png\" alt=\"\">\n\t\t\t \n\t\t\t                         <figcaption>\u041f\u043b\u043e\u0449\u0430\u0434\u044c<\/figcaption>\n                            \n       \n\t\n                \n           \n        <\/figure>\n\t\t<\/div><\/div><\/div><div class=\"wpb_column vc_column_container vc_col-sm-4 vc_col-md-2 vc_col-xs-6\"><div class=\"vc_column-inner\"><div class=\"wpb_wrapper\">\n<figure class=\"icon-box wow fadeInUp\" data-wow-delay=\"0.15s\" data-toggle=\"tooltip\" data-placement=\"top\" >\n          \n           <img decoding=\"async\" src=\"https:\/\/modenazlatibor.rs\/wp-content\/uploads\/2022\/01\/garaza-1.png\" alt=\"\">\n\t\t\t \n\t\t\t                         <figcaption>\u0413\u0430\u0440\u0430\u0436<\/figcaption>\n                            \n       \n\t\n                \n           \n        <\/figure>\n\t\t<\/div><\/div><\/div><div class=\"wpb_column vc_column_container vc_col-sm-4 vc_col-md-2 vc_col-xs-6\"><div class=\"vc_column-inner\"><div class=\"wpb_wrapper\">\n<figure class=\"icon-box wow fadeInUp\" data-wow-delay=\"0.20s\" data-toggle=\"tooltip\" data-placement=\"top\" >\n          \n           <img decoding=\"async\" src=\"https:\/\/modenazlatibor.rs\/wp-content\/uploads\/2021\/12\/terasa-e1640798614994.png\" alt=\"\">\n\t\t\t \n\t\t\t                         <figcaption>\u0411\u0430\u043b\u043a\u043e\u043d<\/figcaption>\n                            \n       \n\t\n                \n           \n        <\/figure>\n\t\t<\/div><\/div><\/div><div class=\"wpb_column vc_column_container vc_col-sm-4 vc_col-md-2 vc_col-xs-6\"><div class=\"vc_column-inner\"><div class=\"wpb_wrapper\">\n<figure class=\"icon-box wow fadeInUp\" data-wow-delay=\"0.25s\" data-toggle=\"tooltip\" data-placement=\"top\" >\n          \n           <img decoding=\"async\" src=\"https:\/\/modenazlatibor.rs\/wp-content\/uploads\/2021\/12\/sauna-e1640798591588.png\" alt=\"\">\n\t\t\t \n\t\t\t                         <figcaption>Spa &amp; Welness<\/figcaption>\n                            \n       \n\t\n                \n           \n        <\/figure>\n\t\t<\/div><\/div><\/div><\/div><\/div><\/div><\/div><\/div><\/div><\/section><section class=\"vc_section Empty_space\"><\/section>","protected":false},"excerpt":{"rendered":"Investitor Po\u0161tovani, dobrodo\u0161li na na\u0161u zvani\u010dnu prezentaciju kompleksa \u201cModena Zlatibor Resort\u201d. Mi smo\u00a0Modena Gradnja, glavni investitor ovog projekta. Bavimo se izgradnjom stambeno poslovnih objekata ve\u0107 du\u017ee od osamnaest godina, u Srbiji i Crnoj Gori. Za nas \u0107ete najvi\u0161e \u010duti u Novom Sadu, gde smo prepoznatljivi po visokom kvalitetu gradnje, atraktivnim lokacijama, ispo\u0161tovanim rokovima i posve\u0107enosti [...]","protected":false},"author":1,"featured_media":0,"parent":0,"menu_order":0,"comment_status":"closed","ping_status":"closed","template":"page-portfolio.php","meta":{"footnotes":""},"class_list":["post-2166","page","type-page","status-publish","hentry"],"yoast_head":"<!-- This site is optimized with the Yoast SEO plugin v27.4 - https:\/\/yoast.com\/product\/yoast-seo-wordpress\/ -->\n<title>O Projektu - Modena Zlatibor<\/title>\n<meta name=\"description\" content=\"O\u010dekuje vas kompleks poluotvorenog tipa, prirodni materijali i planinski stil koji zajedni\u010dki doprinose tradicionalnoj lepoti Zlatibora.\" \/>\n<meta name=\"robots\" content=\"index, follow, max-snippet:-1, max-image-preview:large, max-video-preview:-1\" \/>\n<link rel=\"canonical\" href=\"https:\/\/modenazlatibor.rs\/ru\/oprojektu\/\" \/>\n<meta property=\"og:locale\" content=\"ru_RU\" \/>\n<meta property=\"og:type\" content=\"article\" \/>\n<meta property=\"og:title\" content=\"O Projektu - Modena Zlatibor\" \/>\n<meta property=\"og:description\" content=\"O\u010dekuje vas kompleks poluotvorenog tipa, prirodni materijali i planinski stil koji zajedni\u010dki doprinose tradicionalnoj lepoti Zlatibora.\" \/>\n<meta property=\"og:url\" content=\"https:\/\/modenazlatibor.rs\/ru\/oprojektu\/\" \/>\n<meta property=\"og:site_name\" content=\"Modena Zlatibor\" \/>\n<meta property=\"article:modified_time\" content=\"2023-06-12T11:26:01+00:00\" \/>\n<meta name=\"twitter:card\" content=\"summary_large_image\" \/>\n<meta name=\"twitter:label1\" content=\"\u041f\u0440\u0438\u043c\u0435\u0440\u043d\u043e\u0435 \u0432\u0440\u0435\u043c\u044f \u0434\u043b\u044f \u0447\u0442\u0435\u043d\u0438\u044f\" \/>\n\t<meta name=\"twitter:data1\" content=\"1 \u043c\u0438\u043d\u0443\u0442\u0430\" \/>\n<script type=\"application\/ld+json\" class=\"yoast-schema-graph\">{\"@context\":\"https:\\\/\\\/schema.org\",\"@graph\":[{\"@type\":\"WebPage\",\"@id\":\"https:\\\/\\\/modenazlatibor.rs\\\/oprojektu\\\/\",\"url\":\"https:\\\/\\\/modenazlatibor.rs\\\/oprojektu\\\/\",\"name\":\"O Projektu - Modena Zlatibor\",\"isPartOf\":{\"@id\":\"https:\\\/\\\/modenazlatibor.rs\\\/#website\"},\"datePublished\":\"2022-03-21T14:02:06+00:00\",\"dateModified\":\"2023-06-12T11:26:01+00:00\",\"description\":\"O\u010dekuje vas kompleks poluotvorenog tipa, prirodni materijali i planinski stil koji zajedni\u010dki doprinose tradicionalnoj lepoti Zlatibora.\",\"breadcrumb\":{\"@id\":\"https:\\\/\\\/modenazlatibor.rs\\\/oprojektu\\\/#breadcrumb\"},\"inLanguage\":\"ru-RU\",\"potentialAction\":[{\"@type\":\"ReadAction\",\"target\":[\"https:\\\/\\\/modenazlatibor.rs\\\/oprojektu\\\/\"]}]},{\"@type\":\"BreadcrumbList\",\"@id\":\"https:\\\/\\\/modenazlatibor.rs\\\/oprojektu\\\/#breadcrumb\",\"itemListElement\":[{\"@type\":\"ListItem\",\"position\":1,\"name\":\"Modena Zlatibor Resort\",\"item\":\"https:\\\/\\\/modenazlatibor.rs\\\/\"},{\"@type\":\"ListItem\",\"position\":2,\"name\":\"O Projektu\"}]},{\"@type\":\"WebSite\",\"@id\":\"https:\\\/\\\/modenazlatibor.rs\\\/#website\",\"url\":\"https:\\\/\\\/modenazlatibor.rs\\\/\",\"name\":\"Modena Zlatibor\",\"description\":\"\",\"publisher\":{\"@id\":\"https:\\\/\\\/modenazlatibor.rs\\\/#organization\"},\"potentialAction\":[{\"@type\":\"SearchAction\",\"target\":{\"@type\":\"EntryPoint\",\"urlTemplate\":\"https:\\\/\\\/modenazlatibor.rs\\\/?s={search_term_string}\"},\"query-input\":{\"@type\":\"PropertyValueSpecification\",\"valueRequired\":true,\"valueName\":\"search_term_string\"}}],\"inLanguage\":\"ru-RU\"},{\"@type\":\"Organization\",\"@id\":\"https:\\\/\\\/modenazlatibor.rs\\\/#organization\",\"name\":\"Modena Zlatibor\",\"url\":\"https:\\\/\\\/modenazlatibor.rs\\\/\",\"logo\":{\"@type\":\"ImageObject\",\"inLanguage\":\"ru-RU\",\"@id\":\"https:\\\/\\\/modenazlatibor.rs\\\/#\\\/schema\\\/logo\\\/image\\\/\",\"url\":\"https:\\\/\\\/modenazlatibor.rs\\\/wp-content\\\/uploads\\\/2021\\\/12\\\/cropped-MODENA-ZLATIBOR-LOGO-NOVO-NO-BG.png\",\"contentUrl\":\"https:\\\/\\\/modenazlatibor.rs\\\/wp-content\\\/uploads\\\/2021\\\/12\\\/cropped-MODENA-ZLATIBOR-LOGO-NOVO-NO-BG.png\",\"width\":512,\"height\":512,\"caption\":\"Modena Zlatibor\"},\"image\":{\"@id\":\"https:\\\/\\\/modenazlatibor.rs\\\/#\\\/schema\\\/logo\\\/image\\\/\"}}]}<\/script>\n<!-- \/ Yoast SEO plugin. -->","yoast_head_json":{"title":"O Projektu - Modena Zlatibor","description":"O\u010dekuje vas kompleks poluotvorenog tipa, prirodni materijali i planinski stil koji zajedni\u010dki doprinose tradicionalnoj lepoti Zlatibora.","robots":{"index":"index","follow":"follow","max-snippet":"max-snippet:-1","max-image-preview":"max-image-preview:large","max-video-preview":"max-video-preview:-1"},"canonical":"https:\/\/modenazlatibor.rs\/ru\/oprojektu\/","og_locale":"ru_RU","og_type":"article","og_title":"O Projektu - Modena Zlatibor","og_description":"O\u010dekuje vas kompleks poluotvorenog tipa, prirodni materijali i planinski stil koji zajedni\u010dki doprinose tradicionalnoj lepoti Zlatibora.","og_url":"https:\/\/modenazlatibor.rs\/ru\/oprojektu\/","og_site_name":"Modena Zlatibor","article_modified_time":"2023-06-12T11:26:01+00:00","twitter_card":"summary_large_image","twitter_misc":{"\u041f\u0440\u0438\u043c\u0435\u0440\u043d\u043e\u0435 \u0432\u0440\u0435\u043c\u044f \u0434\u043b\u044f \u0447\u0442\u0435\u043d\u0438\u044f":"1 \u043c\u0438\u043d\u0443\u0442\u0430"},"schema":{"@context":"https:\/\/schema.org","@graph":[{"@type":"WebPage","@id":"https:\/\/modenazlatibor.rs\/oprojektu\/","url":"https:\/\/modenazlatibor.rs\/oprojektu\/","name":"O Projektu - Modena Zlatibor","isPartOf":{"@id":"https:\/\/modenazlatibor.rs\/#website"},"datePublished":"2022-03-21T14:02:06+00:00","dateModified":"2023-06-12T11:26:01+00:00","description":"O\u010dekuje vas kompleks poluotvorenog tipa, prirodni materijali i planinski stil koji zajedni\u010dki doprinose tradicionalnoj lepoti Zlatibora.","breadcrumb":{"@id":"https:\/\/modenazlatibor.rs\/oprojektu\/#breadcrumb"},"inLanguage":"ru-RU","potentialAction":[{"@type":"ReadAction","target":["https:\/\/modenazlatibor.rs\/oprojektu\/"]}]},{"@type":"BreadcrumbList","@id":"https:\/\/modenazlatibor.rs\/oprojektu\/#breadcrumb","itemListElement":[{"@type":"ListItem","position":1,"name":"Modena Zlatibor Resort","item":"https:\/\/modenazlatibor.rs\/"},{"@type":"ListItem","position":2,"name":"O Projektu"}]},{"@type":"WebSite","@id":"https:\/\/modenazlatibor.rs\/#website","url":"https:\/\/modenazlatibor.rs\/","name":"Modena Zlatibor","description":"","publisher":{"@id":"https:\/\/modenazlatibor.rs\/#organization"},"potentialAction":[{"@type":"SearchAction","target":{"@type":"EntryPoint","urlTemplate":"https:\/\/modenazlatibor.rs\/?s={search_term_string}"},"query-input":{"@type":"PropertyValueSpecification","valueRequired":true,"valueName":"search_term_string"}}],"inLanguage":"ru-RU"},{"@type":"Organization","@id":"https:\/\/modenazlatibor.rs\/#organization","name":"Modena Zlatibor","url":"https:\/\/modenazlatibor.rs\/","logo":{"@type":"ImageObject","inLanguage":"ru-RU","@id":"https:\/\/modenazlatibor.rs\/#\/schema\/logo\/image\/","url":"https:\/\/modenazlatibor.rs\/wp-content\/uploads\/2021\/12\/cropped-MODENA-ZLATIBOR-LOGO-NOVO-NO-BG.png","contentUrl":"https:\/\/modenazlatibor.rs\/wp-content\/uploads\/2021\/12\/cropped-MODENA-ZLATIBOR-LOGO-NOVO-NO-BG.png","width":512,"height":512,"caption":"Modena Zlatibor"},"image":{"@id":"https:\/\/modenazlatibor.rs\/#\/schema\/logo\/image\/"}}]}},"_links":{"self":[{"href":"https:\/\/modenazlatibor.rs\/ru\/wp-json\/wp\/v2\/pages\/2166","targetHints":{"allow":["GET"]}}],"collection":[{"href":"https:\/\/modenazlatibor.rs\/ru\/wp-json\/wp\/v2\/pages"}],"about":[{"href":"https:\/\/modenazlatibor.rs\/ru\/wp-json\/wp\/v2\/types\/page"}],"author":[{"embeddable":true,"href":"https:\/\/modenazlatibor.rs\/ru\/wp-json\/wp\/v2\/users\/1"}],"replies":[{"embeddable":true,"href":"https:\/\/modenazlatibor.rs\/ru\/wp-json\/wp\/v2\/comments?post=2166"}],"version-history":[{"count":7,"href":"https:\/\/modenazlatibor.rs\/ru\/wp-json\/wp\/v2\/pages\/2166\/revisions"}],"predecessor-version":[{"id":2506,"href":"https:\/\/modenazlatibor.rs\/ru\/wp-json\/wp\/v2\/pages\/2166\/revisions\/2506"}],"wp:attachment":[{"href":"https:\/\/modenazlatibor.rs\/ru\/wp-json\/wp\/v2\/media?parent=2166"}],"curies":[{"name":"wp","href":"https:\/\/api.w.org\/{rel}","templated":true}]}}