{"id":17,"date":"2020-03-17T18:45:33","date_gmt":"2020-03-17T17:45:33","guid":{"rendered":"http:\/\/hompark.themezinho.net\/?page_id=17"},"modified":"2024-09-08T22:15:24","modified_gmt":"2024-09-08T21:15:24","slug":"contact","status":"publish","type":"page","link":"https:\/\/modenazlatibor.rs\/ru\/contact\/","title":{"rendered":"Contact"},"content":{"rendered":"<div data-elementor-type=\"wp-page\" data-elementor-id=\"17\" class=\"elementor elementor-17\">\n\t\t\t\t\t\t<section class=\"elementor-section elementor-top-section elementor-element elementor-element-4bbd62a3 elementor-section-boxed elementor-section-height-default elementor-section-height-default exad-glass-effect-no exad-sticky-section-no\" data-id=\"4bbd62a3\" data-element_type=\"section\" data-e-type=\"section\">\n\t\t\t\t\t\t<div class=\"elementor-container elementor-column-gap-default\">\n\t\t\t\t\t<div class=\"elementor-column elementor-col-100 elementor-top-column elementor-element elementor-element-333049ac exad-glass-effect-no exad-sticky-section-no\" data-id=\"333049ac\" data-element_type=\"column\" data-e-type=\"column\">\n\t\t\t<div class=\"elementor-widget-wrap elementor-element-populated\">\n\t\t\t\t\t\t<div class=\"elementor-element elementor-element-6e276f9b exad-sticky-section-no exad-glass-effect-no elementor-widget elementor-widget-text-editor\" data-id=\"6e276f9b\" data-element_type=\"widget\" data-e-type=\"widget\" data-widget_type=\"text-editor.default\">\n\t\t\t\t<div class=\"elementor-widget-container\">\n\t\t\t\t\t\t\t\t\t<section  class=\"content-section\" ><div class=\"container\"><div class=\"vc_row wpb_row vc_row-fluid vc_custom_1644344378879\"><div class=\"wpb_column vc_column_container vc_col-sm-6\"><div class=\"vc_column-inner\"><div class=\"wpb_wrapper\">\n\n\n<div class=\"about-content\" >\n\t\t  <h2><em>\u041f\u0440\u044f\u043c\u0430\u044f \u043f\u0440\u043e\u0434\u0430\u0436\u0430<\/em><\/h2>\n<p>Kontaktirajte na\u0161eg savetnika za vi\u0161e informacija o raspolo\u017eivim nekretninama i aktuelnim&nbsp;cenama na na\u0161em projektu.<\/p>\n<h4><\/h4>\n\t\n\t\n\t\n\t\n\t\t  <\/div>\n\n\t\t\n        <address class=\"contact-box\" >\n           \n\t            <p><strong>\u041a\u043e\u043d\u0441\u0443\u043b\u044c\u0442\u0430\u043d\u0442 \u043f\u043e \u043f\u0440\u043e\u0434\u0430\u0436\u0430\u043c \u0417\u043b\u0430\u0442\u0438\u0431\u043e\u0440<\/strong><\/p>\n<ul>\n<li><span style=\"font-weight: 400;\">Aleksandar Kova\u010devi\u0107<\/span><\/li>\n<li><span style=\"font-weight: 400;\">\u041a\u043e\u043d\u0441\u0443\u043b\u044c\u0442\u0430\u043d\u0442 \u043f\u043e \u0438\u043d\u0432\u0435\u0441\u0442\u0438\u0446\u0438\u044f\u043c \u0438 \u043f\u0440\u043e\u0434\u0430\u0436\u0435 \u043d\u0435\u0434\u0432\u0438\u0436\u0438\u043c\u043e\u0441\u0442\u0438<\/span><\/li>\n<li><a href=\"tel:+381648673429\">+381 64 8673 429<\/a><\/li>\n<li><a class=\"c-link\" href=\"mailto:aleksandar@modenazlatibor.rs\" target=\"_blank\" rel=\"noopener noreferrer\" data-stringify-link=\"mailto:aleksandar@modenazlatibor.rs\" data-sk=\"tooltip_parent\" aria-haspopup=\"menu\" aria-expanded=\"false\" aria-describedby=\"sk-tooltip-8385\">aleksandar@modenazlatibor.rs<\/a><\/li>\n<li style=\"list-style-type: none;\"><\/li>\n<\/ul>\n           \n        <\/address>\n\t\t\n        <address class=\"contact-box\" >\n           \n\t            <p><b>\u041f\u043e\u0441\u0435\u0442\u0438\u0442\u0435 \u043d\u0430\u0441 \u0432 \u0417\u043b\u0430\u0442\u0438\u0431\u043e\u0440\u0435<\/b><\/p>\n<ul>\n<li>\u0422\u0440\u0436\u043d\u0438 \u0446\u0435\u043d\u0442\u0440 38, 31315 \u0417\u043b\u0430\u0442\u0438\u0431\u043e\u0440<\/li>\n<li><a href=\"tel:+38131848255\">+381 31 848 255<\/a><\/li>\n<li><a href=\"tel:+381648673430\">+381 64 867 3430<\/a><\/li>\n<li><a href=\"mailto:office@modenagradnja.com\" target=\"_blank\" rel=\"noopener\">office@modenagradnja.com<\/a><\/li>\n<li style=\"list-style-type: none;\"><\/li>\n<\/ul>\n           \n        <\/address>\n\t\t\t\t<div class=\"text-content-block\" >\n\t\t\t<p style=\"font-weight: 400;\"><strong>Direktor prodaje za Modena Zlatibor Resort &#8211;&nbsp;Novi Sad<\/strong><\/p>\n<ul>\n<li>Dragana Mi\u0161i\u0107<\/li>\n<li>\u041a\u043e\u043d\u0441\u0443\u043b\u044c\u0442\u0430\u043d\u0442 \u043f\u043e \u0438\u043d\u0432\u0435\u0441\u0442\u0438\u0446\u0438\u044f\u043c \u0438 \u043f\u0440\u043e\u0434\u0430\u0436\u0435 \u043d\u0435\u0434\u0432\u0438\u0436\u0438\u043c\u043e\u0441\u0442\u0438<\/li>\n<li><a href=\"\/ru\/+381646400403\/\">+381 64 6400 403<\/a><\/li>\n<li><a href=\"mailto:prodaja@modenagradnja.com\" target=\"_blank\" rel=\"noopener\">prodaja@modenagradnja.com<\/a><\/li>\n<\/ul>\n\n            \t\t<\/div>\n\t\t\t\t<div class=\"text-content-block\" >\n\t\t\t<p><b>\u041f\u0440\u0438\u0445\u043e\u0434\u0438\u0442\u0435 \u043a \u043d\u0430\u043c \u0432 \u041d\u043e\u0432\u0438-\u0421\u0430\u0434<\/b><u><\/u><u><\/u><\/p>\n<ul>\n<li>Stra\u017eilovska 19, Modena Gradnja, Lokal 3<\/li>\n<li><a href=\"tel:+381214723236\">+381 21 472 32 36<\/a><\/li>\n<li><a href=\"mailto:office@modenagradnja.com\" target=\"_blank\" rel=\"noopener\">office@modenagradnja.com<\/a><\/li>\n<\/ul>\n\n            \t\t<\/div>\n\t\t<\/div><\/div><\/div><div class=\"wpb_column vc_column_container vc_col-sm-6\"><div class=\"vc_column-inner\"><div class=\"wpb_wrapper\"><\/p>\n<p><span style=\"font-family: Roboto, sans-serif;\">\n<div class=\"wpcf7 no-js\" id=\"wpcf7-f2576-o1\" lang=\"en-US\" dir=\"ltr\" data-wpcf7-id=\"2576\">\n<div class=\"screen-reader-response\"><p role=\"status\" aria-live=\"polite\" aria-atomic=\"true\"><\/p> <ul><\/ul><\/div>\n<form action=\"\/ru\/wp-json\/wp\/v2\/pages\/17#wpcf7-f2576-o1\" method=\"post\" class=\"wpcf7-form init\" aria-label=\"Contact form\" novalidate=\"novalidate\" data-status=\"init\" data-trp-original-action=\"\/ru\/wp-json\/wp\/v2\/pages\/17#wpcf7-f2576-o1\">\n<fieldset class=\"hidden-fields-container\"><input type=\"hidden\" name=\"_wpcf7\" value=\"2576\" \/><input type=\"hidden\" name=\"_wpcf7_version\" value=\"6.1.5\" \/><input type=\"hidden\" name=\"_wpcf7_locale\" value=\"en_US\" \/><input type=\"hidden\" name=\"_wpcf7_unit_tag\" value=\"wpcf7-f2576-o1\" \/><input type=\"hidden\" name=\"_wpcf7_container_post\" value=\"0\" \/><input type=\"hidden\" name=\"_wpcf7_posted_data_hash\" value=\"\" \/><input type=\"hidden\" name=\"_uacf7_hidden_conditional_fields\" value=\"\" \/>\n<\/fieldset>\n<div class=\"uacf7-form-wrapper-container uacf7-form-2576\"><h3> \u041d\u0430\u043f\u0438\u0448\u0438\u0442\u0435 \u043d\u0430\u043c <\/h3>\n\n<label> \u0412\u0430\u0448\u0435 \u0418\u043c\u044f \u0438 \u0424\u0430\u043c\u0438\u043b\u0438\u044f (\u043e\u0431\u044f\u0437\u0430\u0442\u0435\u043b\u044c\u043d\u043e)\n    <span class=\"wpcf7-form-control-wrap\" data-name=\"your-name\"><input size=\"40\" maxlength=\"400\" class=\"wpcf7-form-control wpcf7-text wpcf7-validates-as-required\" aria-required=\"true\" aria-invalid=\"false\" value=\"\" type=\"text\" name=\"your-name\" \/><\/span> <\/label>\n\n<label> \u0412\u0430\u0448 \u0430\u0434\u0440\u0435\u0441 \u044d\u043b\u0435\u043a\u0442\u0440\u043e\u043d\u043d\u043e\u0439 \u043f\u043e\u0447\u0442\u044b (\u043e\u0431\u044f\u0437\u0430\u0442\u0435\u043b\u044c\u043d\u043e)\n    <span class=\"wpcf7-form-control-wrap\" data-name=\"your-email\"><input size=\"40\" maxlength=\"400\" class=\"wpcf7-form-control wpcf7-email wpcf7-validates-as-required wpcf7-text wpcf7-validates-as-email\" aria-required=\"true\" aria-invalid=\"false\" value=\"\" type=\"email\" name=\"your-email\" \/><\/span> <\/label>\n\n<label> \u0417\u0430\u0433\u043e\u043b\u043e\u0432\u043e\u043a\n    <span class=\"wpcf7-form-control-wrap\" data-name=\"your-subject\"><input size=\"40\" maxlength=\"400\" class=\"wpcf7-form-control wpcf7-text\" aria-invalid=\"false\" value=\"\" type=\"text\" name=\"your-subject\" \/><\/span> <\/label>\n\n<label> \u0412\u0430\u0448\u0435 \u0441\u043e\u043e\u0431\u0449\u0435\u043d\u0438\u0435\n    <span class=\"wpcf7-form-control-wrap\" data-name=\"your-message\"><textarea cols=\"40\" rows=\"10\" maxlength=\"2000\" class=\"wpcf7-form-control wpcf7-textarea\" aria-invalid=\"false\" name=\"your-message\"><\/textarea><\/span> <\/label>\n\n<input class=\"wpcf7-form-control wpcf7-submit has-spinner\" type=\"submit\" value=\"\u041e\u0442\u043f\u0440\u0430\u0432\u043b\u044f\u0442\u044c\" \/><\/div><div class=\"wpcf7-response-output\" aria-hidden=\"true\"><\/div>\n<input type=\"hidden\" name=\"trp-form-language\" value=\"ru\"\/><\/form>\n<\/div>\n<\/span><br><\/p>\n<div  class=\"wpb_single_image wpb_content_element vc_align_left\">\n\t\t\n\t\t<figure class=\"wpb_wrapper vc_figure\">\n\t\t\t<div class=\"vc_single_image-wrapper   vc_box_border_grey\"><img fetchpriority=\"high\" decoding=\"async\" width=\"4875\" height=\"3675\" src=\"https:\/\/modenazlatibor.rs\/wp-content\/uploads\/2021\/12\/mateus-campos-felipe-Fsgzm8N0hIY-unsplash-e1640857711951.png\" class=\"vc_single_image-img attachment-full\" alt=\"\" srcset=\"https:\/\/modenazlatibor.rs\/wp-content\/uploads\/2021\/12\/mateus-campos-felipe-Fsgzm8N0hIY-unsplash-e1640857711951.png 4875w, https:\/\/modenazlatibor.rs\/wp-content\/uploads\/2021\/12\/mateus-campos-felipe-Fsgzm8N0hIY-unsplash-e1640857711951-300x226.png 300w, https:\/\/modenazlatibor.rs\/wp-content\/uploads\/2021\/12\/mateus-campos-felipe-Fsgzm8N0hIY-unsplash-e1640857711951-1024x772.png 1024w, https:\/\/modenazlatibor.rs\/wp-content\/uploads\/2021\/12\/mateus-campos-felipe-Fsgzm8N0hIY-unsplash-e1640857711951-768x579.png 768w, https:\/\/modenazlatibor.rs\/wp-content\/uploads\/2021\/12\/mateus-campos-felipe-Fsgzm8N0hIY-unsplash-e1640857711951-1536x1158.png 1536w, https:\/\/modenazlatibor.rs\/wp-content\/uploads\/2021\/12\/mateus-campos-felipe-Fsgzm8N0hIY-unsplash-e1640857711951-2048x1544.png 2048w\" sizes=\"(max-width: 4875px) 100vw, 4875px\" \/><\/div>\n\t\t<\/figure>\n\t<\/div>\n<\/div><\/div><\/div><\/div><\/div><\/section><section  class=\"content-section no-spacing\" ><div class=\"container\"><div class=\"vc_row wpb_row vc_row-fluid vc_custom_1584958863407\"><div class=\"wpb_column vc_column_container vc_col-sm-12 vc_col-md-6\"><div class=\"vc_column-inner\"><div class=\"wpb_wrapper\"><\/div><\/div><\/div><div class=\"wpb_column vc_column_container vc_col-sm-12 vc_col-md-6\"><div class=\"vc_column-inner vc_custom_1584959318998\"><div class=\"wpb_wrapper\"><\/div><\/div><\/div><\/div><\/div><\/section>\t\t\t\t\t\t\t\t<\/div>\n\t\t\t\t<\/div>\n\t\t\t\t\t<\/div>\n\t\t<\/div>\n\t\t\t\t\t<\/div>\n\t\t<\/section>\n\t\t\t\t<\/div>","protected":false},"excerpt":{"rendered":"Kontaktirajte na\u0161eg savetnika za vi\u0161e informacija o raspolo\u017eivim nekretninama i aktuelnim\u00a0cenama na na\u0161em projektu. Prodajni savetnik Zlatibor Aleksandar Kova\u010devi\u0107 Savetnik za investicije i prodaju nekretnina +381 64 8673 429 aleksandar@modenazlatibor.rs Posetite nas na Zlatiboru Tr\u017eni centar 38, 31315 Zlatibor +381 31 848 255 +381 64 867 3430 office@modenagradnja.com Direktor prodaje za Modena Zlatibor Resort -\u00a0Novi [...]","protected":false},"author":1,"featured_media":0,"parent":0,"menu_order":0,"comment_status":"closed","ping_status":"closed","template":"","meta":{"footnotes":""},"class_list":["post-17","page","type-page","status-publish","hentry"],"yoast_head":"<!-- This site is optimized with the Yoast SEO plugin v27.3 - https:\/\/yoast.com\/product\/yoast-seo-wordpress\/ -->\n<title>Contact - Modena Zlatibor<\/title>\n<meta name=\"description\" content=\"Za vi\u0161e informacija o kupovini na\u0161ih nekretnina na Zlatiboru, ispunite obrazac i mi \u0107emo Vas ubrzo kontaktirati.\" \/>\n<meta name=\"robots\" content=\"index, follow, max-snippet:-1, max-image-preview:large, max-video-preview:-1\" \/>\n<link rel=\"canonical\" href=\"https:\/\/modenazlatibor.rs\/ru\/contact\/\" \/>\n<meta property=\"og:locale\" content=\"ru_RU\" \/>\n<meta property=\"og:type\" content=\"article\" \/>\n<meta property=\"og:title\" content=\"Contact - Modena Zlatibor\" \/>\n<meta property=\"og:description\" content=\"Za vi\u0161e informacija o kupovini na\u0161ih nekretnina na Zlatiboru, ispunite obrazac i mi \u0107emo Vas ubrzo kontaktirati.\" \/>\n<meta property=\"og:url\" content=\"https:\/\/modenazlatibor.rs\/ru\/contact\/\" \/>\n<meta property=\"og:site_name\" content=\"Modena Zlatibor\" \/>\n<meta property=\"article:modified_time\" content=\"2024-09-08T21:15:24+00:00\" \/>\n<meta name=\"twitter:card\" content=\"summary_large_image\" \/>\n<meta name=\"twitter:label1\" content=\"\u041f\u0440\u0438\u043c\u0435\u0440\u043d\u043e\u0435 \u0432\u0440\u0435\u043c\u044f \u0434\u043b\u044f \u0447\u0442\u0435\u043d\u0438\u044f\" \/>\n\t<meta name=\"twitter:data1\" content=\"1 \u043c\u0438\u043d\u0443\u0442\u0430\" \/>\n<script type=\"application\/ld+json\" class=\"yoast-schema-graph\">{\"@context\":\"https:\\\/\\\/schema.org\",\"@graph\":[{\"@type\":\"WebPage\",\"@id\":\"https:\\\/\\\/modenazlatibor.rs\\\/contact\\\/\",\"url\":\"https:\\\/\\\/modenazlatibor.rs\\\/contact\\\/\",\"name\":\"Contact - Modena Zlatibor\",\"isPartOf\":{\"@id\":\"https:\\\/\\\/modenazlatibor.rs\\\/#website\"},\"datePublished\":\"2020-03-17T17:45:33+00:00\",\"dateModified\":\"2024-09-08T21:15:24+00:00\",\"description\":\"Za vi\u0161e informacija o kupovini na\u0161ih nekretnina na Zlatiboru, ispunite obrazac i mi \u0107emo Vas ubrzo kontaktirati.\",\"breadcrumb\":{\"@id\":\"https:\\\/\\\/modenazlatibor.rs\\\/contact\\\/#breadcrumb\"},\"inLanguage\":\"ru-RU\",\"potentialAction\":[{\"@type\":\"ReadAction\",\"target\":[\"https:\\\/\\\/modenazlatibor.rs\\\/contact\\\/\"]}]},{\"@type\":\"BreadcrumbList\",\"@id\":\"https:\\\/\\\/modenazlatibor.rs\\\/contact\\\/#breadcrumb\",\"itemListElement\":[{\"@type\":\"ListItem\",\"position\":1,\"name\":\"Modena Zlatibor Resort\",\"item\":\"https:\\\/\\\/modenazlatibor.rs\\\/\"},{\"@type\":\"ListItem\",\"position\":2,\"name\":\"Contact\"}]},{\"@type\":\"WebSite\",\"@id\":\"https:\\\/\\\/modenazlatibor.rs\\\/#website\",\"url\":\"https:\\\/\\\/modenazlatibor.rs\\\/\",\"name\":\"Modena Zlatibor\",\"description\":\"\",\"publisher\":{\"@id\":\"https:\\\/\\\/modenazlatibor.rs\\\/#organization\"},\"potentialAction\":[{\"@type\":\"SearchAction\",\"target\":{\"@type\":\"EntryPoint\",\"urlTemplate\":\"https:\\\/\\\/modenazlatibor.rs\\\/?s={search_term_string}\"},\"query-input\":{\"@type\":\"PropertyValueSpecification\",\"valueRequired\":true,\"valueName\":\"search_term_string\"}}],\"inLanguage\":\"ru-RU\"},{\"@type\":\"Organization\",\"@id\":\"https:\\\/\\\/modenazlatibor.rs\\\/#organization\",\"name\":\"Modena Zlatibor\",\"url\":\"https:\\\/\\\/modenazlatibor.rs\\\/\",\"logo\":{\"@type\":\"ImageObject\",\"inLanguage\":\"ru-RU\",\"@id\":\"https:\\\/\\\/modenazlatibor.rs\\\/#\\\/schema\\\/logo\\\/image\\\/\",\"url\":\"https:\\\/\\\/modenazlatibor.rs\\\/wp-content\\\/uploads\\\/2021\\\/12\\\/cropped-MODENA-ZLATIBOR-LOGO-NOVO-NO-BG.png\",\"contentUrl\":\"https:\\\/\\\/modenazlatibor.rs\\\/wp-content\\\/uploads\\\/2021\\\/12\\\/cropped-MODENA-ZLATIBOR-LOGO-NOVO-NO-BG.png\",\"width\":512,\"height\":512,\"caption\":\"Modena Zlatibor\"},\"image\":{\"@id\":\"https:\\\/\\\/modenazlatibor.rs\\\/#\\\/schema\\\/logo\\\/image\\\/\"}}]}<\/script>\n<!-- \/ Yoast SEO plugin. -->","yoast_head_json":{"title":"Contact - Modena Zlatibor","description":"Za vi\u0161e informacija o kupovini na\u0161ih nekretnina na Zlatiboru, ispunite obrazac i mi \u0107emo Vas ubrzo kontaktirati.","robots":{"index":"index","follow":"follow","max-snippet":"max-snippet:-1","max-image-preview":"max-image-preview:large","max-video-preview":"max-video-preview:-1"},"canonical":"https:\/\/modenazlatibor.rs\/ru\/contact\/","og_locale":"ru_RU","og_type":"article","og_title":"Contact - Modena Zlatibor","og_description":"Za vi\u0161e informacija o kupovini na\u0161ih nekretnina na Zlatiboru, ispunite obrazac i mi \u0107emo Vas ubrzo kontaktirati.","og_url":"https:\/\/modenazlatibor.rs\/ru\/contact\/","og_site_name":"Modena Zlatibor","article_modified_time":"2024-09-08T21:15:24+00:00","twitter_card":"summary_large_image","twitter_misc":{"\u041f\u0440\u0438\u043c\u0435\u0440\u043d\u043e\u0435 \u0432\u0440\u0435\u043c\u044f \u0434\u043b\u044f \u0447\u0442\u0435\u043d\u0438\u044f":"1 \u043c\u0438\u043d\u0443\u0442\u0430"},"schema":{"@context":"https:\/\/schema.org","@graph":[{"@type":"WebPage","@id":"https:\/\/modenazlatibor.rs\/contact\/","url":"https:\/\/modenazlatibor.rs\/contact\/","name":"Contact - Modena Zlatibor","isPartOf":{"@id":"https:\/\/modenazlatibor.rs\/#website"},"datePublished":"2020-03-17T17:45:33+00:00","dateModified":"2024-09-08T21:15:24+00:00","description":"Za vi\u0161e informacija o kupovini na\u0161ih nekretnina na Zlatiboru, ispunite obrazac i mi \u0107emo Vas ubrzo kontaktirati.","breadcrumb":{"@id":"https:\/\/modenazlatibor.rs\/contact\/#breadcrumb"},"inLanguage":"ru-RU","potentialAction":[{"@type":"ReadAction","target":["https:\/\/modenazlatibor.rs\/contact\/"]}]},{"@type":"BreadcrumbList","@id":"https:\/\/modenazlatibor.rs\/contact\/#breadcrumb","itemListElement":[{"@type":"ListItem","position":1,"name":"Modena Zlatibor Resort","item":"https:\/\/modenazlatibor.rs\/"},{"@type":"ListItem","position":2,"name":"Contact"}]},{"@type":"WebSite","@id":"https:\/\/modenazlatibor.rs\/#website","url":"https:\/\/modenazlatibor.rs\/","name":"Modena Zlatibor","description":"","publisher":{"@id":"https:\/\/modenazlatibor.rs\/#organization"},"potentialAction":[{"@type":"SearchAction","target":{"@type":"EntryPoint","urlTemplate":"https:\/\/modenazlatibor.rs\/?s={search_term_string}"},"query-input":{"@type":"PropertyValueSpecification","valueRequired":true,"valueName":"search_term_string"}}],"inLanguage":"ru-RU"},{"@type":"Organization","@id":"https:\/\/modenazlatibor.rs\/#organization","name":"Modena Zlatibor","url":"https:\/\/modenazlatibor.rs\/","logo":{"@type":"ImageObject","inLanguage":"ru-RU","@id":"https:\/\/modenazlatibor.rs\/#\/schema\/logo\/image\/","url":"https:\/\/modenazlatibor.rs\/wp-content\/uploads\/2021\/12\/cropped-MODENA-ZLATIBOR-LOGO-NOVO-NO-BG.png","contentUrl":"https:\/\/modenazlatibor.rs\/wp-content\/uploads\/2021\/12\/cropped-MODENA-ZLATIBOR-LOGO-NOVO-NO-BG.png","width":512,"height":512,"caption":"Modena Zlatibor"},"image":{"@id":"https:\/\/modenazlatibor.rs\/#\/schema\/logo\/image\/"}}]}},"_links":{"self":[{"href":"https:\/\/modenazlatibor.rs\/ru\/wp-json\/wp\/v2\/pages\/17","targetHints":{"allow":["GET"]}}],"collection":[{"href":"https:\/\/modenazlatibor.rs\/ru\/wp-json\/wp\/v2\/pages"}],"about":[{"href":"https:\/\/modenazlatibor.rs\/ru\/wp-json\/wp\/v2\/types\/page"}],"author":[{"embeddable":true,"href":"https:\/\/modenazlatibor.rs\/ru\/wp-json\/wp\/v2\/users\/1"}],"replies":[{"embeddable":true,"href":"https:\/\/modenazlatibor.rs\/ru\/wp-json\/wp\/v2\/comments?post=17"}],"version-history":[{"count":80,"href":"https:\/\/modenazlatibor.rs\/ru\/wp-json\/wp\/v2\/pages\/17\/revisions"}],"predecessor-version":[{"id":3233,"href":"https:\/\/modenazlatibor.rs\/ru\/wp-json\/wp\/v2\/pages\/17\/revisions\/3233"}],"wp:attachment":[{"href":"https:\/\/modenazlatibor.rs\/ru\/wp-json\/wp\/v2\/media?parent=17"}],"curies":[{"name":"wp","href":"https:\/\/api.w.org\/{rel}","templated":true}]}}