{"id":428,"date":"2020-03-17T18:44:55","date_gmt":"2020-03-17T18:44:55","guid":{"rendered":"http:\/\/hompark.themezinho.net\/?page_id=13"},"modified":"2022-05-09T14:47:39","modified_gmt":"2022-05-09T13:47:39","slug":"zgrade","status":"publish","type":"page","link":"https:\/\/modenazlatibor.rs\/en\/zgrade\/","title":{"rendered":"Residences"},"content":{"rendered":"<section  class=\"content-section\" ><div class=\"container\"><div class=\"vc_row wpb_row vc_row-fluid vc_custom_1647332251991\"><div class=\"wpb_column vc_column_container vc_col-sm-12\"><div class=\"vc_column-inner\"><div class=\"wpb_wrapper\">\n\n\n<div class=\"about-content\" >\n\t\t  <h2><em>How did Modena Zlatibor Resort come about?<\/em><\/h2>\n<div class=\"vc_row wpb_row vc_inner vc_row-fluid vc_custom_1584806111490\">\n<div class=\"wpb_column vc_column_container vc_col-sm-12\">\n<div class=\"vc_column-inner\">\n<div class=\"wpb_wrapper\">\n<div class=\"about-content wow fadeInUp\">\n<p class=\"translation-block\">Just as land, water and air are necessary for the life of any living being on\nour planet, so we tried to combine the necessary conditions for a safe\ninvestment and a comfortable vacation on the mountain in our project. <strong>What it\nmeans?<\/strong><\/p>\n<p>&nbsp;<\/p>\n<\/div>\n<\/div>\n<\/div>\n<\/div>\n<\/div>\n<div class=\"vc_row wpb_row vc_inner vc_row-fluid vc_custom_1644341228654\">\n<div class=\"wpb_column vc_column_container vc_col-sm-12\">\n<div class=\"vc_column-inner\">\n<div class=\"wpb_wrapper\">\n<div class=\"text-content-block\">\n<p>This means that the location was carefully chosen to be close to all the most\nvisited attractions on Zlatibor. It is no coincidence that we designed a semi-\nprivate complex consisting of 3 buildings with a small square in the middle. Our\nadditional facilities have been recognized as advantages over the competitive\ntourist offer on Zlatibor. The exterior, materials under construction and\nfunctionality of the project are adapted to the environment and the mountain\non which we are located. Our clients will have the option of furnishing the\napartment completely, from closets to cutlery, while renting and maintaining\nthe complex will be handled by the company in charge. We want to achieve a\nresult of over 150 nights per apartment per year, and you, as the owners, have\nas few obligations as possible about your investment. We hope that Modena\nZlatibor Resort will become an unforgettable place for rest and relaxation,\nlocated on one of the most spectacular Serbian mountains<\/p>\n<\/div>\n<div class=\"vc_separator wpb_content_element vc_separator_align_center vc_sep_width_100 vc_sep_pos_align_center vc_separator_no_text vc_sep_color_grey\"><\/div>\n<\/div>\n<\/div>\n<\/div>\n<\/div>\n\t\n\t\n\t\n\t\n\t\t  <\/div>\n\n\t\t\n\n\n<div class=\"about-content\" >\n\t\t  <h2><em>Property investment<\/em><\/h2>\n\t\n\t\n\t\n\t\n\t\t  <\/div>\n\n\t\t\n\n\n<div class=\"about-content\" >\n\t\t  <p class=\"translation-block\">Translated as Water, Air and Earth. That is how we named our 3 residences whose names represent the basic elements for life. Aqua, because every day starts with water, Aria because the air here is the cleanest and Terra as the land that is the foundation of life. Each of these exceptional buildings fits perfectly into its surroundings. A semi-open type complex awaits you, natural materials and mountain style that together contribute to the traditional beauty of Zlatibor.<\/p>\n\t\n\t\n\t\n\t\n\t\t  <\/div>\n\n\t\t<div class=\"vc_empty_space\"   style=\"height: 12px\"><span class=\"vc_empty_space_inner\"><\/span><\/div><div class=\"vc_separator wpb_content_element vc_separator_align_center vc_sep_width_100 vc_sep_border_width_2 vc_sep_pos_align_center vc_separator_no_text vc_sep_color_grey\" ><span class=\"vc_sep_holder vc_sep_holder_l\"><span  class=\"vc_sep_line\"><\/span><\/span><span class=\"vc_sep_holder vc_sep_holder_r\"><span  class=\"vc_sep_line\"><\/span><\/span>\n<\/div><\/div><\/div><\/div><div class=\"wpb_column vc_column_container vc_col-sm-12\"><div class=\"vc_column-inner\"><div class=\"wpb_wrapper\"><div class=\"vc_row wpb_row vc_inner vc_row-fluid\"><div class=\"wpb_column vc_column_container vc_col-sm-4\"><div class=\"vc_column-inner\"><div class=\"wpb_wrapper\">\n\t<div  class=\"wpb_single_image wpb_content_element vc_align_center  wpb_animate_when_almost_visible wpb_fadeInUp fadeInUp  hover_effect\">\n\t\t\n\t\t<figure class=\"wpb_wrapper vc_figure\">\n\t\t\t<a href=\"https:\/\/modenazlatibor.rs\/en\/aqua\/\" target=\"_self\" class=\"vc_single_image-wrapper   vc_box_border_grey\"><img fetchpriority=\"high\" decoding=\"async\" width=\"300\" height=\"200\" src=\"https:\/\/modenazlatibor.rs\/wp-content\/uploads\/2020\/03\/logo_water_drop_blue--300x200.png\" class=\"vc_single_image-img attachment-medium\" alt=\"\" srcset=\"https:\/\/modenazlatibor.rs\/wp-content\/uploads\/2020\/03\/logo_water_drop_blue--300x200.png 300w, https:\/\/modenazlatibor.rs\/wp-content\/uploads\/2020\/03\/logo_water_drop_blue--e1644231291321.png 550w\" sizes=\"(max-width: 300px) 100vw, 300px\" \/><\/a>\n\t\t<\/figure>\n\t<\/div>\n\n\t<div class=\"wpb_text_column wpb_content_element  vc_custom_1647336184388\" >\n\t\t<div class=\"wpb_wrapper\">\n\t\t\t<h5 style=\"text-align: center; font-size: 14px; font-weight: 600;\">Modena Aqua<\/h5>\n\n\t\t<\/div>\n\t<\/div>\n<\/div><\/div><\/div><div class=\"wpb_column vc_column_container vc_col-sm-4\"><div class=\"vc_column-inner\"><div class=\"wpb_wrapper\">\n\t<div  class=\"wpb_single_image wpb_content_element vc_align_center  wpb_animate_when_almost_visible wpb_fadeInUp fadeInUp  hover_effect\">\n\t\t\n\t\t<figure class=\"wpb_wrapper vc_figure\">\n\t\t\t<a href=\"https:\/\/modenazlatibor.rs\/en\/aria\/\" target=\"_self\" class=\"vc_single_image-wrapper   vc_box_border_grey\"><img decoding=\"async\" width=\"300\" height=\"200\" src=\"https:\/\/modenazlatibor.rs\/wp-content\/uploads\/2020\/03\/logo_water_drop_blue-1-1-300x200.png\" class=\"vc_single_image-img attachment-medium\" alt=\"\" srcset=\"https:\/\/modenazlatibor.rs\/wp-content\/uploads\/2020\/03\/logo_water_drop_blue-1-1-300x200.png 300w, https:\/\/modenazlatibor.rs\/wp-content\/uploads\/2020\/03\/logo_water_drop_blue-1-1.png 580w\" sizes=\"(max-width: 300px) 100vw, 300px\" \/><\/a>\n\t\t<\/figure>\n\t<\/div>\n\n\t<div class=\"wpb_text_column wpb_content_element  vc_custom_1647336153006\" >\n\t\t<div class=\"wpb_wrapper\">\n\t\t\t<h5 style=\"text-align: center; font-size: 14px; font-weight: 600;\">Modena Aria<\/h5>\n\n\t\t<\/div>\n\t<\/div>\n<\/div><\/div><\/div><div class=\"wpb_column vc_column_container vc_col-sm-4\"><div class=\"vc_column-inner\"><div class=\"wpb_wrapper\">\n\t<div  class=\"wpb_single_image wpb_content_element vc_align_center  wpb_animate_when_almost_visible wpb_fadeInUp fadeInUp  hover_effect\">\n\t\t\n\t\t<figure class=\"wpb_wrapper vc_figure\">\n\t\t\t<a href=\"https:\/\/modenazlatibor.rs\/en\/terra\/\" target=\"_self\" class=\"vc_single_image-wrapper   vc_box_border_grey\"><img decoding=\"async\" width=\"300\" height=\"144\" src=\"https:\/\/modenazlatibor.rs\/wp-content\/uploads\/2020\/03\/525-5258550_rocky-mountain-logo-png-transparent-png-copy-300x144.png\" class=\"vc_single_image-img attachment-medium\" alt=\"\" srcset=\"https:\/\/modenazlatibor.rs\/wp-content\/uploads\/2020\/03\/525-5258550_rocky-mountain-logo-png-transparent-png-copy-300x144.png 300w, https:\/\/modenazlatibor.rs\/wp-content\/uploads\/2020\/03\/525-5258550_rocky-mountain-logo-png-transparent-png-copy-768x368.png 768w, https:\/\/modenazlatibor.rs\/wp-content\/uploads\/2020\/03\/525-5258550_rocky-mountain-logo-png-transparent-png-copy-e1644231354863.png 400w\" sizes=\"(max-width: 300px) 100vw, 300px\" \/><\/a>\n\t\t<\/figure>\n\t<\/div>\n\n\t<div class=\"wpb_text_column wpb_content_element  vc_custom_1647336236980\" >\n\t\t<div class=\"wpb_wrapper\">\n\t\t\t<h5 style=\"text-align: center; font-size: 14px; font-weight: 600;\">Modena Terra<\/h5>\n\n\t\t<\/div>\n\t<\/div>\n<\/div><\/div><\/div><\/div><\/div><\/div><\/div><\/div><\/div><\/section><section  class=\"content-section\" style=\"background-color: #303030;\"><div class=\"video-bg\"><video src=\"https:\/\/modenazlatibor.rs\/wp-content\/uploads\/2022\/03\/Beach-Photo-Liberation-Day-Facebook-Cover.mp4\" muted autoplay playsinline loop><\/video><\/div><div class=\"container\"><div class=\"vc_row wpb_row vc_row-fluid vc_custom_1647425660971\"><div class=\"wpb_column vc_column_container vc_col-sm-12\"><div class=\"vc_column-inner\"><div class=\"wpb_wrapper\"><div class=\"vc_row wpb_row vc_inner vc_row-fluid\"><div class=\"wpb_column vc_column_container vc_col-sm-4 vc_col-md-2 vc_col-xs-6\"><div class=\"vc_column-inner\"><div class=\"wpb_wrapper\">\n<figure class=\"icon-box wow fadeInUp\" data-wow-delay=\"0s\" data-toggle=\"tooltip\" data-placement=\"top\" >\n          \n           <img decoding=\"async\" src=\"https:\/\/modenazlatibor.rs\/wp-content\/uploads\/2021\/12\/Poluzatvoren-kompleks-e1640798630159.png\" alt=\"\">\n\t\t\t \n\t\t\t                         <figcaption>Private complex<\/figcaption>\n                            \n       \n\t\n                \n           \n        <\/figure>\n\t\t<\/div><\/div><\/div><div class=\"wpb_column vc_column_container vc_col-sm-4 vc_col-md-2 vc_col-xs-6\"><div class=\"vc_column-inner\"><div class=\"wpb_wrapper\">\n<figure class=\"icon-box wow fadeInUp\" data-wow-delay=\"0.05s\" data-toggle=\"tooltip\" data-placement=\"top\" >\n          \n           <img decoding=\"async\" src=\"https:\/\/modenazlatibor.rs\/wp-content\/uploads\/2021\/12\/bazen-e1640798647650.png\" alt=\"\">\n\t\t\t \n\t\t\t                         <figcaption>Swimming Pool<\/figcaption>\n                            \n       \n\t\n                \n           \n        <\/figure>\n\t\t<\/div><\/div><\/div><div class=\"wpb_column vc_column_container vc_col-sm-4 vc_col-md-2 vc_col-xs-6\"><div class=\"vc_column-inner\"><div class=\"wpb_wrapper\">\n<figure class=\"icon-box wow fadeInUp\" data-wow-delay=\"0.10s\" data-toggle=\"tooltip\" data-placement=\"top\" >\n          \n           <img decoding=\"async\" src=\"https:\/\/modenazlatibor.rs\/wp-content\/uploads\/2021\/12\/restoran.png\" alt=\"\">\n\t\t\t \n\t\t\t                         <figcaption>Restaurant<\/figcaption>\n                            \n       \n\t\n                \n           \n        <\/figure>\n\t\t<\/div><\/div><\/div><div class=\"wpb_column vc_column_container vc_col-sm-4 vc_col-md-2 vc_col-xs-6\"><div class=\"vc_column-inner\"><div class=\"wpb_wrapper\">\n<figure class=\"icon-box wow fadeInUp\" data-wow-delay=\"0.15s\" data-toggle=\"tooltip\" data-placement=\"top\" >\n          \n           <img decoding=\"async\" src=\"https:\/\/modenazlatibor.rs\/wp-content\/uploads\/2021\/12\/recepcija.png\" alt=\"\">\n\t\t\t \n\t\t\t                         <figcaption>Reception<\/figcaption>\n                            \n       \n\t\n                \n           \n        <\/figure>\n\t\t<\/div><\/div><\/div><div class=\"wpb_column vc_column_container vc_col-sm-4 vc_col-md-2 vc_col-xs-6\"><div class=\"vc_column-inner\"><div class=\"wpb_wrapper\">\n<figure class=\"icon-box wow fadeInUp\" data-wow-delay=\"0.20s\" data-toggle=\"tooltip\" data-placement=\"top\" >\n          \n           <img decoding=\"async\" src=\"https:\/\/modenazlatibor.rs\/wp-content\/uploads\/2021\/12\/video-nadzor.png\" alt=\"\">\n\t\t\t \n\t\t\t                         <figcaption>Surveillance<\/figcaption>\n                            \n       \n\t\n                \n           \n        <\/figure>\n\t\t<\/div><\/div><\/div><div class=\"wpb_column vc_column_container vc_col-sm-4 vc_col-md-2 vc_col-xs-6\"><div class=\"vc_column-inner\"><div class=\"wpb_wrapper\">\n<figure class=\"icon-box wow fadeInUp\" data-wow-delay=\"0.25s\" data-toggle=\"tooltip\" data-placement=\"top\" >\n          \n           <img decoding=\"async\" src=\"https:\/\/modenazlatibor.rs\/wp-content\/uploads\/2021\/12\/namestaj.png\" alt=\"\">\n\t\t\t \n\t\t\t                         <figcaption>Furniture<\/figcaption>\n                            \n       \n\t\n                \n           \n        <\/figure>\n\t\t<\/div><\/div><\/div><\/div><div class=\"vc_row wpb_row vc_inner vc_row-fluid\"><div class=\"wpb_column vc_column_container vc_col-sm-4 vc_col-md-2 vc_col-xs-6\"><div class=\"vc_column-inner\"><div class=\"wpb_wrapper\">\n<figure class=\"icon-box wow fadeInUp\" data-wow-delay=\"0s\" data-toggle=\"tooltip\" data-placement=\"top\" >\n          \n           <img decoding=\"async\" src=\"https:\/\/modenazlatibor.rs\/wp-content\/uploads\/2021\/12\/lift-e1640798541283.png\" alt=\"\">\n\t\t\t \n\t\t\t                         <figcaption>Elevator<\/figcaption>\n                            \n       \n\t\n                \n           \n        <\/figure>\n\t\t<\/div><\/div><\/div><div class=\"wpb_column vc_column_container vc_col-sm-4 vc_col-md-2 vc_col-xs-6\"><div class=\"vc_column-inner\"><div class=\"wpb_wrapper\">\n<figure class=\"icon-box wow fadeInUp\" data-wow-delay=\"0.05s\" data-toggle=\"tooltip\" data-placement=\"top\" >\n          \n           <img decoding=\"async\" src=\"https:\/\/modenazlatibor.rs\/wp-content\/uploads\/2022\/01\/teretana.png\" alt=\"\">\n\t\t\t \n\t\t\t                         <figcaption>Gym<\/figcaption>\n                            \n       \n\t\n                \n           \n        <\/figure>\n\t\t<\/div><\/div><\/div><div class=\"wpb_column vc_column_container vc_col-sm-4 vc_col-md-2 vc_col-xs-6\"><div class=\"vc_column-inner\"><div class=\"wpb_wrapper\">\n<figure class=\"icon-box wow fadeInUp\" data-wow-delay=\"0.10s\" data-toggle=\"tooltip\" data-placement=\"top\" >\n          \n           <img decoding=\"async\" src=\"https:\/\/modenazlatibor.rs\/wp-content\/uploads\/2022\/01\/trg.png\" alt=\"\">\n\t\t\t \n\t\t\t                         <figcaption>Square<\/figcaption>\n                            \n       \n\t\n                \n           \n        <\/figure>\n\t\t<\/div><\/div><\/div><div class=\"wpb_column vc_column_container vc_col-sm-4 vc_col-md-2 vc_col-xs-6\"><div class=\"vc_column-inner\"><div class=\"wpb_wrapper\">\n<figure class=\"icon-box wow fadeInUp\" data-wow-delay=\"0.15s\" data-toggle=\"tooltip\" data-placement=\"top\" >\n          \n           <img decoding=\"async\" src=\"https:\/\/modenazlatibor.rs\/wp-content\/uploads\/2022\/01\/garaza-1.png\" alt=\"\">\n\t\t\t \n\t\t\t                         <figcaption>Garage<\/figcaption>\n                            \n       \n\t\n                \n           \n        <\/figure>\n\t\t<\/div><\/div><\/div><div class=\"wpb_column vc_column_container vc_col-sm-4 vc_col-md-2 vc_col-xs-6\"><div class=\"vc_column-inner\"><div class=\"wpb_wrapper\">\n<figure class=\"icon-box wow fadeInUp\" data-wow-delay=\"0.20s\" data-toggle=\"tooltip\" data-placement=\"top\" >\n          \n           <img decoding=\"async\" src=\"https:\/\/modenazlatibor.rs\/wp-content\/uploads\/2021\/12\/terasa-e1640798614994.png\" alt=\"\">\n\t\t\t \n\t\t\t                         <figcaption>Balcony<\/figcaption>\n                            \n       \n\t\n                \n           \n        <\/figure>\n\t\t<\/div><\/div><\/div><div class=\"wpb_column vc_column_container vc_col-sm-4 vc_col-md-2 vc_col-xs-6\"><div class=\"vc_column-inner\"><div class=\"wpb_wrapper\">\n<figure class=\"icon-box wow fadeInUp\" data-wow-delay=\"0.25s\" data-toggle=\"tooltip\" data-placement=\"top\" >\n          \n           <img decoding=\"async\" src=\"https:\/\/modenazlatibor.rs\/wp-content\/uploads\/2021\/12\/sauna-e1640798591588.png\" alt=\"\">\n\t\t\t \n\t\t\t                         <figcaption>Spa &amp; Welness<\/figcaption>\n                            \n       \n\t\n                \n           \n        <\/figure>\n\t\t<\/div><\/div><\/div><\/div><\/div><\/div><\/div><\/div><\/div><\/section><section class=\"vc_section Empty_space\"><\/section>","protected":false},"excerpt":{"rendered":"Kako je nastao Modena Zlatibor Resort? Kao \u0161to su zemlja, voda i vazduh neophodni za \u017eivot bilo kog \u017eivog bi\u0107a na na\u0161oj planeti, tako smo se mi potrudili da na na\u0161em projektu poku\u0161amo da objedinimo neophodne uslove za sigurnu investiciju i komforan odmor na planini. \u0160ta to zna\u010di? &nbsp; To zna\u010di da je lokacija pa\u017eljivo [...]","protected":false},"author":1,"featured_media":0,"parent":0,"menu_order":0,"comment_status":"closed","ping_status":"closed","template":"page-portfolio.php","meta":{"footnotes":""},"class_list":["post-428","page","type-page","status-publish","hentry"],"yoast_head":"<!-- This site is optimized with the Yoast SEO plugin v27.5 - https:\/\/yoast.com\/product\/yoast-seo-wordpress\/ -->\n<title>Zgrade - Modena Zlatibor<\/title>\n<meta name=\"description\" content=\"O\u010dekuje vas kompleks poluotvorenog tipa, prirodni materijali i planinski stil koji zajedni\u010dki doprinose tradicionalnoj lepoti Zlatibora.\" \/>\n<meta name=\"robots\" content=\"index, follow, max-snippet:-1, max-image-preview:large, max-video-preview:-1\" \/>\n<link rel=\"canonical\" href=\"https:\/\/modenazlatibor.rs\/en\/zgrade\/\" \/>\n<meta property=\"og:locale\" content=\"en_US\" \/>\n<meta property=\"og:type\" content=\"article\" \/>\n<meta property=\"og:title\" content=\"Zgrade - Modena Zlatibor\" \/>\n<meta property=\"og:description\" content=\"O\u010dekuje vas kompleks poluotvorenog tipa, prirodni materijali i planinski stil koji zajedni\u010dki doprinose tradicionalnoj lepoti Zlatibora.\" \/>\n<meta property=\"og:url\" content=\"https:\/\/modenazlatibor.rs\/en\/zgrade\/\" \/>\n<meta property=\"og:site_name\" content=\"Modena Zlatibor\" \/>\n<meta property=\"article:modified_time\" content=\"2022-05-09T13:47:39+00:00\" \/>\n<meta name=\"twitter:card\" content=\"summary_large_image\" \/>\n<meta name=\"twitter:label1\" content=\"Est. reading time\" \/>\n\t<meta name=\"twitter:data1\" content=\"1 minute\" \/>\n<script type=\"application\/ld+json\" class=\"yoast-schema-graph\">{\"@context\":\"https:\\\/\\\/schema.org\",\"@graph\":[{\"@type\":\"WebPage\",\"@id\":\"https:\\\/\\\/modenazlatibor.rs\\\/zgrade\\\/\",\"url\":\"https:\\\/\\\/modenazlatibor.rs\\\/zgrade\\\/\",\"name\":\"Zgrade - Modena Zlatibor\",\"isPartOf\":{\"@id\":\"https:\\\/\\\/modenazlatibor.rs\\\/#website\"},\"datePublished\":\"2020-03-17T18:44:55+00:00\",\"dateModified\":\"2022-05-09T13:47:39+00:00\",\"description\":\"O\u010dekuje vas kompleks poluotvorenog tipa, prirodni materijali i planinski stil koji zajedni\u010dki doprinose tradicionalnoj lepoti Zlatibora.\",\"breadcrumb\":{\"@id\":\"https:\\\/\\\/modenazlatibor.rs\\\/zgrade\\\/#breadcrumb\"},\"inLanguage\":\"en-US\",\"potentialAction\":[{\"@type\":\"ReadAction\",\"target\":[\"https:\\\/\\\/modenazlatibor.rs\\\/zgrade\\\/\"]}]},{\"@type\":\"BreadcrumbList\",\"@id\":\"https:\\\/\\\/modenazlatibor.rs\\\/zgrade\\\/#breadcrumb\",\"itemListElement\":[{\"@type\":\"ListItem\",\"position\":1,\"name\":\"Modena Zlatibor Resort\",\"item\":\"https:\\\/\\\/modenazlatibor.rs\\\/\"},{\"@type\":\"ListItem\",\"position\":2,\"name\":\"Zgrade\"}]},{\"@type\":\"WebSite\",\"@id\":\"https:\\\/\\\/modenazlatibor.rs\\\/#website\",\"url\":\"https:\\\/\\\/modenazlatibor.rs\\\/\",\"name\":\"Modena Zlatibor\",\"description\":\"\",\"publisher\":{\"@id\":\"https:\\\/\\\/modenazlatibor.rs\\\/#organization\"},\"potentialAction\":[{\"@type\":\"SearchAction\",\"target\":{\"@type\":\"EntryPoint\",\"urlTemplate\":\"https:\\\/\\\/modenazlatibor.rs\\\/?s={search_term_string}\"},\"query-input\":{\"@type\":\"PropertyValueSpecification\",\"valueRequired\":true,\"valueName\":\"search_term_string\"}}],\"inLanguage\":\"en-US\"},{\"@type\":\"Organization\",\"@id\":\"https:\\\/\\\/modenazlatibor.rs\\\/#organization\",\"name\":\"Modena Zlatibor\",\"url\":\"https:\\\/\\\/modenazlatibor.rs\\\/\",\"logo\":{\"@type\":\"ImageObject\",\"inLanguage\":\"en-US\",\"@id\":\"https:\\\/\\\/modenazlatibor.rs\\\/#\\\/schema\\\/logo\\\/image\\\/\",\"url\":\"https:\\\/\\\/modenazlatibor.rs\\\/wp-content\\\/uploads\\\/2021\\\/12\\\/cropped-MODENA-ZLATIBOR-LOGO-NOVO-NO-BG.png\",\"contentUrl\":\"https:\\\/\\\/modenazlatibor.rs\\\/wp-content\\\/uploads\\\/2021\\\/12\\\/cropped-MODENA-ZLATIBOR-LOGO-NOVO-NO-BG.png\",\"width\":512,\"height\":512,\"caption\":\"Modena Zlatibor\"},\"image\":{\"@id\":\"https:\\\/\\\/modenazlatibor.rs\\\/#\\\/schema\\\/logo\\\/image\\\/\"}}]}<\/script>\n<!-- \/ Yoast SEO plugin. -->","yoast_head_json":{"title":"Zgrade - Modena Zlatibor","description":"O\u010dekuje vas kompleks poluotvorenog tipa, prirodni materijali i planinski stil koji zajedni\u010dki doprinose tradicionalnoj lepoti Zlatibora.","robots":{"index":"index","follow":"follow","max-snippet":"max-snippet:-1","max-image-preview":"max-image-preview:large","max-video-preview":"max-video-preview:-1"},"canonical":"https:\/\/modenazlatibor.rs\/en\/zgrade\/","og_locale":"en_US","og_type":"article","og_title":"Zgrade - Modena Zlatibor","og_description":"O\u010dekuje vas kompleks poluotvorenog tipa, prirodni materijali i planinski stil koji zajedni\u010dki doprinose tradicionalnoj lepoti Zlatibora.","og_url":"https:\/\/modenazlatibor.rs\/en\/zgrade\/","og_site_name":"Modena Zlatibor","article_modified_time":"2022-05-09T13:47:39+00:00","twitter_card":"summary_large_image","twitter_misc":{"Est. reading time":"1 minute"},"schema":{"@context":"https:\/\/schema.org","@graph":[{"@type":"WebPage","@id":"https:\/\/modenazlatibor.rs\/zgrade\/","url":"https:\/\/modenazlatibor.rs\/zgrade\/","name":"Zgrade - Modena Zlatibor","isPartOf":{"@id":"https:\/\/modenazlatibor.rs\/#website"},"datePublished":"2020-03-17T18:44:55+00:00","dateModified":"2022-05-09T13:47:39+00:00","description":"O\u010dekuje vas kompleks poluotvorenog tipa, prirodni materijali i planinski stil koji zajedni\u010dki doprinose tradicionalnoj lepoti Zlatibora.","breadcrumb":{"@id":"https:\/\/modenazlatibor.rs\/zgrade\/#breadcrumb"},"inLanguage":"en-US","potentialAction":[{"@type":"ReadAction","target":["https:\/\/modenazlatibor.rs\/zgrade\/"]}]},{"@type":"BreadcrumbList","@id":"https:\/\/modenazlatibor.rs\/zgrade\/#breadcrumb","itemListElement":[{"@type":"ListItem","position":1,"name":"Modena Zlatibor Resort","item":"https:\/\/modenazlatibor.rs\/"},{"@type":"ListItem","position":2,"name":"Zgrade"}]},{"@type":"WebSite","@id":"https:\/\/modenazlatibor.rs\/#website","url":"https:\/\/modenazlatibor.rs\/","name":"Modena Zlatibor","description":"","publisher":{"@id":"https:\/\/modenazlatibor.rs\/#organization"},"potentialAction":[{"@type":"SearchAction","target":{"@type":"EntryPoint","urlTemplate":"https:\/\/modenazlatibor.rs\/?s={search_term_string}"},"query-input":{"@type":"PropertyValueSpecification","valueRequired":true,"valueName":"search_term_string"}}],"inLanguage":"en-US"},{"@type":"Organization","@id":"https:\/\/modenazlatibor.rs\/#organization","name":"Modena Zlatibor","url":"https:\/\/modenazlatibor.rs\/","logo":{"@type":"ImageObject","inLanguage":"en-US","@id":"https:\/\/modenazlatibor.rs\/#\/schema\/logo\/image\/","url":"https:\/\/modenazlatibor.rs\/wp-content\/uploads\/2021\/12\/cropped-MODENA-ZLATIBOR-LOGO-NOVO-NO-BG.png","contentUrl":"https:\/\/modenazlatibor.rs\/wp-content\/uploads\/2021\/12\/cropped-MODENA-ZLATIBOR-LOGO-NOVO-NO-BG.png","width":512,"height":512,"caption":"Modena Zlatibor"},"image":{"@id":"https:\/\/modenazlatibor.rs\/#\/schema\/logo\/image\/"}}]}},"_links":{"self":[{"href":"https:\/\/modenazlatibor.rs\/en\/wp-json\/wp\/v2\/pages\/428","targetHints":{"allow":["GET"]}}],"collection":[{"href":"https:\/\/modenazlatibor.rs\/en\/wp-json\/wp\/v2\/pages"}],"about":[{"href":"https:\/\/modenazlatibor.rs\/en\/wp-json\/wp\/v2\/types\/page"}],"author":[{"embeddable":true,"href":"https:\/\/modenazlatibor.rs\/en\/wp-json\/wp\/v2\/users\/1"}],"replies":[{"embeddable":true,"href":"https:\/\/modenazlatibor.rs\/en\/wp-json\/wp\/v2\/comments?post=428"}],"version-history":[{"count":75,"href":"https:\/\/modenazlatibor.rs\/en\/wp-json\/wp\/v2\/pages\/428\/revisions"}],"predecessor-version":[{"id":2343,"href":"https:\/\/modenazlatibor.rs\/en\/wp-json\/wp\/v2\/pages\/428\/revisions\/2343"}],"wp:attachment":[{"href":"https:\/\/modenazlatibor.rs\/en\/wp-json\/wp\/v2\/media?parent=428"}],"curies":[{"name":"wp","href":"https:\/\/api.w.org\/{rel}","templated":true}]}}