{"id":3241,"date":"2024-09-08T21:53:37","date_gmt":"2024-09-08T20:53:37","guid":{"rendered":"https:\/\/modenazlatibor.rs\/?page_id=3241"},"modified":"2024-09-12T08:50:15","modified_gmt":"2024-09-12T07:50:15","slug":"novosti","status":"publish","type":"page","link":"https:\/\/modenazlatibor.rs\/en\/novosti\/","title":{"rendered":"News &amp; Events"},"content":{"rendered":"\t\t<div data-elementor-type=\"wp-page\" data-elementor-id=\"3241\" class=\"elementor elementor-3241\">\n\t\t\t\t<div class=\"elementor-element elementor-element-16fe366d e-flex e-con-boxed e-con e-parent\" data-id=\"16fe366d\" data-element_type=\"container\" data-e-type=\"container\">\n\t\t\t\t\t<div class=\"e-con-inner\">\n\t\t<div class=\"elementor-element elementor-element-741fc61 e-con-full e-flex e-con e-child\" data-id=\"741fc61\" data-element_type=\"container\" data-e-type=\"container\" data-settings=\"{&quot;background_background&quot;:&quot;classic&quot;}\">\n\t\t<div class=\"elementor-element elementor-element-309ffab e-flex e-con-boxed e-con e-child\" data-id=\"309ffab\" data-element_type=\"container\" data-e-type=\"container\">\n\t\t\t\t\t<div class=\"e-con-inner\">\n\t\t\t\t<div class=\"elementor-element elementor-element-5fc2ff6 exad-sticky-section-no exad-glass-effect-no elementor-widget elementor-widget-heading\" data-id=\"5fc2ff6\" data-element_type=\"widget\" data-e-type=\"widget\" data-widget_type=\"heading.default\">\n\t\t\t\t<div class=\"elementor-widget-container\">\n\t\t\t\t\t<h1 class=\"elementor-heading-title elementor-size-default\">Novosti<\/h1>\t\t\t\t<\/div>\n\t\t\t\t<\/div>\n\t\t\t\t<div class=\"elementor-element elementor-element-b5244e7 exad-sticky-section-no exad-glass-effect-no elementor-widget elementor-widget-heading\" data-id=\"b5244e7\" data-element_type=\"widget\" data-e-type=\"widget\" data-widget_type=\"heading.default\">\n\t\t\t\t<div class=\"elementor-widget-container\">\n\t\t\t\t\t<h2 class=\"elementor-heading-title elementor-size-default\">Poslednje vesti iz Modena Zlatibor Resort-a<\/h2>\t\t\t\t<\/div>\n\t\t\t\t<\/div>\n\t\t\t\t\t<\/div>\n\t\t\t\t<\/div>\n\t\t\t\t<\/div>\n\t\t<div class=\"elementor-element elementor-element-c7f8109 e-con-full e-flex e-con e-child\" data-id=\"c7f8109\" data-element_type=\"container\" data-e-type=\"container\">\n\t\t\t\t<div class=\"elementor-element elementor-element-0f74655 exad-sticky-section-no exad-glass-effect-no elementor-widget elementor-widget-elementskit-blog-posts\" data-id=\"0f74655\" data-element_type=\"widget\" data-e-type=\"widget\" data-widget_type=\"elementskit-blog-posts.default\">\n\t\t\t\t<div class=\"elementor-widget-container\">\n\t\t\t\t\t<div class=\"ekit-wid-con\" >        <div id=\"post-items--0f74655\" class=\"row post-items\">\n                    <div class=\"col-md-12\">\n\n                                    <div class=\"elementskit-blog-block-post\">\n                        <div class=\"row no-gutters\">\n                                                            <div class=\"col-md-6 order-1\">\n                                    <a href=\"https:\/\/modenazlatibor.rs\/en\/modena-zlatibor-resort-i-gradnja-rs-nekretnine-koje-zaradjuju-za-vas\/\" class=\"elementskit-entry-thumb\">\n                                        <img decoding=\"async\" src=\"https:\/\/modenazlatibor.rs\/wp-content\/uploads\/2022\/08\/modena-zlatibor-resort-kupovina-stambeni-kredit-1024x576.jpg\" alt=\"Modena Zlatibor Resort i Gradnja.rs: Nekretnine koje zara\u0111uju za vas\">\n                                    <\/a><!-- .elementskit-entry-thumb END -->\n                                <\/div>\n                            \n                            <div class=\"col-md-6 order-2\">\n                                <div class=\"elementskit-post-body \">\n                                    <div class=\"elementskit-entry-header\">\n                                        \n                                                                                            \t\t\t\t\t                                            \n                                            \n                                                                                            \t\t\t\t<h2 class=\"entry-title\">\n\t\t\t\t\t<a href=\"https:\/\/modenazlatibor.rs\/en\/modena-zlatibor-resort-i-gradnja-rs-nekretnine-koje-zaradjuju-za-vas\/\">\n\t\t\t\t\t\tModena Zlatibor Resort i Gradnja.rs: Nekretnine koje zara\u0111uju za vas\t\t\t\t\t<\/a>\n\t\t\t\t<\/h2>\n\t\t\t                                                                                <\/div><!-- .elementskit-entry-header END -->\n\n                                                                            <div class=\"elementskit-post-footer\">\n                                                                                            <p>Ovaj jedinstveni planinski kompleks u Srbiji osmi\u0161ljen je tako da vam pru\u017ei maksimalan komfor i povratak investicije u \u0161to kra\u0107em roku. Ulaganje u nekretnine je najsigurniji vid investiranja. Analize tr\u017ei\u0161ta nam pokazuju da je vi\u0161e ljudi koji tra\u017ee proverenog i pouzdanog investitora u \u010diji projekat bi investirali svoj novac. Na ovo nas upu\u0107uje i \u010dinjenica [&hellip;]<\/p>\n                                                                                                                                <\/div><!-- .elementskit-post-footer END -->\n                                                                    <\/div><!-- .elementskit-post-body END -->\n                            <\/div>\n                        <\/div>\n                    <\/div><!-- .elementskit-blog-block-post .radius .gradient-bg END -->\n                \n            <\/div>\n                    <div class=\"col-md-12\">\n\n                                    <div class=\"elementskit-blog-block-post\">\n                        <div class=\"row no-gutters\">\n                                                            <div class=\"col-md-6 order-1\">\n                                    <a href=\"https:\/\/modenazlatibor.rs\/en\/kako-je-zaista-ziveti-u-gradu-na-planini\/\" class=\"elementskit-entry-thumb\">\n                                        <img decoding=\"async\" src=\"https:\/\/modenazlatibor.rs\/wp-content\/uploads\/2022\/03\/U-odeljku-Smes\u030ctajni-kapaciteti-na-Zlatiboru-ispod-2.-pasusa-Zlatiborski-brzi-voz.jpg\" alt=\"Kako je zaista \u017eiveti u gradu na planini?\">\n                                    <\/a><!-- .elementskit-entry-thumb END -->\n                                <\/div>\n                            \n                            <div class=\"col-md-6 order-2\">\n                                <div class=\"elementskit-post-body \">\n                                    <div class=\"elementskit-entry-header\">\n                                        \n                                                                                            \t\t\t\t\t                                            \n                                            \n                                                                                            \t\t\t\t<h2 class=\"entry-title\">\n\t\t\t\t\t<a href=\"https:\/\/modenazlatibor.rs\/en\/kako-je-zaista-ziveti-u-gradu-na-planini\/\">\n\t\t\t\t\t\tKako je zaista \u017eiveti u gradu na planini?\t\t\t\t\t<\/a>\n\t\t\t\t<\/h2>\n\t\t\t                                                                                <\/div><!-- .elementskit-entry-header END -->\n\n                                                                            <div class=\"elementskit-post-footer\">\n                                                                                            <p>Kada ljudi zimuju ili letuju u mestu koje vi zovete domom, to vam slu\u017ei kao trenutni podsetnik koliko ste zapravno sre\u0107ni \u0161to tamo \u017eivite. \u017divite jedinstven na\u010din \u017eivota. Zasnovati svoj \u017eivot na turisti\u010dkim lokacijama mo\u017ee biti te\u0161ko, ali ima i mnogo benefita. Ono \u0161to je va\u017eno setiti se da su ovi gradovi odmarali\u0161ta sa razlogom. [&hellip;]<\/p>\n                                                                                                                                <\/div><!-- .elementskit-post-footer END -->\n                                                                    <\/div><!-- .elementskit-post-body END -->\n                            <\/div>\n                        <\/div>\n                    <\/div><!-- .elementskit-blog-block-post .radius .gradient-bg END -->\n                \n            <\/div>\n                    <div class=\"col-md-12\">\n\n                                    <div class=\"elementskit-blog-block-post\">\n                        <div class=\"row no-gutters\">\n                                                            <div class=\"col-md-6 order-1\">\n                                    <a href=\"https:\/\/modenazlatibor.rs\/en\/saveti-za-kupovinu-nekretnina\/\" class=\"elementskit-entry-thumb\">\n                                        <img decoding=\"async\" src=\"https:\/\/modenazlatibor.rs\/wp-content\/uploads\/2022\/03\/panorama_Gold-_gondola_Zlatibor_foto-privatna_arhiva-840x1024.jpg\" alt=\"Saveti za kupovinu nekretnina\">\n                                    <\/a><!-- .elementskit-entry-thumb END -->\n                                <\/div>\n                            \n                            <div class=\"col-md-6 order-2\">\n                                <div class=\"elementskit-post-body \">\n                                    <div class=\"elementskit-entry-header\">\n                                        \n                                                                                            \t\t\t\t\t                                            \n                                            \n                                                                                            \t\t\t\t<h2 class=\"entry-title\">\n\t\t\t\t\t<a href=\"https:\/\/modenazlatibor.rs\/en\/saveti-za-kupovinu-nekretnina\/\">\n\t\t\t\t\t\tSaveti za kupovinu nekretnina\t\t\t\t\t<\/a>\n\t\t\t\t<\/h2>\n\t\t\t                                                                                <\/div><!-- .elementskit-entry-header END -->\n\n                                                                            <div class=\"elementskit-post-footer\">\n                                                                                            <p>Saveti za kupovinu nekretnine na Zlatiboru Zlatibor je jedna od na\u0161ih najpose\u0107enijih planina, kako od strane doma\u0107ih turista, tako i turista \u0161irom Evrope i sveta. Bez obzira na godi\u0161nje doba, on svojim posetiocima, pru\u017ea brojne mogu\u0107nosti za odmor i relaksaciju. Predstavlja pravi izbor kako za roditelje sa decom, tako i za stariju populaciju. Kupovina nekretnina [&hellip;]<\/p>\n                                                                                                                                <\/div><!-- .elementskit-post-footer END -->\n                                                                    <\/div><!-- .elementskit-post-body END -->\n                            <\/div>\n                        <\/div>\n                    <\/div><!-- .elementskit-blog-block-post .radius .gradient-bg END -->\n                \n            <\/div>\n                    <div class=\"col-md-12\">\n\n                                    <div class=\"elementskit-blog-block-post\">\n                        <div class=\"row no-gutters\">\n                                                            <div class=\"col-md-6 order-1\">\n                                    <a href=\"https:\/\/modenazlatibor.rs\/en\/netaknuti-kutak-srbije-tokom-cele-godine\/\" class=\"elementskit-entry-thumb\">\n                                        <img decoding=\"async\" src=\"https:\/\/modenazlatibor.rs\/wp-content\/uploads\/2022\/01\/arthur-poulin-NhU0nUR7920-unsplash-1024x681.jpg\" alt=\"Netaknuti kutak Srbije tokom cele godine\">\n                                    <\/a><!-- .elementskit-entry-thumb END -->\n                                <\/div>\n                            \n                            <div class=\"col-md-6 order-2\">\n                                <div class=\"elementskit-post-body \">\n                                    <div class=\"elementskit-entry-header\">\n                                        \n                                                                                            \t\t\t\t\t                                            \n                                            \n                                                                                            \t\t\t\t<h2 class=\"entry-title\">\n\t\t\t\t\t<a href=\"https:\/\/modenazlatibor.rs\/en\/netaknuti-kutak-srbije-tokom-cele-godine\/\">\n\t\t\t\t\t\tNetaknuti kutak Srbije tokom cele godine\t\t\t\t\t<\/a>\n\t\t\t\t<\/h2>\n\t\t\t                                                                                <\/div><!-- .elementskit-entry-header END -->\n\n                                                                            <div class=\"elementskit-post-footer\">\n                                                                                            <p>Odmor u Srbiji mo\u017ee biti odli\u010dna ideja tokom cele godine i idealna prilika da se cela porodica okupi i istra\u017ei sve lepote i blagodeti na\u0161e zemlje. Srbija ima odli\u010dna mesta za odmor za sve generacije, vrste i tipove putovanja. Ipak, Zlatibor pru\u017ea za nijansu vi\u0161e. Turisti\u010dki centar koji \u017eivi 365 dana u godini, mnogo restorana, [&hellip;]<\/p>\n                                                                                                                                <\/div><!-- .elementskit-post-footer END -->\n                                                                    <\/div><!-- .elementskit-post-body END -->\n                            <\/div>\n                        <\/div>\n                    <\/div><!-- .elementskit-blog-block-post .radius .gradient-bg END -->\n                \n            <\/div>\n                <\/div>\n       <\/div>\t\t\t\t<\/div>\n\t\t\t\t<\/div>\n\t\t\t\t<\/div>\n\t\t\t\t\t<\/div>\n\t\t\t\t<\/div>\n\t\t\t\t<\/div>\n\t\t","protected":false},"excerpt":{"rendered":"<p>Novosti Poslednje vesti iz Modena Zlatibor Resort-a Modena Zlatibor Resort i Gradnja.rs: Nekretnine koje zara\u0111uju za vas Ovaj jedinstveni planinski kompleks u Srbiji osmi\u0161ljen je tako da vam pru\u017ei maksimalan komfor i povratak investicije u \u0161to kra\u0107em roku. Ulaganje u nekretnine je najsigurniji vid investiranja. Analize tr\u017ei\u0161ta nam pokazuju da je vi\u0161e ljudi koji tra\u017ee [&hellip;]<\/p>\n","protected":false},"author":5,"featured_media":0,"parent":0,"menu_order":0,"comment_status":"closed","ping_status":"closed","template":"page-portfolio.php","meta":{"footnotes":""},"class_list":["post-3241","page","type-page","status-publish","hentry"],"yoast_head":"<!-- This site is optimized with the Yoast SEO plugin v27.3 - https:\/\/yoast.com\/product\/yoast-seo-wordpress\/ -->\n<title>Novosti - Modena Zlatibor<\/title>\n<meta name=\"description\" content=\"Pratite najnovije vesti i a\u017euriranja. Ostanite informisani o na\u0161im projektima, doga\u0111ajima i va\u017enim obave\u0161tenjima.\" \/>\n<meta name=\"robots\" content=\"index, follow, max-snippet:-1, max-image-preview:large, max-video-preview:-1\" \/>\n<link rel=\"canonical\" href=\"https:\/\/modenazlatibor.rs\/en\/novosti\/\" \/>\n<meta property=\"og:locale\" content=\"en_US\" \/>\n<meta property=\"og:type\" content=\"article\" \/>\n<meta property=\"og:title\" content=\"Novosti - Modena Zlatibor\" \/>\n<meta property=\"og:description\" content=\"Pratite najnovije vesti i a\u017euriranja. Ostanite informisani o na\u0161im projektima, doga\u0111ajima i va\u017enim obave\u0161tenjima.\" \/>\n<meta property=\"og:url\" content=\"https:\/\/modenazlatibor.rs\/en\/novosti\/\" \/>\n<meta property=\"og:site_name\" content=\"Modena Zlatibor\" \/>\n<meta property=\"article:modified_time\" content=\"2024-09-12T07:50:15+00:00\" \/>\n<meta property=\"og:image\" content=\"https:\/\/modenazlatibor.rs\/wp-content\/uploads\/2022\/08\/modena-zlatibor-resort-kupovina-stambeni-kredit-1024x576.jpg\" \/>\n<meta name=\"twitter:card\" content=\"summary_large_image\" \/>\n<meta name=\"twitter:label1\" content=\"Est. reading time\" \/>\n\t<meta name=\"twitter:data1\" content=\"3 minutes\" \/>\n<script type=\"application\/ld+json\" class=\"yoast-schema-graph\">{\"@context\":\"https:\\\/\\\/schema.org\",\"@graph\":[{\"@type\":\"WebPage\",\"@id\":\"https:\\\/\\\/modenazlatibor.rs\\\/novosti\\\/\",\"url\":\"https:\\\/\\\/modenazlatibor.rs\\\/novosti\\\/\",\"name\":\"Novosti - Modena Zlatibor\",\"isPartOf\":{\"@id\":\"https:\\\/\\\/modenazlatibor.rs\\\/#website\"},\"primaryImageOfPage\":{\"@id\":\"https:\\\/\\\/modenazlatibor.rs\\\/novosti\\\/#primaryimage\"},\"image\":{\"@id\":\"https:\\\/\\\/modenazlatibor.rs\\\/novosti\\\/#primaryimage\"},\"thumbnailUrl\":\"https:\\\/\\\/modenazlatibor.rs\\\/wp-content\\\/uploads\\\/2022\\\/08\\\/modena-zlatibor-resort-kupovina-stambeni-kredit-1024x576.jpg\",\"datePublished\":\"2024-09-08T20:53:37+00:00\",\"dateModified\":\"2024-09-12T07:50:15+00:00\",\"description\":\"Pratite najnovije vesti i a\u017euriranja. Ostanite informisani o na\u0161im projektima, doga\u0111ajima i va\u017enim obave\u0161tenjima.\",\"breadcrumb\":{\"@id\":\"https:\\\/\\\/modenazlatibor.rs\\\/novosti\\\/#breadcrumb\"},\"inLanguage\":\"en-US\",\"potentialAction\":[{\"@type\":\"ReadAction\",\"target\":[\"https:\\\/\\\/modenazlatibor.rs\\\/novosti\\\/\"]}]},{\"@type\":\"ImageObject\",\"inLanguage\":\"en-US\",\"@id\":\"https:\\\/\\\/modenazlatibor.rs\\\/novosti\\\/#primaryimage\",\"url\":\"https:\\\/\\\/modenazlatibor.rs\\\/wp-content\\\/uploads\\\/2022\\\/08\\\/modena-zlatibor-resort-kupovina-stambeni-kredit-1024x576.jpg\",\"contentUrl\":\"https:\\\/\\\/modenazlatibor.rs\\\/wp-content\\\/uploads\\\/2022\\\/08\\\/modena-zlatibor-resort-kupovina-stambeni-kredit-1024x576.jpg\"},{\"@type\":\"BreadcrumbList\",\"@id\":\"https:\\\/\\\/modenazlatibor.rs\\\/novosti\\\/#breadcrumb\",\"itemListElement\":[{\"@type\":\"ListItem\",\"position\":1,\"name\":\"Modena Zlatibor Resort\",\"item\":\"https:\\\/\\\/modenazlatibor.rs\\\/\"},{\"@type\":\"ListItem\",\"position\":2,\"name\":\"Novosti\"}]},{\"@type\":\"WebSite\",\"@id\":\"https:\\\/\\\/modenazlatibor.rs\\\/#website\",\"url\":\"https:\\\/\\\/modenazlatibor.rs\\\/\",\"name\":\"Modena Zlatibor\",\"description\":\"\",\"publisher\":{\"@id\":\"https:\\\/\\\/modenazlatibor.rs\\\/#organization\"},\"potentialAction\":[{\"@type\":\"SearchAction\",\"target\":{\"@type\":\"EntryPoint\",\"urlTemplate\":\"https:\\\/\\\/modenazlatibor.rs\\\/?s={search_term_string}\"},\"query-input\":{\"@type\":\"PropertyValueSpecification\",\"valueRequired\":true,\"valueName\":\"search_term_string\"}}],\"inLanguage\":\"en-US\"},{\"@type\":\"Organization\",\"@id\":\"https:\\\/\\\/modenazlatibor.rs\\\/#organization\",\"name\":\"Modena Zlatibor\",\"url\":\"https:\\\/\\\/modenazlatibor.rs\\\/\",\"logo\":{\"@type\":\"ImageObject\",\"inLanguage\":\"en-US\",\"@id\":\"https:\\\/\\\/modenazlatibor.rs\\\/#\\\/schema\\\/logo\\\/image\\\/\",\"url\":\"https:\\\/\\\/modenazlatibor.rs\\\/wp-content\\\/uploads\\\/2021\\\/12\\\/cropped-MODENA-ZLATIBOR-LOGO-NOVO-NO-BG.png\",\"contentUrl\":\"https:\\\/\\\/modenazlatibor.rs\\\/wp-content\\\/uploads\\\/2021\\\/12\\\/cropped-MODENA-ZLATIBOR-LOGO-NOVO-NO-BG.png\",\"width\":512,\"height\":512,\"caption\":\"Modena Zlatibor\"},\"image\":{\"@id\":\"https:\\\/\\\/modenazlatibor.rs\\\/#\\\/schema\\\/logo\\\/image\\\/\"}}]}<\/script>\n<!-- \/ Yoast SEO plugin. -->","yoast_head_json":{"title":"Novosti - Modena Zlatibor","description":"Pratite najnovije vesti i a\u017euriranja. Ostanite informisani o na\u0161im projektima, doga\u0111ajima i va\u017enim obave\u0161tenjima.","robots":{"index":"index","follow":"follow","max-snippet":"max-snippet:-1","max-image-preview":"max-image-preview:large","max-video-preview":"max-video-preview:-1"},"canonical":"https:\/\/modenazlatibor.rs\/en\/novosti\/","og_locale":"en_US","og_type":"article","og_title":"Novosti - Modena Zlatibor","og_description":"Pratite najnovije vesti i a\u017euriranja. Ostanite informisani o na\u0161im projektima, doga\u0111ajima i va\u017enim obave\u0161tenjima.","og_url":"https:\/\/modenazlatibor.rs\/en\/novosti\/","og_site_name":"Modena Zlatibor","article_modified_time":"2024-09-12T07:50:15+00:00","og_image":[{"url":"https:\/\/modenazlatibor.rs\/wp-content\/uploads\/2022\/08\/modena-zlatibor-resort-kupovina-stambeni-kredit-1024x576.jpg","type":"","width":"","height":""}],"twitter_card":"summary_large_image","twitter_misc":{"Est. reading time":"3 minutes"},"schema":{"@context":"https:\/\/schema.org","@graph":[{"@type":"WebPage","@id":"https:\/\/modenazlatibor.rs\/novosti\/","url":"https:\/\/modenazlatibor.rs\/novosti\/","name":"Novosti - Modena Zlatibor","isPartOf":{"@id":"https:\/\/modenazlatibor.rs\/#website"},"primaryImageOfPage":{"@id":"https:\/\/modenazlatibor.rs\/novosti\/#primaryimage"},"image":{"@id":"https:\/\/modenazlatibor.rs\/novosti\/#primaryimage"},"thumbnailUrl":"https:\/\/modenazlatibor.rs\/wp-content\/uploads\/2022\/08\/modena-zlatibor-resort-kupovina-stambeni-kredit-1024x576.jpg","datePublished":"2024-09-08T20:53:37+00:00","dateModified":"2024-09-12T07:50:15+00:00","description":"Pratite najnovije vesti i a\u017euriranja. Ostanite informisani o na\u0161im projektima, doga\u0111ajima i va\u017enim obave\u0161tenjima.","breadcrumb":{"@id":"https:\/\/modenazlatibor.rs\/novosti\/#breadcrumb"},"inLanguage":"en-US","potentialAction":[{"@type":"ReadAction","target":["https:\/\/modenazlatibor.rs\/novosti\/"]}]},{"@type":"ImageObject","inLanguage":"en-US","@id":"https:\/\/modenazlatibor.rs\/novosti\/#primaryimage","url":"https:\/\/modenazlatibor.rs\/wp-content\/uploads\/2022\/08\/modena-zlatibor-resort-kupovina-stambeni-kredit-1024x576.jpg","contentUrl":"https:\/\/modenazlatibor.rs\/wp-content\/uploads\/2022\/08\/modena-zlatibor-resort-kupovina-stambeni-kredit-1024x576.jpg"},{"@type":"BreadcrumbList","@id":"https:\/\/modenazlatibor.rs\/novosti\/#breadcrumb","itemListElement":[{"@type":"ListItem","position":1,"name":"Modena Zlatibor Resort","item":"https:\/\/modenazlatibor.rs\/"},{"@type":"ListItem","position":2,"name":"Novosti"}]},{"@type":"WebSite","@id":"https:\/\/modenazlatibor.rs\/#website","url":"https:\/\/modenazlatibor.rs\/","name":"Modena Zlatibor","description":"","publisher":{"@id":"https:\/\/modenazlatibor.rs\/#organization"},"potentialAction":[{"@type":"SearchAction","target":{"@type":"EntryPoint","urlTemplate":"https:\/\/modenazlatibor.rs\/?s={search_term_string}"},"query-input":{"@type":"PropertyValueSpecification","valueRequired":true,"valueName":"search_term_string"}}],"inLanguage":"en-US"},{"@type":"Organization","@id":"https:\/\/modenazlatibor.rs\/#organization","name":"Modena Zlatibor","url":"https:\/\/modenazlatibor.rs\/","logo":{"@type":"ImageObject","inLanguage":"en-US","@id":"https:\/\/modenazlatibor.rs\/#\/schema\/logo\/image\/","url":"https:\/\/modenazlatibor.rs\/wp-content\/uploads\/2021\/12\/cropped-MODENA-ZLATIBOR-LOGO-NOVO-NO-BG.png","contentUrl":"https:\/\/modenazlatibor.rs\/wp-content\/uploads\/2021\/12\/cropped-MODENA-ZLATIBOR-LOGO-NOVO-NO-BG.png","width":512,"height":512,"caption":"Modena Zlatibor"},"image":{"@id":"https:\/\/modenazlatibor.rs\/#\/schema\/logo\/image\/"}}]}},"_links":{"self":[{"href":"https:\/\/modenazlatibor.rs\/en\/wp-json\/wp\/v2\/pages\/3241","targetHints":{"allow":["GET"]}}],"collection":[{"href":"https:\/\/modenazlatibor.rs\/en\/wp-json\/wp\/v2\/pages"}],"about":[{"href":"https:\/\/modenazlatibor.rs\/en\/wp-json\/wp\/v2\/types\/page"}],"author":[{"embeddable":true,"href":"https:\/\/modenazlatibor.rs\/en\/wp-json\/wp\/v2\/users\/5"}],"replies":[{"embeddable":true,"href":"https:\/\/modenazlatibor.rs\/en\/wp-json\/wp\/v2\/comments?post=3241"}],"version-history":[{"count":62,"href":"https:\/\/modenazlatibor.rs\/en\/wp-json\/wp\/v2\/pages\/3241\/revisions"}],"predecessor-version":[{"id":3577,"href":"https:\/\/modenazlatibor.rs\/en\/wp-json\/wp\/v2\/pages\/3241\/revisions\/3577"}],"wp:attachment":[{"href":"https:\/\/modenazlatibor.rs\/en\/wp-json\/wp\/v2\/media?parent=3241"}],"curies":[{"name":"wp","href":"https:\/\/api.w.org\/{rel}","templated":true}]}}