{"id":241,"date":"2020-03-21T16:09:39","date_gmt":"2020-03-21T16:09:39","guid":{"rendered":"http:\/\/hompark.themezinho.net\/?page_id=241"},"modified":"2023-06-12T12:28:40","modified_gmt":"2023-06-12T11:28:40","slug":"kesikredit","status":"publish","type":"page","link":"https:\/\/modenazlatibor.rs\/en\/kesikredit\/","title":{"rendered":"Cash and Credit"},"content":{"rendered":"<section  class=\"content-section\" ><div class=\"container\"><div class=\"vc_row wpb_row vc_row-fluid vc_custom_1644342835549\"><div class=\"wpb_column vc_column_container vc_col-sm-12\"><div class=\"vc_column-inner\"><div class=\"wpb_wrapper\"><div class=\"vc_row wpb_row vc_inner vc_row-fluid\"><div class=\"wpb_column vc_column_container vc_col-sm-12\"><div class=\"vc_column-inner\"><div class=\"wpb_wrapper\">\n\n\n<div class=\"about-content\" >\n\t\t  <h2><em>Cash<\/em><\/h2>\n<p><span style=\"font-weight: 400;\">When it comes to paying for real estate in cash, you can pay the amount all at once or according to pre-agreed dynamics, i.e. installments. If you are buying your first apartment, you have the possibility to get a value added tax (VAT) refund.<\/span><\/p>\n\t\n\t\n\t\n\t\n\t\t  <\/div>\n\n\t\t<div class=\"vc_empty_space\"   style=\"height: 32px\"><span class=\"vc_empty_space_inner\"><\/span><\/div><\/div><\/div><\/div><\/div><div class=\"vc_row wpb_row vc_inner vc_row-fluid vc_custom_1584806164911\"><div class=\"wpb_column vc_column_container vc_col-sm-12\"><div class=\"vc_column-inner\"><div class=\"wpb_wrapper\">\n\n\n<div class=\"about-content\" >\n\t\t  <h2><em>Credit \u00a0<\/em><\/h2>\n<p><span style=\"font-weight: 400;\">Call our advisor to get all the answers as soon as possible.<\/span><\/p>\n<p><span style=\"font-weight: 400;\">Given that the construction of the complex is monitored by the bank, we enabled future clients to buy apartments through the bank's housing loans, regardless of the level of construction of the project, under more favorable conditions, with already provided project documentation.<\/span><\/p>\n<p><span style=\"font-weight: 400;\">All the necessary documentation for the real estate is already in the bank and you do not have to collect it yourself, coming to the bank solves everything.\u00a0<\/span><\/p>\n<p><span style=\"font-weight: 400;\">If you are buying your first apartment, you have the possibility to get a value added tax (VAT) refund.<\/span><\/p>\n<p class=\"translation-block\">You can check the loan installment as well as all the necessary information at <a href=\"https:\/\/www.nlbkb.rs\/stanovnistvo\/krediti\/stambeni-krediti#kalkulator-stambeni\" target=\"_self\"><strong><span style=\"color: #800080\">Comercijalna Bank loan calculator<\/span><\/strong><\/a>.<\/p>\n<ul>\n<li>10% u\u010de\u0161\u0107e pri potpisivanju ugovora, ostatak po zavr\u0161etku projekta<\/li>\n<li>Stambeni krediti NLB Komercijalne banke<br \/>\no S obzirom da izgradnju kompleksa prati banka, omogu\u0107ili smo<br \/>\nbudu\u0107im klijentima kupovinu stanova putem stambenih kredita<br \/>\nbanke, bez obzira na stepen izgradjenosti projekta, pod povoljnijim<br \/>\nuslovima, uz ve\u0107 obezbe\u0111enu projektnu dokumentaciju.<\/li>\n<li>30% u\u010de\u0161\u0107e, 60% u ratama u toku izgradnje, 10% na primopredaji klju\u010deva<\/li>\n<li>20% u\u010de\u0161\u0107a, ostatak od 80% kada zgrada dostigne 80% zavr\u0161enosti kako bi klijenti mogli da dobiju kredit I u drugim bankama<\/li>\n<li>Predlo\u017eite nam Va\u0161u dinamiku<\/li>\n<li>Ukoliko ispunjavate uslove, imate mogu\u0107nost da dobijete povra\u0107aj poreza na dodatu vrednost (PDV-a).<\/li>\n<\/ul>\n\t\n\t\n\t\n\t\n\t\t  <\/div>\n\n\t\t<\/div><\/div><\/div><\/div><div class=\"vc_row wpb_row vc_inner vc_row-fluid vc_custom_1644342955577\"><div class=\"wpb_column vc_column_container vc_col-sm-12\"><div class=\"vc_column-inner vc_custom_1644342998513\"><div class=\"wpb_wrapper\">\n\t<div  class=\"wpb_single_image wpb_content_element vc_align_left\">\n\t\t\n\t\t<figure class=\"wpb_wrapper vc_figure\">\n\t\t\t<div class=\"vc_single_image-wrapper   vc_box_border_grey\"><img fetchpriority=\"high\" decoding=\"async\" width=\"1600\" height=\"901\" src=\"https:\/\/modenazlatibor.rs\/wp-content\/uploads\/2021\/12\/04-e1642614823245.jpeg\" class=\"vc_single_image-img attachment-full\" alt=\"prodaja stanova Zlatibor-modena aqua zgrada\" \/><\/div>\n\t\t<\/figure>\n\t<\/div>\n<\/div><\/div><\/div><\/div><div class=\"vc_row wpb_row vc_inner vc_row-fluid vc_custom_1644342967245\"><div class=\"wpb_column vc_column_container vc_col-sm-12\"><div class=\"vc_column-inner\"><div class=\"wpb_wrapper\"><div class=\"vc_empty_space\"   style=\"height: 32px\"><span class=\"vc_empty_space_inner\"><\/span><\/div>\n\n\n<div class=\"about-content\" >\n\t\t  <h5>Are you interested in a home loan? Call our agents through the contact form and find out about all the doubts you have!<\/h5>\n\t\n\t\n\t\n\t\n\t\t  <\/div>\n\n\t\t<div class=\"vc_empty_space\"   style=\"height: 32px\"><span class=\"vc_empty_space_inner\"><\/span><\/div><\/div><\/div><\/div><\/div><\/div><\/div><\/div><\/div><\/div><\/section>","protected":false},"excerpt":{"rendered":"Ke\u0161 Kada je u pitanju pla\u0107anje nekretnine gotovinom, iznos mo\u017eete isplatiti odjednom ili po unapred dogovorenoj dinamici tj ratama. Ukoliko kupujete prvi stan, imate mogu\u0107nost da dobijete povra\u0107aj poreza na dodatu vrednost (PDV-a). Kredit \u00a0 Pozovite na\u0161eg savetnika kako biste dobili sve odgovore u najkra\u0107em mogu\u0107em roku. S obzirom da izgradnju kompleksa prati banka, omogu\u0107ili [...]","protected":false},"author":1,"featured_media":0,"parent":0,"menu_order":0,"comment_status":"closed","ping_status":"closed","template":"page-portfolio.php","meta":{"footnotes":""},"class_list":["post-241","page","type-page","status-publish","hentry"],"yoast_head":"<!-- This site is optimized with the Yoast SEO plugin v27.3 - https:\/\/yoast.com\/product\/yoast-seo-wordpress\/ -->\n<title>Ke\u0161 i kredit - Modena Zlatibor<\/title>\n<meta name=\"description\" content=\"Kupite apartman na rate, stambenim kreditima Komercijalne banke po veoma povoljnim uslovima, uz vec obezbe\u0111enu projektnu dokumentaciju.\" \/>\n<meta name=\"robots\" content=\"index, follow, max-snippet:-1, max-image-preview:large, max-video-preview:-1\" \/>\n<link rel=\"canonical\" href=\"https:\/\/modenazlatibor.rs\/en\/kesikredit\/\" \/>\n<meta property=\"og:locale\" content=\"en_US\" \/>\n<meta property=\"og:type\" content=\"article\" \/>\n<meta property=\"og:title\" content=\"Ke\u0161 i kredit - Modena Zlatibor\" \/>\n<meta property=\"og:description\" content=\"Kupite apartman na rate, stambenim kreditima Komercijalne banke po veoma povoljnim uslovima, uz vec obezbe\u0111enu projektnu dokumentaciju.\" \/>\n<meta property=\"og:url\" content=\"https:\/\/modenazlatibor.rs\/en\/kesikredit\/\" \/>\n<meta property=\"og:site_name\" content=\"Modena Zlatibor\" \/>\n<meta property=\"article:modified_time\" content=\"2023-06-12T11:28:40+00:00\" \/>\n<meta name=\"twitter:card\" content=\"summary_large_image\" \/>\n<meta name=\"twitter:label1\" content=\"Est. reading time\" \/>\n\t<meta name=\"twitter:data1\" content=\"1 minute\" \/>\n<script type=\"application\/ld+json\" class=\"yoast-schema-graph\">{\"@context\":\"https:\\\/\\\/schema.org\",\"@graph\":[{\"@type\":\"WebPage\",\"@id\":\"https:\\\/\\\/modenazlatibor.rs\\\/kesikredit\\\/\",\"url\":\"https:\\\/\\\/modenazlatibor.rs\\\/kesikredit\\\/\",\"name\":\"Ke\u0161 i kredit - Modena Zlatibor\",\"isPartOf\":{\"@id\":\"https:\\\/\\\/modenazlatibor.rs\\\/#website\"},\"datePublished\":\"2020-03-21T16:09:39+00:00\",\"dateModified\":\"2023-06-12T11:28:40+00:00\",\"description\":\"Kupite apartman na rate, stambenim kreditima Komercijalne banke po veoma povoljnim uslovima, uz vec obezbe\u0111enu projektnu dokumentaciju.\",\"breadcrumb\":{\"@id\":\"https:\\\/\\\/modenazlatibor.rs\\\/kesikredit\\\/#breadcrumb\"},\"inLanguage\":\"en-US\",\"potentialAction\":[{\"@type\":\"ReadAction\",\"target\":[\"https:\\\/\\\/modenazlatibor.rs\\\/kesikredit\\\/\"]}]},{\"@type\":\"BreadcrumbList\",\"@id\":\"https:\\\/\\\/modenazlatibor.rs\\\/kesikredit\\\/#breadcrumb\",\"itemListElement\":[{\"@type\":\"ListItem\",\"position\":1,\"name\":\"Modena Zlatibor Resort\",\"item\":\"https:\\\/\\\/modenazlatibor.rs\\\/\"},{\"@type\":\"ListItem\",\"position\":2,\"name\":\"Ke\u0161 i kredit\"}]},{\"@type\":\"WebSite\",\"@id\":\"https:\\\/\\\/modenazlatibor.rs\\\/#website\",\"url\":\"https:\\\/\\\/modenazlatibor.rs\\\/\",\"name\":\"Modena Zlatibor\",\"description\":\"\",\"publisher\":{\"@id\":\"https:\\\/\\\/modenazlatibor.rs\\\/#organization\"},\"potentialAction\":[{\"@type\":\"SearchAction\",\"target\":{\"@type\":\"EntryPoint\",\"urlTemplate\":\"https:\\\/\\\/modenazlatibor.rs\\\/?s={search_term_string}\"},\"query-input\":{\"@type\":\"PropertyValueSpecification\",\"valueRequired\":true,\"valueName\":\"search_term_string\"}}],\"inLanguage\":\"en-US\"},{\"@type\":\"Organization\",\"@id\":\"https:\\\/\\\/modenazlatibor.rs\\\/#organization\",\"name\":\"Modena Zlatibor\",\"url\":\"https:\\\/\\\/modenazlatibor.rs\\\/\",\"logo\":{\"@type\":\"ImageObject\",\"inLanguage\":\"en-US\",\"@id\":\"https:\\\/\\\/modenazlatibor.rs\\\/#\\\/schema\\\/logo\\\/image\\\/\",\"url\":\"https:\\\/\\\/modenazlatibor.rs\\\/wp-content\\\/uploads\\\/2021\\\/12\\\/cropped-MODENA-ZLATIBOR-LOGO-NOVO-NO-BG.png\",\"contentUrl\":\"https:\\\/\\\/modenazlatibor.rs\\\/wp-content\\\/uploads\\\/2021\\\/12\\\/cropped-MODENA-ZLATIBOR-LOGO-NOVO-NO-BG.png\",\"width\":512,\"height\":512,\"caption\":\"Modena Zlatibor\"},\"image\":{\"@id\":\"https:\\\/\\\/modenazlatibor.rs\\\/#\\\/schema\\\/logo\\\/image\\\/\"}}]}<\/script>\n<!-- \/ Yoast SEO plugin. -->","yoast_head_json":{"title":"Ke\u0161 i kredit - Modena Zlatibor","description":"Kupite apartman na rate, stambenim kreditima Komercijalne banke po veoma povoljnim uslovima, uz vec obezbe\u0111enu projektnu dokumentaciju.","robots":{"index":"index","follow":"follow","max-snippet":"max-snippet:-1","max-image-preview":"max-image-preview:large","max-video-preview":"max-video-preview:-1"},"canonical":"https:\/\/modenazlatibor.rs\/en\/kesikredit\/","og_locale":"en_US","og_type":"article","og_title":"Ke\u0161 i kredit - Modena Zlatibor","og_description":"Kupite apartman na rate, stambenim kreditima Komercijalne banke po veoma povoljnim uslovima, uz vec obezbe\u0111enu projektnu dokumentaciju.","og_url":"https:\/\/modenazlatibor.rs\/en\/kesikredit\/","og_site_name":"Modena Zlatibor","article_modified_time":"2023-06-12T11:28:40+00:00","twitter_card":"summary_large_image","twitter_misc":{"Est. reading time":"1 minute"},"schema":{"@context":"https:\/\/schema.org","@graph":[{"@type":"WebPage","@id":"https:\/\/modenazlatibor.rs\/kesikredit\/","url":"https:\/\/modenazlatibor.rs\/kesikredit\/","name":"Ke\u0161 i kredit - Modena Zlatibor","isPartOf":{"@id":"https:\/\/modenazlatibor.rs\/#website"},"datePublished":"2020-03-21T16:09:39+00:00","dateModified":"2023-06-12T11:28:40+00:00","description":"Kupite apartman na rate, stambenim kreditima Komercijalne banke po veoma povoljnim uslovima, uz vec obezbe\u0111enu projektnu dokumentaciju.","breadcrumb":{"@id":"https:\/\/modenazlatibor.rs\/kesikredit\/#breadcrumb"},"inLanguage":"en-US","potentialAction":[{"@type":"ReadAction","target":["https:\/\/modenazlatibor.rs\/kesikredit\/"]}]},{"@type":"BreadcrumbList","@id":"https:\/\/modenazlatibor.rs\/kesikredit\/#breadcrumb","itemListElement":[{"@type":"ListItem","position":1,"name":"Modena Zlatibor Resort","item":"https:\/\/modenazlatibor.rs\/"},{"@type":"ListItem","position":2,"name":"Ke\u0161 i kredit"}]},{"@type":"WebSite","@id":"https:\/\/modenazlatibor.rs\/#website","url":"https:\/\/modenazlatibor.rs\/","name":"Modena Zlatibor","description":"","publisher":{"@id":"https:\/\/modenazlatibor.rs\/#organization"},"potentialAction":[{"@type":"SearchAction","target":{"@type":"EntryPoint","urlTemplate":"https:\/\/modenazlatibor.rs\/?s={search_term_string}"},"query-input":{"@type":"PropertyValueSpecification","valueRequired":true,"valueName":"search_term_string"}}],"inLanguage":"en-US"},{"@type":"Organization","@id":"https:\/\/modenazlatibor.rs\/#organization","name":"Modena Zlatibor","url":"https:\/\/modenazlatibor.rs\/","logo":{"@type":"ImageObject","inLanguage":"en-US","@id":"https:\/\/modenazlatibor.rs\/#\/schema\/logo\/image\/","url":"https:\/\/modenazlatibor.rs\/wp-content\/uploads\/2021\/12\/cropped-MODENA-ZLATIBOR-LOGO-NOVO-NO-BG.png","contentUrl":"https:\/\/modenazlatibor.rs\/wp-content\/uploads\/2021\/12\/cropped-MODENA-ZLATIBOR-LOGO-NOVO-NO-BG.png","width":512,"height":512,"caption":"Modena Zlatibor"},"image":{"@id":"https:\/\/modenazlatibor.rs\/#\/schema\/logo\/image\/"}}]}},"_links":{"self":[{"href":"https:\/\/modenazlatibor.rs\/en\/wp-json\/wp\/v2\/pages\/241","targetHints":{"allow":["GET"]}}],"collection":[{"href":"https:\/\/modenazlatibor.rs\/en\/wp-json\/wp\/v2\/pages"}],"about":[{"href":"https:\/\/modenazlatibor.rs\/en\/wp-json\/wp\/v2\/types\/page"}],"author":[{"embeddable":true,"href":"https:\/\/modenazlatibor.rs\/en\/wp-json\/wp\/v2\/users\/1"}],"replies":[{"embeddable":true,"href":"https:\/\/modenazlatibor.rs\/en\/wp-json\/wp\/v2\/comments?post=241"}],"version-history":[{"count":47,"href":"https:\/\/modenazlatibor.rs\/en\/wp-json\/wp\/v2\/pages\/241\/revisions"}],"predecessor-version":[{"id":2507,"href":"https:\/\/modenazlatibor.rs\/en\/wp-json\/wp\/v2\/pages\/241\/revisions\/2507"}],"wp:attachment":[{"href":"https:\/\/modenazlatibor.rs\/en\/wp-json\/wp\/v2\/media?parent=241"}],"curies":[{"name":"wp","href":"https:\/\/api.w.org\/{rel}","templated":true}]}}