{"id":2231,"date":"2022-03-29T14:14:55","date_gmt":"2022-03-29T13:14:55","guid":{"rendered":"https:\/\/modenazlatibor.rs\/?page_id=2231"},"modified":"2022-04-04T13:29:22","modified_gmt":"2022-04-04T12:29:22","slug":"terra-mobile","status":"publish","type":"page","link":"https:\/\/modenazlatibor.rs\/en\/terra-mobile\/","title":{"rendered":"Modena Terra Mobile"},"content":{"rendered":"<section  class=\"content-section\" ><div class=\"container\"><div class=\"vc_row wpb_row vc_row-fluid vc_custom_1644342036487\"><div class=\"wpb_column vc_column_container vc_col-sm-12\"><div class=\"vc_column-inner\"><div class=\"wpb_wrapper\"><div class=\"vc_row wpb_row vc_inner vc_row-fluid vc_custom_1584806111490\"><div class=\"wpb_column vc_column_container vc_col-sm-12\"><div class=\"vc_column-inner\"><div class=\"wpb_wrapper\">\n\n\n<div class=\"about-content wow fadeInUp\" >\n\t\t  <h2><em>Modena\u00a0Terra<\/em><\/h2>\n<p><em>To find the best place for yourself doesn't necessarily mean to find the perfect apartment.<\/em><\/p>\n\t\n\t\n\t\n\t\n\t\t  <\/div>\n\n\t\t<\/div><\/div><\/div><\/div><div class=\"vc_row wpb_row vc_inner vc_row-fluid vc_custom_1584806111490\"><div class=\"wpb_column vc_column_container vc_col-sm-12\"><div class=\"vc_column-inner\"><div class=\"wpb_wrapper\">\n\n\n<div class=\"about-content wow fadeInUp\" >\n\t\t  <p><strong>Modena Terra - Earth as the foundation of life. <\/strong><\/p>\n<p class=\"translation-block\">Modena Terra is the third building of our project. Terra is recommended for owners who would like to be in an even more private community of our complex, <br>\nsince there are no additional facilities that other guests would visit every day. It is located opposite the Aqua and Aria buildings, with which it is connected by an underground passage. All additional facilities offered by the complex are subject to the same rights of owners in the Terra building as in the Aqua and Aria buildings. The distance between the pool and the restaurant is 10 meters. Modena Terra contains 58 residential units, which in structure can be a studio, a one-bedroom apartment and duplexes as 2-bedroom apartments.<\/p>\n\t\n\t\n\t\n\t\n\t\t  <\/div>\n\n\t\t<\/div><\/div><\/div><\/div><div class=\"vc_row wpb_row vc_inner vc_row-fluid vc_custom_1644342101916\"><div class=\"wpb_column vc_column_container vc_col-sm-12\"><div class=\"vc_column-inner\"><div class=\"wpb_wrapper\"> \n\n\n\n    \n      <div class=\"content-slider wow fadeInUp\" >\n        <div class=\"swiper-wrapper\">\n                              <div class=\"swiper-slide\" data-background=\"https:\/\/modenazlatibor.rs\/wp-content\/uploads\/2021\/12\/J2__5_11zon.jpeg\">\n\t\t\t \t\t\t <div class=\"slide-inner\">\n\t\t\t\t \t\t\t\t  \t\t\t\t \t\t\t\t    <\/div>\n\t\t\t  <!-- end slide-inner -->\n\t\t\t<\/div>\n          \n                                      <div class=\"swiper-slide\" data-background=\"https:\/\/modenazlatibor.rs\/wp-content\/uploads\/2021\/12\/L2__14_11zon.jpeg\">\n\t\t\t \t\t\t <div class=\"slide-inner\">\n\t\t\t\t \t\t\t\t  \t\t\t\t \t\t\t\t    <\/div>\n\t\t\t  <!-- end slide-inner -->\n\t\t\t<\/div>\n          \n                                      <div class=\"swiper-slide\" data-background=\"https:\/\/modenazlatibor.rs\/wp-content\/uploads\/2021\/12\/J3__6_11zon.jpeg\">\n\t\t\t \t\t\t <div class=\"slide-inner\">\n\t\t\t\t \t\t\t\t  \t\t\t\t \t\t\t\t    <\/div>\n\t\t\t  <!-- end slide-inner -->\n\t\t\t<\/div>\n          \n                          <\/div>\n        <!-- end swiper-wrapper -->\n        <div class=\"swiper-button-prev\">Prev<\/div>\n        <!-- end button-prev -->\n        <div class=\"swiper-button-next\">Next<\/div>\n        <!-- end button-next --> \n\t\t   <div class=\"swiper-pagination\"><\/div>\n\t\t  <!-- end swiper-pagination -->\n      <\/div>\n      <!-- end content-slider -->\n    \n\n\n\n\n\n\n\n\n<\/div><\/div><\/div><\/div><div class=\"vc_row wpb_row vc_inner vc_row-fluid vc_custom_1644342121949\"><div class=\"wpb_column vc_column_container vc_col-sm-12\"><div class=\"vc_column-inner\"><div class=\"wpb_wrapper\">\n\n\n<div class=\"about-content\" >\n\t\t  <h4>Get your life on another level<\/h4>\n<p>Precisely because they are built in a way that is in harmony with nature, respecting all its laws, Modena Zlatibor buildings are long-lasting and have potential in the future of architecture and buildings. This is good news for all those who would like to live, work or stay in a building like this. Indeed, healthy buildings can be objects of different purposes. From the moment you become part of our complex, you get the ideal combination of basic elements for a healthy life for you and your family.<\/p>\n\t\n\t\n\t\n\t\n\t\t  <\/div>\n\n\t\t<\/div><\/div><\/div><\/div><div class=\"vc_row wpb_row vc_inner vc_row-fluid vc_custom_1584806158368\"><div class=\"wpb_column vc_column_container vc_col-sm-12\"><div class=\"vc_column-inner\"><div class=\"wpb_wrapper\">\n\n\n<div class=\"about-content wow fadeInUp\" >\n\t\t  <h5>Benefits<\/h5>\n<ul>\n<li>Spa and wellness center - In our complex you can enjoy in our spa and wellness center which are ideal space for relaxation after a hard week. You can also work on your shape with our gym which is a part of our wellness center.<\/li>\n<li>Restaurant - So your stay is even more pleasing, while your stay at Zlatibor you can enjoy our restaurants home mate kitchen, which is a part of our complex.<\/li>\n<li>Room Service - While cold days or if you want to enjoy your apartment, you can use our room service with one call to our restaurant.<\/li>\n<\/ul>\n\t\n\t\n\t\n\t\n\t\t  <\/div>\n\n\t\t<\/div><\/div><\/div><\/div><div class=\"vc_row wpb_row vc_inner vc_row-fluid vc_custom_1584806150619\"><div class=\"wpb_column vc_column_container vc_col-sm-12\"><div class=\"vc_column-inner\"><div class=\"wpb_wrapper\">\n\n\n<div class=\"about-content\" >\n\t\t  <p><strong>Apartment plans<\/strong><\/p>\n<p>Each apartment has a living room and kitchen with dining area in the \"open space\" style, bedroom, terrace, as well as a separate bathroom that we consider a very important part of the interior. The elevators are electric and noiseless.<\/p>\n\t\n\t\n\t\n\t\n\t\t  <\/div>\n\n\t\t<div class=\"vc_tta-container\" data-vc-action=\"collapse\"><div class=\"vc_general vc_tta vc_tta-tabs vc_tta-color-white vc_tta-style-flat vc_tta-shape-square vc_tta-o-shape-group  three_tab vc_tta-o-no-fill vc_tta-tabs-position-top vc_tta-controls-align-center\"><div class=\"vc_tta-tabs-container\"><ul class=\"vc_tta-tabs-list\"><li class=\"vc_tta-tab vc_active\" data-vc-tab><a href=\"#1642040494326-738b0190-771f\" data-vc-tabs data-vc-container=\".vc_tta\"><span class=\"vc_tta-title-text\">34 to 37 m\u00b2<\/span><\/a><\/li><li class=\"vc_tta-tab\" data-vc-tab><a href=\"#1642040494340-43081bd7-753e\" data-vc-tabs data-vc-container=\".vc_tta\"><span class=\"vc_tta-title-text\">47 to 51 m\u00b2<\/span><\/a><\/li><li class=\"vc_tta-tab\" data-vc-tab><a href=\"#1642040506905-f955ed5e-1d54\" data-vc-tabs data-vc-container=\".vc_tta\"><span class=\"vc_tta-title-text\">44 m\u00b2<\/span><\/a><\/li><li class=\"vc_tta-tab\" data-vc-tab><a href=\"#1642040507771-81606fda-7033\" data-vc-tabs data-vc-container=\".vc_tta\"><span class=\"vc_tta-title-text\">48 m\u00b2<\/span><\/a><\/li><\/ul><\/div><div class=\"vc_tta-panels-container\"><div class=\"vc_tta-panels\"><div class=\"vc_tta-panel vc_active\" id=\"1642040494326-738b0190-771f\" data-vc-content=\".vc_tta-panel-body\"><div class=\"vc_tta-panel-heading\"><h4 class=\"vc_tta-panel-title\"><a href=\"#1642040494326-738b0190-771f\" data-vc-accordion data-vc-container=\".vc_tta-container\"><span class=\"vc_tta-title-text\">34 to 37 m\u00b2<\/span><\/a><\/h4><\/div><div class=\"vc_tta-panel-body\">\n\t<div  class=\"wpb_single_image wpb_content_element vc_align_center\">\n\t\t\n\t\t<figure class=\"wpb_wrapper vc_figure\">\n\t\t\t<div class=\"vc_single_image-wrapper   vc_box_border_grey\"><img fetchpriority=\"high\" decoding=\"async\" width=\"640\" height=\"453\" src=\"https:\/\/modenazlatibor.rs\/wp-content\/uploads\/2022\/03\/Aqua-Stan-43-1024x724.jpg\" class=\"vc_single_image-img attachment-large\" alt=\"\" srcset=\"https:\/\/modenazlatibor.rs\/wp-content\/uploads\/2022\/03\/Aqua-Stan-43-1024x724.jpg 1024w, https:\/\/modenazlatibor.rs\/wp-content\/uploads\/2022\/03\/Aqua-Stan-43-300x212.jpg 300w, https:\/\/modenazlatibor.rs\/wp-content\/uploads\/2022\/03\/Aqua-Stan-43-768x543.jpg 768w, https:\/\/modenazlatibor.rs\/wp-content\/uploads\/2022\/03\/Aqua-Stan-43-1536x1087.jpg 1536w, https:\/\/modenazlatibor.rs\/wp-content\/uploads\/2022\/03\/Aqua-Stan-43-2048x1449.jpg 2048w\" sizes=\"(max-width: 640px) 100vw, 640px\" \/><\/div>\n\t\t<\/figure>\n\t<\/div>\n<\/div><\/div><div class=\"vc_tta-panel\" id=\"1642040494340-43081bd7-753e\" data-vc-content=\".vc_tta-panel-body\"><div class=\"vc_tta-panel-heading\"><h4 class=\"vc_tta-panel-title\"><a href=\"#1642040494340-43081bd7-753e\" data-vc-accordion data-vc-container=\".vc_tta-container\"><span class=\"vc_tta-title-text\">47 to 51 m\u00b2<\/span><\/a><\/h4><\/div><div class=\"vc_tta-panel-body\">\n\t<div  class=\"wpb_single_image wpb_content_element vc_align_center\">\n\t\t\n\t\t<figure class=\"wpb_wrapper vc_figure\">\n\t\t\t<div class=\"vc_single_image-wrapper   vc_box_border_grey\"><img decoding=\"async\" width=\"640\" height=\"453\" src=\"https:\/\/modenazlatibor.rs\/wp-content\/uploads\/2022\/03\/Aqua-Stan-42-1024x724.jpg\" class=\"vc_single_image-img attachment-large\" alt=\"\" srcset=\"https:\/\/modenazlatibor.rs\/wp-content\/uploads\/2022\/03\/Aqua-Stan-42-1024x724.jpg 1024w, https:\/\/modenazlatibor.rs\/wp-content\/uploads\/2022\/03\/Aqua-Stan-42-300x212.jpg 300w, https:\/\/modenazlatibor.rs\/wp-content\/uploads\/2022\/03\/Aqua-Stan-42-768x543.jpg 768w, https:\/\/modenazlatibor.rs\/wp-content\/uploads\/2022\/03\/Aqua-Stan-42-1536x1087.jpg 1536w, https:\/\/modenazlatibor.rs\/wp-content\/uploads\/2022\/03\/Aqua-Stan-42-2048x1449.jpg 2048w\" sizes=\"(max-width: 640px) 100vw, 640px\" \/><\/div>\n\t\t<\/figure>\n\t<\/div>\n<\/div><\/div><div class=\"vc_tta-panel\" id=\"1642040506905-f955ed5e-1d54\" data-vc-content=\".vc_tta-panel-body\"><div class=\"vc_tta-panel-heading\"><h4 class=\"vc_tta-panel-title\"><a href=\"#1642040506905-f955ed5e-1d54\" data-vc-accordion data-vc-container=\".vc_tta-container\"><span class=\"vc_tta-title-text\">44 m\u00b2<\/span><\/a><\/h4><\/div><div class=\"vc_tta-panel-body\">\n\t<div  class=\"wpb_single_image wpb_content_element vc_align_center\">\n\t\t\n\t\t<figure class=\"wpb_wrapper vc_figure\">\n\t\t\t<div class=\"vc_single_image-wrapper   vc_box_border_grey\"><img decoding=\"async\" width=\"640\" height=\"453\" src=\"https:\/\/modenazlatibor.rs\/wp-content\/uploads\/2022\/03\/Aqua-Stan-41-1024x724.jpg\" class=\"vc_single_image-img attachment-large\" alt=\"\" srcset=\"https:\/\/modenazlatibor.rs\/wp-content\/uploads\/2022\/03\/Aqua-Stan-41-1024x724.jpg 1024w, https:\/\/modenazlatibor.rs\/wp-content\/uploads\/2022\/03\/Aqua-Stan-41-300x212.jpg 300w, https:\/\/modenazlatibor.rs\/wp-content\/uploads\/2022\/03\/Aqua-Stan-41-768x543.jpg 768w, https:\/\/modenazlatibor.rs\/wp-content\/uploads\/2022\/03\/Aqua-Stan-41-1536x1087.jpg 1536w, https:\/\/modenazlatibor.rs\/wp-content\/uploads\/2022\/03\/Aqua-Stan-41-2048x1449.jpg 2048w\" sizes=\"(max-width: 640px) 100vw, 640px\" \/><\/div>\n\t\t<\/figure>\n\t<\/div>\n<\/div><\/div><div class=\"vc_tta-panel\" id=\"1642040507771-81606fda-7033\" data-vc-content=\".vc_tta-panel-body\"><div class=\"vc_tta-panel-heading\"><h4 class=\"vc_tta-panel-title\"><a href=\"#1642040507771-81606fda-7033\" data-vc-accordion data-vc-container=\".vc_tta-container\"><span class=\"vc_tta-title-text\">48 m\u00b2<\/span><\/a><\/h4><\/div><div class=\"vc_tta-panel-body\">\n\t<div  class=\"wpb_single_image wpb_content_element vc_align_center\">\n\t\t\n\t\t<figure class=\"wpb_wrapper vc_figure\">\n\t\t\t<div class=\"vc_single_image-wrapper   vc_box_border_grey\"><img loading=\"lazy\" decoding=\"async\" width=\"640\" height=\"453\" src=\"https:\/\/modenazlatibor.rs\/wp-content\/uploads\/2022\/03\/Aqua-Stan-40-1024x724.jpg\" class=\"vc_single_image-img attachment-large\" alt=\"\" srcset=\"https:\/\/modenazlatibor.rs\/wp-content\/uploads\/2022\/03\/Aqua-Stan-40-1024x724.jpg 1024w, https:\/\/modenazlatibor.rs\/wp-content\/uploads\/2022\/03\/Aqua-Stan-40-300x212.jpg 300w, https:\/\/modenazlatibor.rs\/wp-content\/uploads\/2022\/03\/Aqua-Stan-40-768x543.jpg 768w, https:\/\/modenazlatibor.rs\/wp-content\/uploads\/2022\/03\/Aqua-Stan-40-1536x1087.jpg 1536w, https:\/\/modenazlatibor.rs\/wp-content\/uploads\/2022\/03\/Aqua-Stan-40-2048x1449.jpg 2048w\" sizes=\"(max-width: 640px) 100vw, 640px\" \/><\/div>\n\t\t<\/figure>\n\t<\/div>\n<\/div><\/div><\/div><\/div><\/div><\/div><\/div><\/div><\/div><\/div><div class=\"vc_row wpb_row vc_inner vc_row-fluid vc_custom_1644342068683\"><div class=\"wpb_column vc_column_container vc_col-sm-12\"><div class=\"vc_column-inner\"><div class=\"wpb_wrapper\">\n\n\n<div class=\"about-content wow fadeInUp\" >\n\t\t  <blockquote><p>\nAre you interested in apartments in Modena Terra?<\/p>\n<p><a href=\"https:\/\/modenazlatibor.rs\/en\/contact\/\"><strong>Contact us<\/strong><\/a>\n<\/p><\/blockquote>\n\t\n\t\n\t\n\t\n\t\t  <\/div>\n\n\t\t<\/div><\/div><\/div><\/div>\n\n\n<div class=\"about-content\" >\n\t\t  <p><em>Modena Zlatibor should be an ideal combination of basic elements for a healthy life (water, land and air) as well as an ideal combination of factors influencing security investment: safe investor, bank as a guarantor of quality, loans for purchase from the beginning, fully furnished apartments including absolutely everything! Wellness center, location and company that will be engaged in renting and maintaining apartments in the future.<\/em><\/p>\n\t\n\t\n\t\n\t\n\t\t  <\/div>\n\n\t\t<\/div><\/div><\/div><\/div><\/div><\/section>","protected":false},"excerpt":{"rendered":"Modena\u00a0Terra Prona\u0107i najbolje mesto za sebe ne zna\u010di samo prona\u0107i idealan apartman. Modena Terra \u2013 Zemlja kao temelj \u017eivota. Modena Terra predstavlja tre\u0107u zgradu na\u0161eg\u00a0projekta.\u00a0Terra se preporu\u010duje vlasnicima koji bi \u017eeleli da budu u jo\u0161 privatnijoj zajednici na\u0161eg kompleksa, s obzirom da u sebi nema dodatnih sadr\u017eaja koje bi svakodnevno pose\u0107ivali drugi gosti. Ona se\u00a0nalazi [...]","protected":false},"author":1,"featured_media":0,"parent":0,"menu_order":0,"comment_status":"closed","ping_status":"closed","template":"page-portfolio.php","meta":{"footnotes":""},"class_list":["post-2231","page","type-page","status-publish","hentry"],"yoast_head":"<!-- This site is optimized with the Yoast SEO plugin v27.3 - https:\/\/yoast.com\/product\/yoast-seo-wordpress\/ -->\n<title>Modena Terra Mobile - Modena Zlatibor<\/title>\n<meta name=\"description\" content=\"Modena Terra zgrada idealna je za vlasnike koji \u017eele jo\u0161 ve\u0107u privatnost i potpuni mir dok u\u017eivaju u \u010darima netaknute prirode.\" \/>\n<meta name=\"robots\" content=\"index, follow, max-snippet:-1, max-image-preview:large, max-video-preview:-1\" \/>\n<link rel=\"canonical\" href=\"https:\/\/modenazlatibor.rs\/en\/terra-mobile\/\" \/>\n<meta property=\"og:locale\" content=\"en_US\" \/>\n<meta property=\"og:type\" content=\"article\" \/>\n<meta property=\"og:title\" content=\"Modena Terra Mobile - Modena Zlatibor\" \/>\n<meta property=\"og:description\" content=\"Modena Terra zgrada idealna je za vlasnike koji \u017eele jo\u0161 ve\u0107u privatnost i potpuni mir dok u\u017eivaju u \u010darima netaknute prirode.\" \/>\n<meta property=\"og:url\" content=\"https:\/\/modenazlatibor.rs\/en\/terra-mobile\/\" \/>\n<meta property=\"og:site_name\" content=\"Modena Zlatibor\" \/>\n<meta property=\"article:modified_time\" content=\"2022-04-04T12:29:22+00:00\" \/>\n<meta name=\"twitter:card\" content=\"summary_large_image\" \/>\n<meta name=\"twitter:label1\" content=\"Est. reading time\" \/>\n\t<meta name=\"twitter:data1\" content=\"2 minutes\" \/>\n<script type=\"application\/ld+json\" class=\"yoast-schema-graph\">{\"@context\":\"https:\\\/\\\/schema.org\",\"@graph\":[{\"@type\":\"WebPage\",\"@id\":\"https:\\\/\\\/modenazlatibor.rs\\\/terra-mobile\\\/\",\"url\":\"https:\\\/\\\/modenazlatibor.rs\\\/terra-mobile\\\/\",\"name\":\"Modena Terra Mobile - Modena Zlatibor\",\"isPartOf\":{\"@id\":\"https:\\\/\\\/modenazlatibor.rs\\\/#website\"},\"datePublished\":\"2022-03-29T13:14:55+00:00\",\"dateModified\":\"2022-04-04T12:29:22+00:00\",\"description\":\"Modena Terra zgrada idealna je za vlasnike koji \u017eele jo\u0161 ve\u0107u privatnost i potpuni mir dok u\u017eivaju u \u010darima netaknute prirode.\",\"breadcrumb\":{\"@id\":\"https:\\\/\\\/modenazlatibor.rs\\\/terra-mobile\\\/#breadcrumb\"},\"inLanguage\":\"en-US\",\"potentialAction\":[{\"@type\":\"ReadAction\",\"target\":[\"https:\\\/\\\/modenazlatibor.rs\\\/terra-mobile\\\/\"]}]},{\"@type\":\"BreadcrumbList\",\"@id\":\"https:\\\/\\\/modenazlatibor.rs\\\/terra-mobile\\\/#breadcrumb\",\"itemListElement\":[{\"@type\":\"ListItem\",\"position\":1,\"name\":\"Modena Zlatibor Resort\",\"item\":\"https:\\\/\\\/modenazlatibor.rs\\\/\"},{\"@type\":\"ListItem\",\"position\":2,\"name\":\"Modena Terra Mobile\"}]},{\"@type\":\"WebSite\",\"@id\":\"https:\\\/\\\/modenazlatibor.rs\\\/#website\",\"url\":\"https:\\\/\\\/modenazlatibor.rs\\\/\",\"name\":\"Modena Zlatibor\",\"description\":\"\",\"publisher\":{\"@id\":\"https:\\\/\\\/modenazlatibor.rs\\\/#organization\"},\"potentialAction\":[{\"@type\":\"SearchAction\",\"target\":{\"@type\":\"EntryPoint\",\"urlTemplate\":\"https:\\\/\\\/modenazlatibor.rs\\\/?s={search_term_string}\"},\"query-input\":{\"@type\":\"PropertyValueSpecification\",\"valueRequired\":true,\"valueName\":\"search_term_string\"}}],\"inLanguage\":\"en-US\"},{\"@type\":\"Organization\",\"@id\":\"https:\\\/\\\/modenazlatibor.rs\\\/#organization\",\"name\":\"Modena Zlatibor\",\"url\":\"https:\\\/\\\/modenazlatibor.rs\\\/\",\"logo\":{\"@type\":\"ImageObject\",\"inLanguage\":\"en-US\",\"@id\":\"https:\\\/\\\/modenazlatibor.rs\\\/#\\\/schema\\\/logo\\\/image\\\/\",\"url\":\"https:\\\/\\\/modenazlatibor.rs\\\/wp-content\\\/uploads\\\/2021\\\/12\\\/cropped-MODENA-ZLATIBOR-LOGO-NOVO-NO-BG.png\",\"contentUrl\":\"https:\\\/\\\/modenazlatibor.rs\\\/wp-content\\\/uploads\\\/2021\\\/12\\\/cropped-MODENA-ZLATIBOR-LOGO-NOVO-NO-BG.png\",\"width\":512,\"height\":512,\"caption\":\"Modena Zlatibor\"},\"image\":{\"@id\":\"https:\\\/\\\/modenazlatibor.rs\\\/#\\\/schema\\\/logo\\\/image\\\/\"}}]}<\/script>\n<!-- \/ Yoast SEO plugin. -->","yoast_head_json":{"title":"Modena Terra Mobile - Modena Zlatibor","description":"Modena Terra zgrada idealna je za vlasnike koji \u017eele jo\u0161 ve\u0107u privatnost i potpuni mir dok u\u017eivaju u \u010darima netaknute prirode.","robots":{"index":"index","follow":"follow","max-snippet":"max-snippet:-1","max-image-preview":"max-image-preview:large","max-video-preview":"max-video-preview:-1"},"canonical":"https:\/\/modenazlatibor.rs\/en\/terra-mobile\/","og_locale":"en_US","og_type":"article","og_title":"Modena Terra Mobile - Modena Zlatibor","og_description":"Modena Terra zgrada idealna je za vlasnike koji \u017eele jo\u0161 ve\u0107u privatnost i potpuni mir dok u\u017eivaju u \u010darima netaknute prirode.","og_url":"https:\/\/modenazlatibor.rs\/en\/terra-mobile\/","og_site_name":"Modena Zlatibor","article_modified_time":"2022-04-04T12:29:22+00:00","twitter_card":"summary_large_image","twitter_misc":{"Est. reading time":"2 minutes"},"schema":{"@context":"https:\/\/schema.org","@graph":[{"@type":"WebPage","@id":"https:\/\/modenazlatibor.rs\/terra-mobile\/","url":"https:\/\/modenazlatibor.rs\/terra-mobile\/","name":"Modena Terra Mobile - Modena Zlatibor","isPartOf":{"@id":"https:\/\/modenazlatibor.rs\/#website"},"datePublished":"2022-03-29T13:14:55+00:00","dateModified":"2022-04-04T12:29:22+00:00","description":"Modena Terra zgrada idealna je za vlasnike koji \u017eele jo\u0161 ve\u0107u privatnost i potpuni mir dok u\u017eivaju u \u010darima netaknute prirode.","breadcrumb":{"@id":"https:\/\/modenazlatibor.rs\/terra-mobile\/#breadcrumb"},"inLanguage":"en-US","potentialAction":[{"@type":"ReadAction","target":["https:\/\/modenazlatibor.rs\/terra-mobile\/"]}]},{"@type":"BreadcrumbList","@id":"https:\/\/modenazlatibor.rs\/terra-mobile\/#breadcrumb","itemListElement":[{"@type":"ListItem","position":1,"name":"Modena Zlatibor Resort","item":"https:\/\/modenazlatibor.rs\/"},{"@type":"ListItem","position":2,"name":"Modena Terra Mobile"}]},{"@type":"WebSite","@id":"https:\/\/modenazlatibor.rs\/#website","url":"https:\/\/modenazlatibor.rs\/","name":"Modena Zlatibor","description":"","publisher":{"@id":"https:\/\/modenazlatibor.rs\/#organization"},"potentialAction":[{"@type":"SearchAction","target":{"@type":"EntryPoint","urlTemplate":"https:\/\/modenazlatibor.rs\/?s={search_term_string}"},"query-input":{"@type":"PropertyValueSpecification","valueRequired":true,"valueName":"search_term_string"}}],"inLanguage":"en-US"},{"@type":"Organization","@id":"https:\/\/modenazlatibor.rs\/#organization","name":"Modena Zlatibor","url":"https:\/\/modenazlatibor.rs\/","logo":{"@type":"ImageObject","inLanguage":"en-US","@id":"https:\/\/modenazlatibor.rs\/#\/schema\/logo\/image\/","url":"https:\/\/modenazlatibor.rs\/wp-content\/uploads\/2021\/12\/cropped-MODENA-ZLATIBOR-LOGO-NOVO-NO-BG.png","contentUrl":"https:\/\/modenazlatibor.rs\/wp-content\/uploads\/2021\/12\/cropped-MODENA-ZLATIBOR-LOGO-NOVO-NO-BG.png","width":512,"height":512,"caption":"Modena Zlatibor"},"image":{"@id":"https:\/\/modenazlatibor.rs\/#\/schema\/logo\/image\/"}}]}},"_links":{"self":[{"href":"https:\/\/modenazlatibor.rs\/en\/wp-json\/wp\/v2\/pages\/2231","targetHints":{"allow":["GET"]}}],"collection":[{"href":"https:\/\/modenazlatibor.rs\/en\/wp-json\/wp\/v2\/pages"}],"about":[{"href":"https:\/\/modenazlatibor.rs\/en\/wp-json\/wp\/v2\/types\/page"}],"author":[{"embeddable":true,"href":"https:\/\/modenazlatibor.rs\/en\/wp-json\/wp\/v2\/users\/1"}],"replies":[{"embeddable":true,"href":"https:\/\/modenazlatibor.rs\/en\/wp-json\/wp\/v2\/comments?post=2231"}],"version-history":[{"count":3,"href":"https:\/\/modenazlatibor.rs\/en\/wp-json\/wp\/v2\/pages\/2231\/revisions"}],"predecessor-version":[{"id":2302,"href":"https:\/\/modenazlatibor.rs\/en\/wp-json\/wp\/v2\/pages\/2231\/revisions\/2302"}],"wp:attachment":[{"href":"https:\/\/modenazlatibor.rs\/en\/wp-json\/wp\/v2\/media?parent=2231"}],"curies":[{"name":"wp","href":"https:\/\/api.w.org\/{rel}","templated":true}]}}