{"id":2229,"date":"2022-03-29T14:14:08","date_gmt":"2022-03-29T13:14:08","guid":{"rendered":"https:\/\/modenazlatibor.rs\/?page_id=2229"},"modified":"2022-04-06T11:44:09","modified_gmt":"2022-04-06T10:44:09","slug":"aria-mobile","status":"publish","type":"page","link":"https:\/\/modenazlatibor.rs\/en\/aria-mobile\/","title":{"rendered":"Modena Aria Mobile"},"content":{"rendered":"<section  class=\"content-section\" ><div class=\"container\"><div class=\"vc_row wpb_row vc_row-fluid vc_custom_1644341830934\"><div class=\"wpb_column vc_column_container vc_col-sm-12\"><div class=\"vc_column-inner\"><div class=\"wpb_wrapper\"><div class=\"vc_row wpb_row vc_inner vc_row-fluid vc_custom_1584806111490\"><div class=\"wpb_column vc_column_container vc_col-sm-12\"><div class=\"vc_column-inner\"><div class=\"wpb_wrapper\">\n\n\n<div class=\"about-content wow fadeInUp\" >\n\t\t  <h2><em>Modena\u00a0Aria<\/em><\/h2>\n<p><em>Mountain freshness and a holiday to remember!<\/em><\/p>\n\t\n\t\n\t\n\t\n\t\t  <\/div>\n\n\t\t<\/div><\/div><\/div><\/div><div class=\"vc_row wpb_row vc_inner vc_row-fluid vc_custom_1584806111490\"><div class=\"wpb_column vc_column_container vc_col-sm-12\"><div class=\"vc_column-inner\"><div class=\"wpb_wrapper\">\n\n\n<div class=\"about-content wow fadeInUp\" >\n\t\t  <p class=\"translation-block\">Given that the complex is located at the intersection of Mediterranean and continental winds, for which Zlatibor is known in Europe, we thought that Aria was the right name for one of our mountain communities. <br>\nModena Aria is a building at the foot of which there is a gym with showers and a restaurant that covers an area of \u200b\u200bover 300 square meters. The Modena Aria leans on one side of the Modena Aqua building, so it is connected by a warm connection to the spa and wellness center, which you can reach directly from the gym. <br>\nIt contains 55 housing units, which by structure can be a one-bedroom apartment or duplexes as 2-bedroom apartments.<\/p>\n\t\n\t\n\t\n\t\n\t\t  <\/div>\n\n\t\t<\/div><\/div><\/div><\/div><div class=\"vc_row wpb_row vc_inner vc_row-fluid vc_custom_1584947844739\"><div class=\"wpb_column vc_column_container vc_col-sm-12\"><div class=\"vc_column-inner\"><div class=\"wpb_wrapper\"> \n\n\n\n    \n      <div class=\"content-slider wow fadeInUp\" >\n        <div class=\"swiper-wrapper\">\n                              <div class=\"swiper-slide\" data-background=\"https:\/\/modenazlatibor.rs\/wp-content\/uploads\/2021\/12\/L5__17_11zon-1.jpeg\">\n\t\t\t \t\t\t <div class=\"slide-inner\">\n\t\t\t\t \t\t\t\t  \t\t\t\t \t\t\t\t    <\/div>\n\t\t\t  <!-- end slide-inner -->\n\t\t\t<\/div>\n          \n                                      <div class=\"swiper-slide\" data-background=\"https:\/\/modenazlatibor.rs\/wp-content\/uploads\/2021\/12\/K8__8_11zon-1.jpeg\">\n\t\t\t \t\t\t <div class=\"slide-inner\">\n\t\t\t\t \t\t\t\t  \t\t\t\t \t\t\t\t    <\/div>\n\t\t\t  <!-- end slide-inner -->\n\t\t\t<\/div>\n          \n                                      <div class=\"swiper-slide\" data-background=\"https:\/\/modenazlatibor.rs\/wp-content\/uploads\/2021\/12\/K4__4_11zon-1.jpeg\">\n\t\t\t \t\t\t <div class=\"slide-inner\">\n\t\t\t\t \t\t\t\t  \t\t\t\t \t\t\t\t    <\/div>\n\t\t\t  <!-- end slide-inner -->\n\t\t\t<\/div>\n          \n                          <\/div>\n        <!-- end swiper-wrapper -->\n        <div class=\"swiper-button-prev\">Prev<\/div>\n        <!-- end button-prev -->\n        <div class=\"swiper-button-next\">Next<\/div>\n        <!-- end button-next --> \n\t\t   <div class=\"swiper-pagination\"><\/div>\n\t\t  <!-- end swiper-pagination -->\n      <\/div>\n      <!-- end content-slider -->\n    \n\n\n\n\n\n\n\n\n<\/div><\/div><\/div><\/div><div class=\"vc_row wpb_row vc_inner vc_row-fluid vc_custom_1644341849854\"><div class=\"wpb_column vc_column_container vc_col-sm-12\"><div class=\"vc_column-inner\"><div class=\"wpb_wrapper\">\n\n\n<div class=\"about-content wow fadeInUp\" >\n\t\t  <div class=\"vc_row wpb_row vc_inner vc_row-fluid vc_custom_1584806150619\">\n<div class=\"wpb_column vc_column_container vc_col-sm-12\">\n<div class=\"vc_column-inner\">\n<div class=\"wpb_wrapper\">\n<div class=\"about-content wow fadeInUp\">\n<h4>Get your life on another level<\/h4>\n<p>Apartments in the Modena Aria building are an excellent choice for guests who include healthy eating and physical fitness in their priorities. With us, your rituals will be upgraded with comfort, good service and functionalities of the entire complex.<\/p>\n<\/div>\n<\/div>\n<\/div>\n<\/div>\n<\/div>\n\t\n\t\n\t\n\t\n\t\t  <\/div>\n\n\t\t<\/div><\/div><\/div><\/div><div class=\"vc_row wpb_row vc_inner vc_row-fluid vc_custom_1584806158368\"><div class=\"wpb_column vc_column_container vc_col-sm-12\"><div class=\"vc_column-inner\"><div class=\"wpb_wrapper\">\n\n\n<div class=\"about-content wow fadeInUp\" >\n\t\t  <div class=\"vc_row wpb_row vc_inner vc_row-fluid vc_custom_1584806158368\">\n<div class=\"wpb_column vc_column_container vc_col-sm-12\">\n<div class=\"vc_column-inner\">\n<div class=\"wpb_wrapper\">\n<div class=\"about-content wow fadeInUp\">\n<h5>Benefits<\/h5>\n<ul>\n<li>Spa and wellness center - In our complex you can enjoy in our spa and wellness center which are ideal space for relaxation after a hard week. You can also work on your shape with our gym which is a part of our wellness center.<\/li>\n<li>Restaurant - So your stay is even more pleasing, while your stay at Zlatibor you can enjoy our restaurants home mate kitchen, which is a part of our complex.<\/li>\n<li>Room Service - While cold days or if you want to enjoy your apartment, you can use our room service with one call to our restaurant.<\/li>\n<\/ul>\n<\/div>\n<\/div>\n<\/div>\n<\/div>\n<\/div>\n\t\n\t\n\t\n\t\n\t\t  <\/div>\n\n\t\t<\/div><\/div><\/div><\/div><div class=\"vc_row wpb_row vc_inner vc_row-fluid vc_custom_1644341914734\"><div class=\"wpb_column vc_column_container vc_col-sm-12\"><div class=\"vc_column-inner\"><div class=\"wpb_wrapper\">\n\n\n<div class=\"about-content\" >\n\t\t  <p><strong>Apartment plans<\/strong><\/p>\n<p>Each apartment has a living room and kitchen with dining area in the \"open space\" style, bedroom, terrace, as well as a separate bathroom that we consider a very important part of the interior. The elevators are electric and noiseless.<\/p>\n\t\n\t\n\t\n\t\n\t\t  <\/div>\n\n\t\t<div class=\"vc_tta-container\" data-vc-action=\"collapse\"><div class=\"vc_general vc_tta vc_tta-tabs vc_tta-color-white vc_tta-style-flat vc_tta-shape-square vc_tta-o-shape-group  three_tab vc_tta-o-no-fill vc_tta-tabs-position-top vc_tta-controls-align-center\"><div class=\"vc_tta-tabs-container\"><ul class=\"vc_tta-tabs-list\"><li class=\"vc_tta-tab vc_active\" data-vc-tab><a href=\"#1642042807289-2d0d522c-2eed\" data-vc-tabs data-vc-container=\".vc_tta\"><span class=\"vc_tta-title-text\">34 to 37 m\u00b2<\/span><\/a><\/li><li class=\"vc_tta-tab\" data-vc-tab><a href=\"#1642042807302-766ae96a-0826\" data-vc-tabs data-vc-container=\".vc_tta\"><span class=\"vc_tta-title-text\">47 to 51 m\u00b2<\/span><\/a><\/li><li class=\"vc_tta-tab\" data-vc-tab><a href=\"#1642042808989-177c20cc-2085\" data-vc-tabs data-vc-container=\".vc_tta\"><span class=\"vc_tta-title-text\">44 m\u00b2<\/span><\/a><\/li><li class=\"vc_tta-tab\" data-vc-tab><a href=\"#1642042809550-32414c01-f53d\" data-vc-tabs data-vc-container=\".vc_tta\"><span class=\"vc_tta-title-text\">48 m\u00b2<\/span><\/a><\/li><\/ul><\/div><div class=\"vc_tta-panels-container\"><div class=\"vc_tta-panels\"><div class=\"vc_tta-panel vc_active\" id=\"1642042807289-2d0d522c-2eed\" data-vc-content=\".vc_tta-panel-body\"><div class=\"vc_tta-panel-heading\"><h4 class=\"vc_tta-panel-title\"><a href=\"#1642042807289-2d0d522c-2eed\" data-vc-accordion data-vc-container=\".vc_tta-container\"><span class=\"vc_tta-title-text\">34 to 37 m\u00b2<\/span><\/a><\/h4><\/div><div class=\"vc_tta-panel-body\">\n\t<div  class=\"wpb_single_image wpb_content_element vc_align_center\">\n\t\t\n\t\t<figure class=\"wpb_wrapper vc_figure\">\n\t\t\t<div class=\"vc_single_image-wrapper   vc_box_border_grey\"><img fetchpriority=\"high\" decoding=\"async\" width=\"640\" height=\"453\" src=\"https:\/\/modenazlatibor.rs\/wp-content\/uploads\/2022\/03\/Aqua-Stan-43-1024x724.jpg\" class=\"vc_single_image-img attachment-large\" alt=\"\" srcset=\"https:\/\/modenazlatibor.rs\/wp-content\/uploads\/2022\/03\/Aqua-Stan-43-1024x724.jpg 1024w, https:\/\/modenazlatibor.rs\/wp-content\/uploads\/2022\/03\/Aqua-Stan-43-300x212.jpg 300w, https:\/\/modenazlatibor.rs\/wp-content\/uploads\/2022\/03\/Aqua-Stan-43-768x543.jpg 768w, https:\/\/modenazlatibor.rs\/wp-content\/uploads\/2022\/03\/Aqua-Stan-43-1536x1087.jpg 1536w, https:\/\/modenazlatibor.rs\/wp-content\/uploads\/2022\/03\/Aqua-Stan-43-2048x1449.jpg 2048w\" sizes=\"(max-width: 640px) 100vw, 640px\" \/><\/div>\n\t\t<\/figure>\n\t<\/div>\n<\/div><\/div><div class=\"vc_tta-panel\" id=\"1642042807302-766ae96a-0826\" data-vc-content=\".vc_tta-panel-body\"><div class=\"vc_tta-panel-heading\"><h4 class=\"vc_tta-panel-title\"><a href=\"#1642042807302-766ae96a-0826\" data-vc-accordion data-vc-container=\".vc_tta-container\"><span class=\"vc_tta-title-text\">47 to 51 m\u00b2<\/span><\/a><\/h4><\/div><div class=\"vc_tta-panel-body\">\n\t<div  class=\"wpb_single_image wpb_content_element vc_align_center\">\n\t\t\n\t\t<figure class=\"wpb_wrapper vc_figure\">\n\t\t\t<div class=\"vc_single_image-wrapper   vc_box_border_grey\"><img decoding=\"async\" width=\"640\" height=\"453\" src=\"https:\/\/modenazlatibor.rs\/wp-content\/uploads\/2022\/03\/Aqua-Stan-42-1024x724.jpg\" class=\"vc_single_image-img attachment-large\" alt=\"\" srcset=\"https:\/\/modenazlatibor.rs\/wp-content\/uploads\/2022\/03\/Aqua-Stan-42-1024x724.jpg 1024w, https:\/\/modenazlatibor.rs\/wp-content\/uploads\/2022\/03\/Aqua-Stan-42-300x212.jpg 300w, https:\/\/modenazlatibor.rs\/wp-content\/uploads\/2022\/03\/Aqua-Stan-42-768x543.jpg 768w, https:\/\/modenazlatibor.rs\/wp-content\/uploads\/2022\/03\/Aqua-Stan-42-1536x1087.jpg 1536w, https:\/\/modenazlatibor.rs\/wp-content\/uploads\/2022\/03\/Aqua-Stan-42-2048x1449.jpg 2048w\" sizes=\"(max-width: 640px) 100vw, 640px\" \/><\/div>\n\t\t<\/figure>\n\t<\/div>\n<\/div><\/div><div class=\"vc_tta-panel\" id=\"1642042808989-177c20cc-2085\" data-vc-content=\".vc_tta-panel-body\"><div class=\"vc_tta-panel-heading\"><h4 class=\"vc_tta-panel-title\"><a href=\"#1642042808989-177c20cc-2085\" data-vc-accordion data-vc-container=\".vc_tta-container\"><span class=\"vc_tta-title-text\">44 m\u00b2<\/span><\/a><\/h4><\/div><div class=\"vc_tta-panel-body\">\n\t<div  class=\"wpb_single_image wpb_content_element vc_align_center\">\n\t\t\n\t\t<figure class=\"wpb_wrapper vc_figure\">\n\t\t\t<div class=\"vc_single_image-wrapper   vc_box_border_grey\"><img decoding=\"async\" width=\"640\" height=\"453\" src=\"https:\/\/modenazlatibor.rs\/wp-content\/uploads\/2022\/03\/Aqua-Stan-41-1024x724.jpg\" class=\"vc_single_image-img attachment-large\" alt=\"\" srcset=\"https:\/\/modenazlatibor.rs\/wp-content\/uploads\/2022\/03\/Aqua-Stan-41-1024x724.jpg 1024w, https:\/\/modenazlatibor.rs\/wp-content\/uploads\/2022\/03\/Aqua-Stan-41-300x212.jpg 300w, https:\/\/modenazlatibor.rs\/wp-content\/uploads\/2022\/03\/Aqua-Stan-41-768x543.jpg 768w, https:\/\/modenazlatibor.rs\/wp-content\/uploads\/2022\/03\/Aqua-Stan-41-1536x1087.jpg 1536w, https:\/\/modenazlatibor.rs\/wp-content\/uploads\/2022\/03\/Aqua-Stan-41-2048x1449.jpg 2048w\" sizes=\"(max-width: 640px) 100vw, 640px\" \/><\/div>\n\t\t<\/figure>\n\t<\/div>\n<\/div><\/div><div class=\"vc_tta-panel\" id=\"1642042809550-32414c01-f53d\" data-vc-content=\".vc_tta-panel-body\"><div class=\"vc_tta-panel-heading\"><h4 class=\"vc_tta-panel-title\"><a href=\"#1642042809550-32414c01-f53d\" data-vc-accordion data-vc-container=\".vc_tta-container\"><span class=\"vc_tta-title-text\">48 m\u00b2<\/span><\/a><\/h4><\/div><div class=\"vc_tta-panel-body\">\n\t<div  class=\"wpb_single_image wpb_content_element vc_align_center\">\n\t\t\n\t\t<figure class=\"wpb_wrapper vc_figure\">\n\t\t\t<div class=\"vc_single_image-wrapper   vc_box_border_grey\"><img loading=\"lazy\" decoding=\"async\" width=\"640\" height=\"453\" src=\"https:\/\/modenazlatibor.rs\/wp-content\/uploads\/2022\/03\/Aqua-Stan-40-1024x724.jpg\" class=\"vc_single_image-img attachment-large\" alt=\"\" srcset=\"https:\/\/modenazlatibor.rs\/wp-content\/uploads\/2022\/03\/Aqua-Stan-40-1024x724.jpg 1024w, https:\/\/modenazlatibor.rs\/wp-content\/uploads\/2022\/03\/Aqua-Stan-40-300x212.jpg 300w, https:\/\/modenazlatibor.rs\/wp-content\/uploads\/2022\/03\/Aqua-Stan-40-768x543.jpg 768w, https:\/\/modenazlatibor.rs\/wp-content\/uploads\/2022\/03\/Aqua-Stan-40-1536x1087.jpg 1536w, https:\/\/modenazlatibor.rs\/wp-content\/uploads\/2022\/03\/Aqua-Stan-40-2048x1449.jpg 2048w\" sizes=\"(max-width: 640px) 100vw, 640px\" \/><\/div>\n\t\t<\/figure>\n\t<\/div>\n<\/div><\/div><\/div><\/div><\/div><\/div><\/div><\/div><\/div><\/div><div class=\"vc_row wpb_row vc_inner vc_row-fluid vc_custom_1644341869249\"><div class=\"wpb_column vc_column_container vc_col-sm-12\"><div class=\"vc_column-inner\"><div class=\"wpb_wrapper\">\n\n\n<div class=\"about-content wow fadeInUp\" >\n\t\t  <blockquote><p>\nAre you interested in apartments in Modena Aria?<\/p>\n<p><a href=\"https:\/\/modenazlatibor.rs\/en\/contact\/\"><strong>Contact us<\/strong><\/a>\n<\/p><\/blockquote>\n\t\n\t\n\t\n\t\n\t\t  <\/div>\n\n\t\t<\/div><\/div><\/div><\/div>\n\n\n<div class=\"about-content\" >\n\t\t  <p><em>Modena Zlatibor should be an ideal combination of basic elements for a healthy life (water, land and air) as well as an ideal combination of factors influencing security investment: safe investor, bank as a guarantor of quality, loans for purchase from the beginning, fully furnished apartments including absolutely everything! Wellness center, location and company that will be engaged in renting and maintaining apartments in the future.<\/em><\/p>\n\t\n\t\n\t\n\t\n\t\t  <\/div>\n\n\t\t<div class=\"vc_row wpb_row vc_inner vc_row-fluid vc_custom_1584947844739\"><div class=\"wpb_column vc_column_container vc_col-sm-12\"><div class=\"vc_column-inner\"><div class=\"wpb_wrapper\"> \n\n\n\n    \n      <div class=\"content-slider wow fadeInUp\" >\n        <div class=\"swiper-wrapper\">\n                              <div class=\"swiper-slide\" data-background=\"https:\/\/modenazlatibor.rs\/wp-content\/uploads\/2022\/04\/gym-1.jpg\">\n\t\t\t \t\t\t <div class=\"slide-inner\">\n\t\t\t\t \t\t\t\t  \t\t\t\t \t\t\t\t    <\/div>\n\t\t\t  <!-- end slide-inner -->\n\t\t\t<\/div>\n          \n                                      <div class=\"swiper-slide\" data-background=\"https:\/\/modenazlatibor.rs\/wp-content\/uploads\/2022\/04\/gym-4.jpg\">\n\t\t\t \t\t\t <div class=\"slide-inner\">\n\t\t\t\t \t\t\t\t  \t\t\t\t \t\t\t\t    <\/div>\n\t\t\t  <!-- end slide-inner -->\n\t\t\t<\/div>\n          \n                                      <div class=\"swiper-slide\" data-background=\"https:\/\/modenazlatibor.rs\/wp-content\/uploads\/2022\/04\/pilates-4.jpg\">\n\t\t\t \t\t\t <div class=\"slide-inner\">\n\t\t\t\t \t\t\t\t  \t\t\t\t \t\t\t\t    <\/div>\n\t\t\t  <!-- end slide-inner -->\n\t\t\t<\/div>\n          \n                                      <div class=\"swiper-slide\" data-background=\"https:\/\/modenazlatibor.rs\/wp-content\/uploads\/2022\/04\/pilates-5.jpg\">\n\t\t\t \t\t\t <div class=\"slide-inner\">\n\t\t\t\t \t\t\t\t  \t\t\t\t \t\t\t\t    <\/div>\n\t\t\t  <!-- end slide-inner -->\n\t\t\t<\/div>\n          \n                                      <div class=\"swiper-slide\" data-background=\"https:\/\/modenazlatibor.rs\/wp-content\/uploads\/2022\/04\/massage-room3.jpg\">\n\t\t\t \t\t\t <div class=\"slide-inner\">\n\t\t\t\t \t\t\t\t  \t\t\t\t \t\t\t\t    <\/div>\n\t\t\t  <!-- end slide-inner -->\n\t\t\t<\/div>\n          \n                                      <div class=\"swiper-slide\" data-background=\"https:\/\/modenazlatibor.rs\/wp-content\/uploads\/2022\/04\/change-room1.jpg\">\n\t\t\t \t\t\t <div class=\"slide-inner\">\n\t\t\t\t \t\t\t\t  \t\t\t\t \t\t\t\t    <\/div>\n\t\t\t  <!-- end slide-inner -->\n\t\t\t<\/div>\n          \n                                      <div class=\"swiper-slide\" data-background=\"https:\/\/modenazlatibor.rs\/wp-content\/uploads\/2022\/04\/change-room2.jpg\">\n\t\t\t \t\t\t <div class=\"slide-inner\">\n\t\t\t\t \t\t\t\t  \t\t\t\t \t\t\t\t    <\/div>\n\t\t\t  <!-- end slide-inner -->\n\t\t\t<\/div>\n          \n                                      <div class=\"swiper-slide\" data-background=\"https:\/\/modenazlatibor.rs\/wp-content\/uploads\/2022\/04\/c3.jpg\">\n\t\t\t \t\t\t <div class=\"slide-inner\">\n\t\t\t\t \t\t\t\t  \t\t\t\t \t\t\t\t    <\/div>\n\t\t\t  <!-- end slide-inner -->\n\t\t\t<\/div>\n          \n                          <\/div>\n        <!-- end swiper-wrapper -->\n        <div class=\"swiper-button-prev\">Prev<\/div>\n        <!-- end button-prev -->\n        <div class=\"swiper-button-next\">Next<\/div>\n        <!-- end button-next --> \n\t\t   <div class=\"swiper-pagination\"><\/div>\n\t\t  <!-- end swiper-pagination -->\n      <\/div>\n      <!-- end content-slider -->\n    \n\n\n\n\n\n\n\n\n<\/div><\/div><\/div><\/div><\/div><\/div><\/div><\/div><\/div><\/section>","protected":false},"excerpt":{"rendered":"Modena\u00a0Aria Planinska sve\u017eina i odmor koji se pamti! S obzirom da se kompleks nalazi na mestu gde se ukr\u0161taju mediteranski I kontitinentalni\u00a0vetrovi, po kojima je Zlatibor poznat I u Evropi, smatrali smo da je Aria pravi naziv za jednu od\u00a0na\u0161ih planinskih zajednica. Modena Aria je zgrada u \u010dijem podno\u017eju se nalaze teretana sa tu\u0161evima I [...]","protected":false},"author":1,"featured_media":0,"parent":0,"menu_order":0,"comment_status":"closed","ping_status":"closed","template":"page-portfolio.php","meta":{"footnotes":""},"class_list":["post-2229","page","type-page","status-publish","hentry"],"yoast_head":"<!-- This site is optimized with the Yoast SEO plugin v27.4 - https:\/\/yoast.com\/product\/yoast-seo-wordpress\/ -->\n<title>Modena Aria Mobile - Modena Zlatibor<\/title>\n<meta name=\"description\" content=\"Ukoliko pored odmaranja \u017eelite da trenirate Modena Aria idealna je zgrada za Vas jer poseduje teretanu u svom sastavu.\" \/>\n<meta name=\"robots\" content=\"index, follow, max-snippet:-1, max-image-preview:large, max-video-preview:-1\" \/>\n<link rel=\"canonical\" href=\"https:\/\/modenazlatibor.rs\/en\/aria-mobile\/\" \/>\n<meta property=\"og:locale\" content=\"en_US\" \/>\n<meta property=\"og:type\" content=\"article\" \/>\n<meta property=\"og:title\" content=\"Modena Aria Mobile - Modena Zlatibor\" \/>\n<meta property=\"og:description\" content=\"Ukoliko pored odmaranja \u017eelite da trenirate Modena Aria idealna je zgrada za Vas jer poseduje teretanu u svom sastavu.\" \/>\n<meta property=\"og:url\" content=\"https:\/\/modenazlatibor.rs\/en\/aria-mobile\/\" \/>\n<meta property=\"og:site_name\" content=\"Modena Zlatibor\" \/>\n<meta property=\"article:modified_time\" content=\"2022-04-06T10:44:09+00:00\" \/>\n<meta name=\"twitter:card\" content=\"summary_large_image\" \/>\n<meta name=\"twitter:label1\" content=\"Est. reading time\" \/>\n\t<meta name=\"twitter:data1\" content=\"2 minutes\" \/>\n<script type=\"application\/ld+json\" class=\"yoast-schema-graph\">{\"@context\":\"https:\\\/\\\/schema.org\",\"@graph\":[{\"@type\":\"WebPage\",\"@id\":\"https:\\\/\\\/modenazlatibor.rs\\\/aria-mobile\\\/\",\"url\":\"https:\\\/\\\/modenazlatibor.rs\\\/aria-mobile\\\/\",\"name\":\"Modena Aria Mobile - Modena Zlatibor\",\"isPartOf\":{\"@id\":\"https:\\\/\\\/modenazlatibor.rs\\\/#website\"},\"datePublished\":\"2022-03-29T13:14:08+00:00\",\"dateModified\":\"2022-04-06T10:44:09+00:00\",\"description\":\"Ukoliko pored odmaranja \u017eelite da trenirate Modena Aria idealna je zgrada za Vas jer poseduje teretanu u svom sastavu.\",\"breadcrumb\":{\"@id\":\"https:\\\/\\\/modenazlatibor.rs\\\/aria-mobile\\\/#breadcrumb\"},\"inLanguage\":\"en-US\",\"potentialAction\":[{\"@type\":\"ReadAction\",\"target\":[\"https:\\\/\\\/modenazlatibor.rs\\\/aria-mobile\\\/\"]}]},{\"@type\":\"BreadcrumbList\",\"@id\":\"https:\\\/\\\/modenazlatibor.rs\\\/aria-mobile\\\/#breadcrumb\",\"itemListElement\":[{\"@type\":\"ListItem\",\"position\":1,\"name\":\"Modena Zlatibor Resort\",\"item\":\"https:\\\/\\\/modenazlatibor.rs\\\/\"},{\"@type\":\"ListItem\",\"position\":2,\"name\":\"Modena Aria Mobile\"}]},{\"@type\":\"WebSite\",\"@id\":\"https:\\\/\\\/modenazlatibor.rs\\\/#website\",\"url\":\"https:\\\/\\\/modenazlatibor.rs\\\/\",\"name\":\"Modena Zlatibor\",\"description\":\"\",\"publisher\":{\"@id\":\"https:\\\/\\\/modenazlatibor.rs\\\/#organization\"},\"potentialAction\":[{\"@type\":\"SearchAction\",\"target\":{\"@type\":\"EntryPoint\",\"urlTemplate\":\"https:\\\/\\\/modenazlatibor.rs\\\/?s={search_term_string}\"},\"query-input\":{\"@type\":\"PropertyValueSpecification\",\"valueRequired\":true,\"valueName\":\"search_term_string\"}}],\"inLanguage\":\"en-US\"},{\"@type\":\"Organization\",\"@id\":\"https:\\\/\\\/modenazlatibor.rs\\\/#organization\",\"name\":\"Modena Zlatibor\",\"url\":\"https:\\\/\\\/modenazlatibor.rs\\\/\",\"logo\":{\"@type\":\"ImageObject\",\"inLanguage\":\"en-US\",\"@id\":\"https:\\\/\\\/modenazlatibor.rs\\\/#\\\/schema\\\/logo\\\/image\\\/\",\"url\":\"https:\\\/\\\/modenazlatibor.rs\\\/wp-content\\\/uploads\\\/2021\\\/12\\\/cropped-MODENA-ZLATIBOR-LOGO-NOVO-NO-BG.png\",\"contentUrl\":\"https:\\\/\\\/modenazlatibor.rs\\\/wp-content\\\/uploads\\\/2021\\\/12\\\/cropped-MODENA-ZLATIBOR-LOGO-NOVO-NO-BG.png\",\"width\":512,\"height\":512,\"caption\":\"Modena Zlatibor\"},\"image\":{\"@id\":\"https:\\\/\\\/modenazlatibor.rs\\\/#\\\/schema\\\/logo\\\/image\\\/\"}}]}<\/script>\n<!-- \/ Yoast SEO plugin. -->","yoast_head_json":{"title":"Modena Aria Mobile - Modena Zlatibor","description":"Ukoliko pored odmaranja \u017eelite da trenirate Modena Aria idealna je zgrada za Vas jer poseduje teretanu u svom sastavu.","robots":{"index":"index","follow":"follow","max-snippet":"max-snippet:-1","max-image-preview":"max-image-preview:large","max-video-preview":"max-video-preview:-1"},"canonical":"https:\/\/modenazlatibor.rs\/en\/aria-mobile\/","og_locale":"en_US","og_type":"article","og_title":"Modena Aria Mobile - Modena Zlatibor","og_description":"Ukoliko pored odmaranja \u017eelite da trenirate Modena Aria idealna je zgrada za Vas jer poseduje teretanu u svom sastavu.","og_url":"https:\/\/modenazlatibor.rs\/en\/aria-mobile\/","og_site_name":"Modena Zlatibor","article_modified_time":"2022-04-06T10:44:09+00:00","twitter_card":"summary_large_image","twitter_misc":{"Est. reading time":"2 minutes"},"schema":{"@context":"https:\/\/schema.org","@graph":[{"@type":"WebPage","@id":"https:\/\/modenazlatibor.rs\/aria-mobile\/","url":"https:\/\/modenazlatibor.rs\/aria-mobile\/","name":"Modena Aria Mobile - Modena Zlatibor","isPartOf":{"@id":"https:\/\/modenazlatibor.rs\/#website"},"datePublished":"2022-03-29T13:14:08+00:00","dateModified":"2022-04-06T10:44:09+00:00","description":"Ukoliko pored odmaranja \u017eelite da trenirate Modena Aria idealna je zgrada za Vas jer poseduje teretanu u svom sastavu.","breadcrumb":{"@id":"https:\/\/modenazlatibor.rs\/aria-mobile\/#breadcrumb"},"inLanguage":"en-US","potentialAction":[{"@type":"ReadAction","target":["https:\/\/modenazlatibor.rs\/aria-mobile\/"]}]},{"@type":"BreadcrumbList","@id":"https:\/\/modenazlatibor.rs\/aria-mobile\/#breadcrumb","itemListElement":[{"@type":"ListItem","position":1,"name":"Modena Zlatibor Resort","item":"https:\/\/modenazlatibor.rs\/"},{"@type":"ListItem","position":2,"name":"Modena Aria Mobile"}]},{"@type":"WebSite","@id":"https:\/\/modenazlatibor.rs\/#website","url":"https:\/\/modenazlatibor.rs\/","name":"Modena Zlatibor","description":"","publisher":{"@id":"https:\/\/modenazlatibor.rs\/#organization"},"potentialAction":[{"@type":"SearchAction","target":{"@type":"EntryPoint","urlTemplate":"https:\/\/modenazlatibor.rs\/?s={search_term_string}"},"query-input":{"@type":"PropertyValueSpecification","valueRequired":true,"valueName":"search_term_string"}}],"inLanguage":"en-US"},{"@type":"Organization","@id":"https:\/\/modenazlatibor.rs\/#organization","name":"Modena Zlatibor","url":"https:\/\/modenazlatibor.rs\/","logo":{"@type":"ImageObject","inLanguage":"en-US","@id":"https:\/\/modenazlatibor.rs\/#\/schema\/logo\/image\/","url":"https:\/\/modenazlatibor.rs\/wp-content\/uploads\/2021\/12\/cropped-MODENA-ZLATIBOR-LOGO-NOVO-NO-BG.png","contentUrl":"https:\/\/modenazlatibor.rs\/wp-content\/uploads\/2021\/12\/cropped-MODENA-ZLATIBOR-LOGO-NOVO-NO-BG.png","width":512,"height":512,"caption":"Modena Zlatibor"},"image":{"@id":"https:\/\/modenazlatibor.rs\/#\/schema\/logo\/image\/"}}]}},"_links":{"self":[{"href":"https:\/\/modenazlatibor.rs\/en\/wp-json\/wp\/v2\/pages\/2229","targetHints":{"allow":["GET"]}}],"collection":[{"href":"https:\/\/modenazlatibor.rs\/en\/wp-json\/wp\/v2\/pages"}],"about":[{"href":"https:\/\/modenazlatibor.rs\/en\/wp-json\/wp\/v2\/types\/page"}],"author":[{"embeddable":true,"href":"https:\/\/modenazlatibor.rs\/en\/wp-json\/wp\/v2\/users\/1"}],"replies":[{"embeddable":true,"href":"https:\/\/modenazlatibor.rs\/en\/wp-json\/wp\/v2\/comments?post=2229"}],"version-history":[{"count":4,"href":"https:\/\/modenazlatibor.rs\/en\/wp-json\/wp\/v2\/pages\/2229\/revisions"}],"predecessor-version":[{"id":2335,"href":"https:\/\/modenazlatibor.rs\/en\/wp-json\/wp\/v2\/pages\/2229\/revisions\/2335"}],"wp:attachment":[{"href":"https:\/\/modenazlatibor.rs\/en\/wp-json\/wp\/v2\/media?parent=2229"}],"curies":[{"name":"wp","href":"https:\/\/api.w.org\/{rel}","templated":true}]}}