{"id":2227,"date":"2022-03-29T14:12:15","date_gmt":"2022-03-29T13:12:15","guid":{"rendered":"https:\/\/modenazlatibor.rs\/?page_id=2227"},"modified":"2022-04-06T11:36:09","modified_gmt":"2022-04-06T10:36:09","slug":"aqua-mobile","status":"publish","type":"page","link":"https:\/\/modenazlatibor.rs\/en\/aqua-mobile\/","title":{"rendered":"Modena Aqua Mobile"},"content":{"rendered":"<section  class=\"content-section\" ><div class=\"container\"><div class=\"vc_row wpb_row vc_row-fluid vc_custom_1644341689004\"><div class=\"wpb_column vc_column_container vc_col-sm-12\"><div class=\"vc_column-inner\"><div class=\"wpb_wrapper\"><div class=\"vc_row wpb_row vc_inner vc_row-fluid vc_custom_1584806111490\"><div class=\"wpb_column vc_column_container vc_col-sm-12\"><div class=\"vc_column-inner\"><div class=\"wpb_wrapper\">\n\n\n<div class=\"about-content wow fadeInUp\" >\n\t\t  <h2><em>Modena\u00a0Aqua<\/em><\/h2>\n<p><em>Your every day starts with - Aqua<\/em><\/p>\n\t\n\t\n\t\n\t\n\t\t  <\/div>\n\n\t\t<\/div><\/div><\/div><\/div><div class=\"vc_row wpb_row vc_inner vc_row-fluid vc_custom_1584806111490\"><div class=\"wpb_column vc_column_container vc_col-sm-12\"><div class=\"vc_column-inner\"><div class=\"wpb_wrapper\">\n\n\n<div class=\"about-content wow fadeInUp\" >\n\t\t  <p class=\"translation-block\"><em> Modena Aqua is a building with a <strong> wellness and spa area consisting of a swimming pool, sauna, jacuzzi and hair salon <\/strong>. It is also warmly connected to the restaurant and gym <\/em> <em> located in the Aria building. <\/em> <br>\n<em> It contains 54 residential units, which can be a studio in structure, a one-bedroom apartment and duplexes as 2-bedroom apartments. <\/em><\/p>\n\t\n\t\n\t\n\t\n\t\t  <\/div>\n\n\t\t<\/div><\/div><\/div><\/div><div class=\"vc_row wpb_row vc_inner vc_row-fluid vc_custom_1584947844739\"><div class=\"wpb_column vc_column_container vc_col-sm-12\"><div class=\"vc_column-inner\"><div class=\"wpb_wrapper\"> \n\n\n\n    \n      <div class=\"content-slider wow fadeInUp\" >\n        <div class=\"swiper-wrapper\">\n                              <div class=\"swiper-slide\" data-background=\"https:\/\/modenazlatibor.rs\/wp-content\/uploads\/2021\/12\/J4__7_11zon-2-e1642615180554.jpeg\">\n\t\t\t \t\t\t <div class=\"slide-inner\">\n\t\t\t\t \t\t\t\t  \t\t\t\t \t\t\t\t    <\/div>\n\t\t\t  <!-- end slide-inner -->\n\t\t\t<\/div>\n          \n                                      <div class=\"swiper-slide\" data-background=\"https:\/\/modenazlatibor.rs\/wp-content\/uploads\/2021\/12\/K2__2_11zon-1-e1642615199961.jpeg\">\n\t\t\t \t\t\t <div class=\"slide-inner\">\n\t\t\t\t \t\t\t\t  \t\t\t\t \t\t\t\t    <\/div>\n\t\t\t  <!-- end slide-inner -->\n\t\t\t<\/div>\n          \n                                      <div class=\"swiper-slide\" data-background=\"https:\/\/modenazlatibor.rs\/wp-content\/uploads\/2021\/12\/K1__1_11zon-1-e1642615194138.jpeg\">\n\t\t\t \t\t\t <div class=\"slide-inner\">\n\t\t\t\t \t\t\t\t  \t\t\t\t \t\t\t\t    <\/div>\n\t\t\t  <!-- end slide-inner -->\n\t\t\t<\/div>\n          \n                          <\/div>\n        <!-- end swiper-wrapper -->\n        <div class=\"swiper-button-prev\">Prev<\/div>\n        <!-- end button-prev -->\n        <div class=\"swiper-button-next\">Next<\/div>\n        <!-- end button-next --> \n\t\t   <div class=\"swiper-pagination\"><\/div>\n\t\t  <!-- end swiper-pagination -->\n      <\/div>\n      <!-- end content-slider -->\n    \n\n\n\n\n\n\n\n\n<\/div><\/div><\/div><\/div><div class=\"vc_row wpb_row vc_inner vc_row-fluid vc_custom_1644341733300\"><div class=\"wpb_column vc_column_container vc_col-sm-12\"><div class=\"vc_column-inner\"><div class=\"wpb_wrapper\">\n\n\n<div class=\"about-content wow fadeInUp\" >\n\t\t  <div class=\"vc_row wpb_row vc_inner vc_row-fluid vc_custom_1584806150619\">\n<div class=\"wpb_column vc_column_container vc_col-sm-12\">\n<div class=\"vc_column-inner\">\n<div class=\"wpb_wrapper\">\n<div class=\"about-content wow fadeInUp\">\n<h4>Get your life on another level<\/h4>\n<p>We believe that the apartments in the Aqua building are a true example of luxury apartments on Zlatibor, which with their contents complement both hedonistic and health needs of families, tourist groups and individuals.<\/p>\n<\/div>\n<\/div>\n<\/div>\n<\/div>\n<\/div>\n\t\n\t\n\t\n\t\n\t\t  <\/div>\n\n\t\t<\/div><\/div><\/div><\/div><div class=\"vc_row wpb_row vc_inner vc_row-fluid vc_custom_1644341793849\"><div class=\"wpb_column vc_column_container vc_col-sm-12\"><div class=\"vc_column-inner\"><div class=\"wpb_wrapper\">\n\n\n<div class=\"about-content wow fadeInUp\" >\n\t\t  <div class=\"vc_row wpb_row vc_inner vc_row-fluid vc_custom_1584806158368\">\n<div class=\"wpb_column vc_column_container vc_col-sm-12\">\n<div class=\"vc_column-inner\">\n<div class=\"wpb_wrapper\">\n<div class=\"about-content wow fadeInUp\">\n<h5>Benefits<\/h5>\n<ul>\n<li>Spa and wellness center - In our complex you can enjoy in our spa and wellness center which are ideal space for relaxation after a hard week. You can also work on your shape with our gym which is a part of our wellness center.<\/li>\n<li>Restaurant - So your stay is even more pleasing, while your stay at Zlatibor you can enjoy our restaurants home mate kitchen, which is a part of our complex.<\/li>\n<li>Room Service - While cold days or if you want to enjoy your apartment, you can use our room service with one call to our restaurant.<\/li>\n<\/ul>\n<\/div>\n<\/div>\n<\/div>\n<\/div>\n<\/div>\n\t\n\t\n\t\n\t\n\t\t  <\/div>\n\n\t\t<\/div><\/div><\/div><\/div><div class=\"vc_row wpb_row vc_inner vc_row-fluid vc_custom_1644341753034\"><div class=\"wpb_column vc_column_container vc_col-sm-12\"><div class=\"vc_column-inner\"><div class=\"wpb_wrapper\">\n\n\n<div class=\"about-content\" >\n\t\t  <p><strong>Apartment plans<\/strong><\/p>\n<p>Each apartment has a living room and kitchen with dining area in the \"open space\" style, bedroom, terrace, as well as a separate bathroom that we consider a very important part of the interior. The elevators are electric and noiseless.<\/p>\n\t\n\t\n\t\n\t\n\t\t  <\/div>\n\n\t\t<div class=\"vc_tta-container\" data-vc-action=\"collapse\"><div class=\"vc_general vc_tta vc_tta-tabs vc_tta-color-white vc_tta-style-flat vc_tta-shape-square vc_tta-o-shape-group  three_tab vc_tta-o-no-fill vc_tta-tabs-position-top vc_tta-controls-align-center\"><div class=\"vc_tta-tabs-container\"><ul class=\"vc_tta-tabs-list\"><li class=\"vc_tta-tab vc_active\" data-vc-tab><a href=\"#1642042472011-ca7f6a4d-1e75\" data-vc-tabs data-vc-container=\".vc_tta\"><span class=\"vc_tta-title-text\">34 to 37 m\u00b2<\/span><\/a><\/li><li class=\"vc_tta-tab\" data-vc-tab><a href=\"#1642042472026-c63c440d-f2dd\" data-vc-tabs data-vc-container=\".vc_tta\"><span class=\"vc_tta-title-text\">47 to 51 m\u00b2<\/span><\/a><\/li><li class=\"vc_tta-tab\" data-vc-tab><a href=\"#1642042607042-9014eb74-ea52\" data-vc-tabs data-vc-container=\".vc_tta\"><span class=\"vc_tta-title-text\">44 m\u00b2<\/span><\/a><\/li><li class=\"vc_tta-tab\" data-vc-tab><a href=\"#1642042607604-fcc6903a-ed7a\" data-vc-tabs data-vc-container=\".vc_tta\"><span class=\"vc_tta-title-text\">48 m\u00b2<\/span><\/a><\/li><\/ul><\/div><div class=\"vc_tta-panels-container\"><div class=\"vc_tta-panels\"><div class=\"vc_tta-panel vc_active\" id=\"1642042472011-ca7f6a4d-1e75\" data-vc-content=\".vc_tta-panel-body\"><div class=\"vc_tta-panel-heading\"><h4 class=\"vc_tta-panel-title\"><a href=\"#1642042472011-ca7f6a4d-1e75\" data-vc-accordion data-vc-container=\".vc_tta-container\"><span class=\"vc_tta-title-text\">34 to 37 m\u00b2<\/span><\/a><\/h4><\/div><div class=\"vc_tta-panel-body\">\n\t<div  class=\"wpb_single_image wpb_content_element vc_align_center\">\n\t\t\n\t\t<figure class=\"wpb_wrapper vc_figure\">\n\t\t\t<div class=\"vc_single_image-wrapper   vc_box_border_grey\"><img fetchpriority=\"high\" decoding=\"async\" width=\"640\" height=\"453\" src=\"https:\/\/modenazlatibor.rs\/wp-content\/uploads\/2022\/03\/Aqua-Stan-43-1024x724.jpg\" class=\"vc_single_image-img attachment-large\" alt=\"\" srcset=\"https:\/\/modenazlatibor.rs\/wp-content\/uploads\/2022\/03\/Aqua-Stan-43-1024x724.jpg 1024w, https:\/\/modenazlatibor.rs\/wp-content\/uploads\/2022\/03\/Aqua-Stan-43-300x212.jpg 300w, https:\/\/modenazlatibor.rs\/wp-content\/uploads\/2022\/03\/Aqua-Stan-43-768x543.jpg 768w, https:\/\/modenazlatibor.rs\/wp-content\/uploads\/2022\/03\/Aqua-Stan-43-1536x1087.jpg 1536w, https:\/\/modenazlatibor.rs\/wp-content\/uploads\/2022\/03\/Aqua-Stan-43-2048x1449.jpg 2048w\" sizes=\"(max-width: 640px) 100vw, 640px\" \/><\/div>\n\t\t<\/figure>\n\t<\/div>\n<\/div><\/div><div class=\"vc_tta-panel\" id=\"1642042472026-c63c440d-f2dd\" data-vc-content=\".vc_tta-panel-body\"><div class=\"vc_tta-panel-heading\"><h4 class=\"vc_tta-panel-title\"><a href=\"#1642042472026-c63c440d-f2dd\" data-vc-accordion data-vc-container=\".vc_tta-container\"><span class=\"vc_tta-title-text\">47 to 51 m\u00b2<\/span><\/a><\/h4><\/div><div class=\"vc_tta-panel-body\">\n\t<div  class=\"wpb_single_image wpb_content_element vc_align_center\">\n\t\t\n\t\t<figure class=\"wpb_wrapper vc_figure\">\n\t\t\t<div class=\"vc_single_image-wrapper   vc_box_border_grey\"><img decoding=\"async\" width=\"640\" height=\"453\" src=\"https:\/\/modenazlatibor.rs\/wp-content\/uploads\/2022\/03\/Aqua-Stan-42-1024x724.jpg\" class=\"vc_single_image-img attachment-large\" alt=\"\" srcset=\"https:\/\/modenazlatibor.rs\/wp-content\/uploads\/2022\/03\/Aqua-Stan-42-1024x724.jpg 1024w, https:\/\/modenazlatibor.rs\/wp-content\/uploads\/2022\/03\/Aqua-Stan-42-300x212.jpg 300w, https:\/\/modenazlatibor.rs\/wp-content\/uploads\/2022\/03\/Aqua-Stan-42-768x543.jpg 768w, https:\/\/modenazlatibor.rs\/wp-content\/uploads\/2022\/03\/Aqua-Stan-42-1536x1087.jpg 1536w, https:\/\/modenazlatibor.rs\/wp-content\/uploads\/2022\/03\/Aqua-Stan-42-2048x1449.jpg 2048w\" sizes=\"(max-width: 640px) 100vw, 640px\" \/><\/div>\n\t\t<\/figure>\n\t<\/div>\n<\/div><\/div><div class=\"vc_tta-panel\" id=\"1642042607042-9014eb74-ea52\" data-vc-content=\".vc_tta-panel-body\"><div class=\"vc_tta-panel-heading\"><h4 class=\"vc_tta-panel-title\"><a href=\"#1642042607042-9014eb74-ea52\" data-vc-accordion data-vc-container=\".vc_tta-container\"><span class=\"vc_tta-title-text\">44 m\u00b2<\/span><\/a><\/h4><\/div><div class=\"vc_tta-panel-body\">\n\t<div  class=\"wpb_single_image wpb_content_element vc_align_center\">\n\t\t\n\t\t<figure class=\"wpb_wrapper vc_figure\">\n\t\t\t<div class=\"vc_single_image-wrapper   vc_box_border_grey\"><img decoding=\"async\" width=\"640\" height=\"453\" src=\"https:\/\/modenazlatibor.rs\/wp-content\/uploads\/2022\/03\/Aqua-Stan-41-1024x724.jpg\" class=\"vc_single_image-img attachment-large\" alt=\"\" srcset=\"https:\/\/modenazlatibor.rs\/wp-content\/uploads\/2022\/03\/Aqua-Stan-41-1024x724.jpg 1024w, https:\/\/modenazlatibor.rs\/wp-content\/uploads\/2022\/03\/Aqua-Stan-41-300x212.jpg 300w, https:\/\/modenazlatibor.rs\/wp-content\/uploads\/2022\/03\/Aqua-Stan-41-768x543.jpg 768w, https:\/\/modenazlatibor.rs\/wp-content\/uploads\/2022\/03\/Aqua-Stan-41-1536x1087.jpg 1536w, https:\/\/modenazlatibor.rs\/wp-content\/uploads\/2022\/03\/Aqua-Stan-41-2048x1449.jpg 2048w\" sizes=\"(max-width: 640px) 100vw, 640px\" \/><\/div>\n\t\t<\/figure>\n\t<\/div>\n<\/div><\/div><div class=\"vc_tta-panel\" id=\"1642042607604-fcc6903a-ed7a\" data-vc-content=\".vc_tta-panel-body\"><div class=\"vc_tta-panel-heading\"><h4 class=\"vc_tta-panel-title\"><a href=\"#1642042607604-fcc6903a-ed7a\" data-vc-accordion data-vc-container=\".vc_tta-container\"><span class=\"vc_tta-title-text\">48 m\u00b2<\/span><\/a><\/h4><\/div><div class=\"vc_tta-panel-body\">\n\t<div  class=\"wpb_single_image wpb_content_element vc_align_center\">\n\t\t\n\t\t<figure class=\"wpb_wrapper vc_figure\">\n\t\t\t<div class=\"vc_single_image-wrapper   vc_box_border_grey\"><img loading=\"lazy\" decoding=\"async\" width=\"640\" height=\"453\" src=\"https:\/\/modenazlatibor.rs\/wp-content\/uploads\/2022\/03\/Aqua-Stan-40-1024x724.jpg\" class=\"vc_single_image-img attachment-large\" alt=\"\" srcset=\"https:\/\/modenazlatibor.rs\/wp-content\/uploads\/2022\/03\/Aqua-Stan-40-1024x724.jpg 1024w, https:\/\/modenazlatibor.rs\/wp-content\/uploads\/2022\/03\/Aqua-Stan-40-300x212.jpg 300w, https:\/\/modenazlatibor.rs\/wp-content\/uploads\/2022\/03\/Aqua-Stan-40-768x543.jpg 768w, https:\/\/modenazlatibor.rs\/wp-content\/uploads\/2022\/03\/Aqua-Stan-40-1536x1087.jpg 1536w, https:\/\/modenazlatibor.rs\/wp-content\/uploads\/2022\/03\/Aqua-Stan-40-2048x1449.jpg 2048w\" sizes=\"(max-width: 640px) 100vw, 640px\" \/><\/div>\n\t\t<\/figure>\n\t<\/div>\n<\/div><\/div><\/div><\/div><\/div><\/div><\/div><\/div><\/div><\/div><div class=\"vc_row wpb_row vc_inner vc_row-fluid vc_custom_1644341766885\"><div class=\"wpb_column vc_column_container vc_col-sm-12\"><div class=\"vc_column-inner\"><div class=\"wpb_wrapper\">\n\n\n<div class=\"about-content wow fadeInUp\" >\n\t\t  <blockquote><p>\nAre you interested in apartments in Modena Aqua?<\/p>\n<p><a href=\"https:\/\/modenazlatibor.rs\/en\/contact\/\"><strong>Contact us<\/strong><\/a>\n<\/p><\/blockquote>\n\t\n\t\n\t\n\t\n\t\t  <\/div>\n\n\t\t<\/div><\/div><\/div><\/div>\n\n\n<div class=\"about-content\" >\n\t\t  <p><em>Modena Zlatibor should be an ideal combination of basic elements for a healthy life (water, land and air) as well as an ideal combination of factors influencing security investment: safe investor, bank as a guarantor of quality, loans for purchase from the beginning, fully furnished apartments including absolutely everything! Wellness center, location and company that will be engaged in renting and maintaining apartments in the future.<\/em><\/p>\n\t\n\t\n\t\n\t\n\t\t  <\/div>\n\n\t\t<div class=\"vc_row wpb_row vc_inner vc_row-fluid vc_custom_1584947844739\"><div class=\"wpb_column vc_column_container vc_col-sm-12\"><div class=\"vc_column-inner\"><div class=\"wpb_wrapper\"> \n\n\n\n    \n      <div class=\"content-slider wow fadeInUp\" >\n        <div class=\"swiper-wrapper\">\n                              <div class=\"swiper-slide\" data-background=\"https:\/\/modenazlatibor.rs\/wp-content\/uploads\/2022\/04\/pool3.jpg\">\n\t\t\t \t\t\t <div class=\"slide-inner\">\n\t\t\t\t \t\t\t\t  \t\t\t\t \t\t\t\t    <\/div>\n\t\t\t  <!-- end slide-inner -->\n\t\t\t<\/div>\n          \n                                      <div class=\"swiper-slide\" data-background=\"https:\/\/modenazlatibor.rs\/wp-content\/uploads\/2022\/04\/pool5.jpg\">\n\t\t\t \t\t\t <div class=\"slide-inner\">\n\t\t\t\t \t\t\t\t  \t\t\t\t \t\t\t\t    <\/div>\n\t\t\t  <!-- end slide-inner -->\n\t\t\t<\/div>\n          \n                                      <div class=\"swiper-slide\" data-background=\"https:\/\/modenazlatibor.rs\/wp-content\/uploads\/2022\/04\/pool10.jpg\">\n\t\t\t \t\t\t <div class=\"slide-inner\">\n\t\t\t\t \t\t\t\t  \t\t\t\t \t\t\t\t    <\/div>\n\t\t\t  <!-- end slide-inner -->\n\t\t\t<\/div>\n          \n                                      <div class=\"swiper-slide\" data-background=\"https:\/\/modenazlatibor.rs\/wp-content\/uploads\/2022\/04\/pool13.jpg\">\n\t\t\t \t\t\t <div class=\"slide-inner\">\n\t\t\t\t \t\t\t\t  \t\t\t\t \t\t\t\t    <\/div>\n\t\t\t  <!-- end slide-inner -->\n\t\t\t<\/div>\n          \n                                      <div class=\"swiper-slide\" data-background=\"https:\/\/modenazlatibor.rs\/wp-content\/uploads\/2022\/04\/sauna-2-.jpg\">\n\t\t\t \t\t\t <div class=\"slide-inner\">\n\t\t\t\t \t\t\t\t  \t\t\t\t \t\t\t\t    <\/div>\n\t\t\t  <!-- end slide-inner -->\n\t\t\t<\/div>\n          \n                                      <div class=\"swiper-slide\" data-background=\"https:\/\/modenazlatibor.rs\/wp-content\/uploads\/2022\/04\/sauna-4.jpg\">\n\t\t\t \t\t\t <div class=\"slide-inner\">\n\t\t\t\t \t\t\t\t  \t\t\t\t \t\t\t\t    <\/div>\n\t\t\t  <!-- end slide-inner -->\n\t\t\t<\/div>\n          \n                                      <div class=\"swiper-slide\" data-background=\"https:\/\/modenazlatibor.rs\/wp-content\/uploads\/2022\/04\/spa-reception-1.jpg\">\n\t\t\t \t\t\t <div class=\"slide-inner\">\n\t\t\t\t \t\t\t\t  \t\t\t\t \t\t\t\t    <\/div>\n\t\t\t  <!-- end slide-inner -->\n\t\t\t<\/div>\n          \n                                      <div class=\"swiper-slide\" data-background=\"https:\/\/modenazlatibor.rs\/wp-content\/uploads\/2022\/04\/spa-reception-3.jpg\">\n\t\t\t \t\t\t <div class=\"slide-inner\">\n\t\t\t\t \t\t\t\t  \t\t\t\t \t\t\t\t    <\/div>\n\t\t\t  <!-- end slide-inner -->\n\t\t\t<\/div>\n          \n                          <\/div>\n        <!-- end swiper-wrapper -->\n        <div class=\"swiper-button-prev\">Prev<\/div>\n        <!-- end button-prev -->\n        <div class=\"swiper-button-next\">Next<\/div>\n        <!-- end button-next --> \n\t\t   <div class=\"swiper-pagination\"><\/div>\n\t\t  <!-- end swiper-pagination -->\n      <\/div>\n      <!-- end content-slider -->\n    \n\n\n\n\n\n\n\n\n<\/div><\/div><\/div><\/div><\/div><\/div><\/div><\/div><\/div><\/section>","protected":false},"excerpt":{"rendered":"Modena\u00a0Aqua Jer svaki va\u0161 dan po\u010dinje sa Aqua-om Modena Aqua je zgrada u kojoj se nalaze wellness I spa centar koje \u010dine bazen, sauna,\u00a0djakuzi i frizerski salon. Ona je takodje povezana toplom vezom sa restoranom i teretanom koji\u00a0se nalaze u zgradi Aria. Sadr\u017ei 54 stambene jedinice, koje po strukturi mogu biti studio, stan sa 1 [...]","protected":false},"author":1,"featured_media":0,"parent":0,"menu_order":0,"comment_status":"closed","ping_status":"closed","template":"page-portfolio.php","meta":{"footnotes":""},"class_list":["post-2227","page","type-page","status-publish","hentry"],"yoast_head":"<!-- This site is optimized with the Yoast SEO plugin v27.4 - https:\/\/yoast.com\/product\/yoast-seo-wordpress\/ -->\n<title>Modena Aqua Mobile - Modena Zlatibor<\/title>\n<meta name=\"description\" content=\"\u017delite apartman u zgradi koja ima bazen, saunu, \u0111akuzi, i frizerski salon onda su apartmani Modena Zlatibor Resorta idealni za vas.\" \/>\n<meta name=\"robots\" content=\"index, follow, max-snippet:-1, max-image-preview:large, max-video-preview:-1\" \/>\n<link rel=\"canonical\" href=\"https:\/\/modenazlatibor.rs\/en\/aqua-mobile\/\" \/>\n<meta property=\"og:locale\" content=\"en_US\" \/>\n<meta property=\"og:type\" content=\"article\" \/>\n<meta property=\"og:title\" content=\"Modena Aqua Mobile - Modena Zlatibor\" \/>\n<meta property=\"og:description\" content=\"\u017delite apartman u zgradi koja ima bazen, saunu, \u0111akuzi, i frizerski salon onda su apartmani Modena Zlatibor Resorta idealni za vas.\" \/>\n<meta property=\"og:url\" content=\"https:\/\/modenazlatibor.rs\/en\/aqua-mobile\/\" \/>\n<meta property=\"og:site_name\" content=\"Modena Zlatibor\" \/>\n<meta property=\"article:modified_time\" content=\"2022-04-06T10:36:09+00:00\" \/>\n<meta name=\"twitter:card\" content=\"summary_large_image\" \/>\n<meta name=\"twitter:label1\" content=\"Est. reading time\" \/>\n\t<meta name=\"twitter:data1\" content=\"2 minutes\" \/>\n<script type=\"application\/ld+json\" class=\"yoast-schema-graph\">{\"@context\":\"https:\\\/\\\/schema.org\",\"@graph\":[{\"@type\":\"WebPage\",\"@id\":\"https:\\\/\\\/modenazlatibor.rs\\\/aqua-mobile\\\/\",\"url\":\"https:\\\/\\\/modenazlatibor.rs\\\/aqua-mobile\\\/\",\"name\":\"Modena Aqua Mobile - Modena Zlatibor\",\"isPartOf\":{\"@id\":\"https:\\\/\\\/modenazlatibor.rs\\\/#website\"},\"datePublished\":\"2022-03-29T13:12:15+00:00\",\"dateModified\":\"2022-04-06T10:36:09+00:00\",\"description\":\"\u017delite apartman u zgradi koja ima bazen, saunu, \u0111akuzi, i frizerski salon onda su apartmani Modena Zlatibor Resorta idealni za vas.\",\"breadcrumb\":{\"@id\":\"https:\\\/\\\/modenazlatibor.rs\\\/aqua-mobile\\\/#breadcrumb\"},\"inLanguage\":\"en-US\",\"potentialAction\":[{\"@type\":\"ReadAction\",\"target\":[\"https:\\\/\\\/modenazlatibor.rs\\\/aqua-mobile\\\/\"]}]},{\"@type\":\"BreadcrumbList\",\"@id\":\"https:\\\/\\\/modenazlatibor.rs\\\/aqua-mobile\\\/#breadcrumb\",\"itemListElement\":[{\"@type\":\"ListItem\",\"position\":1,\"name\":\"Modena Zlatibor Resort\",\"item\":\"https:\\\/\\\/modenazlatibor.rs\\\/\"},{\"@type\":\"ListItem\",\"position\":2,\"name\":\"Modena Aqua Mobile\"}]},{\"@type\":\"WebSite\",\"@id\":\"https:\\\/\\\/modenazlatibor.rs\\\/#website\",\"url\":\"https:\\\/\\\/modenazlatibor.rs\\\/\",\"name\":\"Modena Zlatibor\",\"description\":\"\",\"publisher\":{\"@id\":\"https:\\\/\\\/modenazlatibor.rs\\\/#organization\"},\"potentialAction\":[{\"@type\":\"SearchAction\",\"target\":{\"@type\":\"EntryPoint\",\"urlTemplate\":\"https:\\\/\\\/modenazlatibor.rs\\\/?s={search_term_string}\"},\"query-input\":{\"@type\":\"PropertyValueSpecification\",\"valueRequired\":true,\"valueName\":\"search_term_string\"}}],\"inLanguage\":\"en-US\"},{\"@type\":\"Organization\",\"@id\":\"https:\\\/\\\/modenazlatibor.rs\\\/#organization\",\"name\":\"Modena Zlatibor\",\"url\":\"https:\\\/\\\/modenazlatibor.rs\\\/\",\"logo\":{\"@type\":\"ImageObject\",\"inLanguage\":\"en-US\",\"@id\":\"https:\\\/\\\/modenazlatibor.rs\\\/#\\\/schema\\\/logo\\\/image\\\/\",\"url\":\"https:\\\/\\\/modenazlatibor.rs\\\/wp-content\\\/uploads\\\/2021\\\/12\\\/cropped-MODENA-ZLATIBOR-LOGO-NOVO-NO-BG.png\",\"contentUrl\":\"https:\\\/\\\/modenazlatibor.rs\\\/wp-content\\\/uploads\\\/2021\\\/12\\\/cropped-MODENA-ZLATIBOR-LOGO-NOVO-NO-BG.png\",\"width\":512,\"height\":512,\"caption\":\"Modena Zlatibor\"},\"image\":{\"@id\":\"https:\\\/\\\/modenazlatibor.rs\\\/#\\\/schema\\\/logo\\\/image\\\/\"}}]}<\/script>\n<!-- \/ Yoast SEO plugin. -->","yoast_head_json":{"title":"Modena Aqua Mobile - Modena Zlatibor","description":"\u017delite apartman u zgradi koja ima bazen, saunu, \u0111akuzi, i frizerski salon onda su apartmani Modena Zlatibor Resorta idealni za vas.","robots":{"index":"index","follow":"follow","max-snippet":"max-snippet:-1","max-image-preview":"max-image-preview:large","max-video-preview":"max-video-preview:-1"},"canonical":"https:\/\/modenazlatibor.rs\/en\/aqua-mobile\/","og_locale":"en_US","og_type":"article","og_title":"Modena Aqua Mobile - Modena Zlatibor","og_description":"\u017delite apartman u zgradi koja ima bazen, saunu, \u0111akuzi, i frizerski salon onda su apartmani Modena Zlatibor Resorta idealni za vas.","og_url":"https:\/\/modenazlatibor.rs\/en\/aqua-mobile\/","og_site_name":"Modena Zlatibor","article_modified_time":"2022-04-06T10:36:09+00:00","twitter_card":"summary_large_image","twitter_misc":{"Est. reading time":"2 minutes"},"schema":{"@context":"https:\/\/schema.org","@graph":[{"@type":"WebPage","@id":"https:\/\/modenazlatibor.rs\/aqua-mobile\/","url":"https:\/\/modenazlatibor.rs\/aqua-mobile\/","name":"Modena Aqua Mobile - Modena Zlatibor","isPartOf":{"@id":"https:\/\/modenazlatibor.rs\/#website"},"datePublished":"2022-03-29T13:12:15+00:00","dateModified":"2022-04-06T10:36:09+00:00","description":"\u017delite apartman u zgradi koja ima bazen, saunu, \u0111akuzi, i frizerski salon onda su apartmani Modena Zlatibor Resorta idealni za vas.","breadcrumb":{"@id":"https:\/\/modenazlatibor.rs\/aqua-mobile\/#breadcrumb"},"inLanguage":"en-US","potentialAction":[{"@type":"ReadAction","target":["https:\/\/modenazlatibor.rs\/aqua-mobile\/"]}]},{"@type":"BreadcrumbList","@id":"https:\/\/modenazlatibor.rs\/aqua-mobile\/#breadcrumb","itemListElement":[{"@type":"ListItem","position":1,"name":"Modena Zlatibor Resort","item":"https:\/\/modenazlatibor.rs\/"},{"@type":"ListItem","position":2,"name":"Modena Aqua Mobile"}]},{"@type":"WebSite","@id":"https:\/\/modenazlatibor.rs\/#website","url":"https:\/\/modenazlatibor.rs\/","name":"Modena Zlatibor","description":"","publisher":{"@id":"https:\/\/modenazlatibor.rs\/#organization"},"potentialAction":[{"@type":"SearchAction","target":{"@type":"EntryPoint","urlTemplate":"https:\/\/modenazlatibor.rs\/?s={search_term_string}"},"query-input":{"@type":"PropertyValueSpecification","valueRequired":true,"valueName":"search_term_string"}}],"inLanguage":"en-US"},{"@type":"Organization","@id":"https:\/\/modenazlatibor.rs\/#organization","name":"Modena Zlatibor","url":"https:\/\/modenazlatibor.rs\/","logo":{"@type":"ImageObject","inLanguage":"en-US","@id":"https:\/\/modenazlatibor.rs\/#\/schema\/logo\/image\/","url":"https:\/\/modenazlatibor.rs\/wp-content\/uploads\/2021\/12\/cropped-MODENA-ZLATIBOR-LOGO-NOVO-NO-BG.png","contentUrl":"https:\/\/modenazlatibor.rs\/wp-content\/uploads\/2021\/12\/cropped-MODENA-ZLATIBOR-LOGO-NOVO-NO-BG.png","width":512,"height":512,"caption":"Modena Zlatibor"},"image":{"@id":"https:\/\/modenazlatibor.rs\/#\/schema\/logo\/image\/"}}]}},"_links":{"self":[{"href":"https:\/\/modenazlatibor.rs\/en\/wp-json\/wp\/v2\/pages\/2227","targetHints":{"allow":["GET"]}}],"collection":[{"href":"https:\/\/modenazlatibor.rs\/en\/wp-json\/wp\/v2\/pages"}],"about":[{"href":"https:\/\/modenazlatibor.rs\/en\/wp-json\/wp\/v2\/types\/page"}],"author":[{"embeddable":true,"href":"https:\/\/modenazlatibor.rs\/en\/wp-json\/wp\/v2\/users\/1"}],"replies":[{"embeddable":true,"href":"https:\/\/modenazlatibor.rs\/en\/wp-json\/wp\/v2\/comments?post=2227"}],"version-history":[{"count":6,"href":"https:\/\/modenazlatibor.rs\/en\/wp-json\/wp\/v2\/pages\/2227\/revisions"}],"predecessor-version":[{"id":2325,"href":"https:\/\/modenazlatibor.rs\/en\/wp-json\/wp\/v2\/pages\/2227\/revisions\/2325"}],"wp:attachment":[{"href":"https:\/\/modenazlatibor.rs\/en\/wp-json\/wp\/v2\/media?parent=2227"}],"curies":[{"name":"wp","href":"https:\/\/api.w.org\/{rel}","templated":true}]}}