{"id":1624,"date":"2022-02-27T02:07:43","date_gmt":"2022-02-27T01:07:43","guid":{"rendered":"https:\/\/modenazlatibor.rs\/?page_id=1624"},"modified":"2022-03-19T13:19:56","modified_gmt":"2022-03-19T12:19:56","slug":"novosti-mobile","status":"publish","type":"page","link":"https:\/\/modenazlatibor.rs\/en\/novosti-mobile\/","title":{"rendered":"Novosti Page Mobile"},"content":{"rendered":"<section class=\"vc_section\"><section  class=\"content-section\" ><div class=\"vc_row wpb_row vc_row-fluid vc_custom_1647692326080\"><div class=\"wpb_column vc_column_container vc_col-sm-12\"><div class=\"vc_column-inner\"><div class=\"wpb_wrapper\">\n\t<div class=\"wpb_text_column wpb_content_element \" >\n\t\t<div class=\"wpb_wrapper\">\n\t\t\t<h2 style=\"text-align: center;\">Check Our Latest Blog<\/h2>\n\n\t\t<\/div>\n\t<\/div>\n\n<div class=\"vc_grid-container-wrapper vc_clearfix vc_grid-animation-fadeIn\">\n\t<div class=\"vc_grid-container vc_clearfix wpb_content_element vc_basic_grid\" data-initial-loading-animation=\"fadeIn\" data-vc-grid-settings=\"{&quot;page_id&quot;:1624,&quot;style&quot;:&quot;load-more&quot;,&quot;action&quot;:&quot;vc_get_vc_grid_data&quot;,&quot;shortcode_id&quot;:&quot;1647692258448-d0428cd2-5f3f-4&quot;,&quot;items_per_page&quot;:&quot;6&quot;,&quot;btn_data&quot;:{&quot;title&quot;:&quot;Load more&quot;,&quot;style&quot;:&quot;modern&quot;,&quot;gradient_color_1&quot;:&quot;&quot;,&quot;gradient_color_2&quot;:&quot;&quot;,&quot;gradient_custom_color_1&quot;:&quot;&quot;,&quot;gradient_custom_color_2&quot;:&quot;&quot;,&quot;gradient_text_color&quot;:&quot;&quot;,&quot;custom_background&quot;:&quot;#ededed&quot;,&quot;custom_text&quot;:&quot;#666&quot;,&quot;outline_custom_color&quot;:&quot;#666&quot;,&quot;outline_custom_hover_background&quot;:&quot;#666&quot;,&quot;outline_custom_hover_text&quot;:&quot;#fff&quot;,&quot;shape&quot;:&quot;rounded&quot;,&quot;color&quot;:&quot;default&quot;,&quot;size&quot;:&quot;xs&quot;,&quot;align&quot;:&quot;inline&quot;,&quot;button_block&quot;:&quot;&quot;,&quot;add_icon&quot;:&quot;&quot;,&quot;i_align&quot;:&quot;left&quot;,&quot;i_type&quot;:&quot;fontawesome&quot;,&quot;i_icon_fontawesome&quot;:&quot;fas fa-adjust&quot;,&quot;i_icon_openiconic&quot;:&quot;vc-oi vc-oi-dial&quot;,&quot;i_icon_typicons&quot;:&quot;typcn typcn-adjust-brightness&quot;,&quot;i_icon_entypo&quot;:&quot;entypo-icon entypo-icon-note&quot;,&quot;i_icon_linecons&quot;:&quot;vc_li vc_li-heart&quot;,&quot;i_icon_monosocial&quot;:&quot;&quot;,&quot;i_icon_material&quot;:&quot;&quot;,&quot;i_icon_pixelicons&quot;:&quot;vc_pixel_icon vc_pixel_icon-alert&quot;,&quot;el_id&quot;:&quot;&quot;,&quot;custom_onclick&quot;:&quot;&quot;,&quot;custom_onclick_code&quot;:&quot;&quot;},&quot;tag&quot;:&quot;vc_basic_grid&quot;}\" data-vc-request=\"https:\/\/modenazlatibor.rs\/wp-admin\/admin-ajax.php\" data-vc-post-id=\"1624\" data-vc-public-nonce=\"14614a7225\">\n\t\t<style data-type=\"vc_shortcodes-custom-css\">.vc_custom_1419240516480{background-color: #f9f9f9 !important;}<\/style><div class=\"vc_grid vc_row vc_grid-gutter-30px vc_pageable-wrapper vc_hook_hover\" data-vc-pageable-content=\"true\"><div class=\"vc_pageable-slide-wrapper vc_clearfix\" data-vc-grid-content=\"true\"><div class=\"vc_grid-item vc_clearfix vc_col-sm-4 vc_grid-item-zone-c-bottom\"><div class=\"vc_grid-item-mini vc_clearfix \"><div class=\"vc_gitem-animated-block\" ><div class=\"vc_gitem-zone vc_gitem-zone-a vc-gitem-zone-height-mode-auto vc-gitem-zone-height-mode-auto-1-1 vc_gitem-is-link\" style=\"background-image: url('https:\/\/modenazlatibor.rs\/wp-content\/uploads\/2022\/08\/modena-zlatibor-resort-kupovina-stambeni-kredit-1024x576.jpg') !important;\"><a href=\"https:\/\/modenazlatibor.rs\/en\/modena-zlatibor-resort-i-gradnja-rs-nekretnine-koje-zaradjuju-za-vas\/\" title=\"Modena Zlatibor Resort i Gradnja.rs: Nekretnine koje zara\u0111uju za vas\" class=\"vc_gitem-link vc-zone-link\"><\/a><img decoding=\"async\" src=\"https:\/\/modenazlatibor.rs\/wp-content\/uploads\/2022\/08\/modena-zlatibor-resort-kupovina-stambeni-kredit-1024x576.jpg\" class=\"vc_gitem-zone-img\" alt=\"\"><div class=\"vc_gitem-zone-mini\"><\/div><\/div><\/div><div class=\"vc_gitem-zone vc_gitem-zone-c vc_custom_1419240516480\"><div class=\"vc_gitem-zone-mini\"><div class=\"vc_gitem_row vc_row vc_gitem-row-position-top\"><div class=\"vc_col-sm-12 vc_gitem-col vc_gitem-col-align-\"><div class=\"vc_custom_heading vc_gitem-post-data vc_gitem-post-data-source-post_title\" ><h4 style=\"text-align: left\" >Modena Zlatibor Resort i Gradnja.rs: Nekretnine koje zara\u0111uju za vas<\/h4><\/div><div class=\"vc_custom_heading vc_gitem-post-data vc_gitem-post-data-source-post_excerpt\" ><p style=\"text-align: left\" ><p>Ovaj jedinstveni planinski kompleks u Srbiji osmi\u0161ljen je tako da vam pru\u017ei maksimalan komfor i povratak investicije u \u0161to kra\u0107em roku. Ulaganje u nekretnine je najsigurniji vid investiranja. Analize tr\u017ei\u0161ta nam pokazuju da je vi\u0161e ljudi koji tra\u017ee proverenog i pouzdanog investitora u \u010diji projekat bi investirali svoj novac. Na ovo nas upu\u0107uje i \u010dinjenica [&hellip;]<\/p>\n<\/p><\/div><div class=\"vc_btn3-container vc_btn3-left\"><a class=\"vc_general vc_btn3 vc_btn3-size-md vc_btn3-shape-rounded vc_btn3-style-flat vc_btn3-color-juicy-pink\" a href=\"https:\/\/modenazlatibor.rs\/en\/modena-zlatibor-resort-i-gradnja-rs-nekretnine-koje-zaradjuju-za-vas\/\" class=\"vc_gitem-link vc_general vc_btn3 vc_general vc_btn3 vc_btn3-size-md vc_btn3-shape-rounded vc_btn3-style-flat vc_btn3-color-juicy-pink\" title=\"Read more\">Read more<\/a><\/div><\/div><\/div><\/div><\/div><\/div><div class=\"vc_clearfix\"><\/div><\/div><div class=\"vc_grid-item vc_clearfix vc_col-sm-4 vc_grid-item-zone-c-bottom\"><div class=\"vc_grid-item-mini vc_clearfix \"><div class=\"vc_gitem-animated-block\" ><div class=\"vc_gitem-zone vc_gitem-zone-a vc-gitem-zone-height-mode-auto vc-gitem-zone-height-mode-auto-1-1 vc_gitem-is-link\" style=\"background-image: url('https:\/\/modenazlatibor.rs\/wp-content\/uploads\/2022\/03\/U-odeljku-Smes\u030ctajni-kapaciteti-na-Zlatiboru-ispod-2.-pasusa-Zlatiborski-brzi-voz.jpg') !important;\"><a href=\"https:\/\/modenazlatibor.rs\/en\/kako-je-zaista-ziveti-u-gradu-na-planini\/\" title=\"Kako je zaista \u017eiveti u gradu na planini?\" class=\"vc_gitem-link vc-zone-link\"><\/a><img decoding=\"async\" src=\"https:\/\/modenazlatibor.rs\/wp-content\/uploads\/2022\/03\/U-odeljku-Smes\u030ctajni-kapaciteti-na-Zlatiboru-ispod-2.-pasusa-Zlatiborski-brzi-voz.jpg\" class=\"vc_gitem-zone-img\" alt=\"\"><div class=\"vc_gitem-zone-mini\"><\/div><\/div><\/div><div class=\"vc_gitem-zone vc_gitem-zone-c vc_custom_1419240516480\"><div class=\"vc_gitem-zone-mini\"><div class=\"vc_gitem_row vc_row vc_gitem-row-position-top\"><div class=\"vc_col-sm-12 vc_gitem-col vc_gitem-col-align-\"><div class=\"vc_custom_heading vc_gitem-post-data vc_gitem-post-data-source-post_title\" ><h4 style=\"text-align: left\" >Kako je zaista \u017eiveti u gradu na planini?<\/h4><\/div><div class=\"vc_custom_heading vc_gitem-post-data vc_gitem-post-data-source-post_excerpt\" ><p style=\"text-align: left\" ><p>Kada ljudi zimuju ili letuju u mestu koje vi zovete domom, to vam slu\u017ei kao trenutni podsetnik koliko ste zapravno sre\u0107ni \u0161to tamo \u017eivite. \u017divite jedinstven na\u010din \u017eivota. Zasnovati svoj \u017eivot na turisti\u010dkim lokacijama mo\u017ee biti te\u0161ko, ali ima i mnogo benefita. Ono \u0161to je va\u017eno setiti se da su ovi gradovi odmarali\u0161ta sa razlogom. [&hellip;]<\/p>\n<\/p><\/div><div class=\"vc_btn3-container vc_btn3-left\"><a class=\"vc_general vc_btn3 vc_btn3-size-md vc_btn3-shape-rounded vc_btn3-style-flat vc_btn3-color-juicy-pink\" a href=\"https:\/\/modenazlatibor.rs\/en\/kako-je-zaista-ziveti-u-gradu-na-planini\/\" class=\"vc_gitem-link vc_general vc_btn3 vc_general vc_btn3 vc_btn3-size-md vc_btn3-shape-rounded vc_btn3-style-flat vc_btn3-color-juicy-pink\" title=\"Read more\">Read more<\/a><\/div><\/div><\/div><\/div><\/div><\/div><div class=\"vc_clearfix\"><\/div><\/div><div class=\"vc_grid-item vc_clearfix vc_col-sm-4 vc_grid-item-zone-c-bottom\"><div class=\"vc_grid-item-mini vc_clearfix \"><div class=\"vc_gitem-animated-block\" ><div class=\"vc_gitem-zone vc_gitem-zone-a vc-gitem-zone-height-mode-auto vc-gitem-zone-height-mode-auto-1-1 vc_gitem-is-link\" style=\"background-image: url('https:\/\/modenazlatibor.rs\/wp-content\/uploads\/2022\/03\/panorama_Gold-_gondola_Zlatibor_foto-privatna_arhiva-840x1024.jpg') !important;\"><a href=\"https:\/\/modenazlatibor.rs\/en\/saveti-za-kupovinu-nekretnina\/\" title=\"Saveti za kupovinu nekretnina\" class=\"vc_gitem-link vc-zone-link\"><\/a><img decoding=\"async\" src=\"https:\/\/modenazlatibor.rs\/wp-content\/uploads\/2022\/03\/panorama_Gold-_gondola_Zlatibor_foto-privatna_arhiva-840x1024.jpg\" class=\"vc_gitem-zone-img\" alt=\"\"><div class=\"vc_gitem-zone-mini\"><\/div><\/div><\/div><div class=\"vc_gitem-zone vc_gitem-zone-c vc_custom_1419240516480\"><div class=\"vc_gitem-zone-mini\"><div class=\"vc_gitem_row vc_row vc_gitem-row-position-top\"><div class=\"vc_col-sm-12 vc_gitem-col vc_gitem-col-align-\"><div class=\"vc_custom_heading vc_gitem-post-data vc_gitem-post-data-source-post_title\" ><h4 style=\"text-align: left\" >Saveti za kupovinu nekretnina<\/h4><\/div><div class=\"vc_custom_heading vc_gitem-post-data vc_gitem-post-data-source-post_excerpt\" ><p style=\"text-align: left\" ><p>Saveti za kupovinu nekretnine na Zlatiboru Zlatibor je jedna od na\u0161ih najpose\u0107enijih planina, kako od strane doma\u0107ih turista, tako i turista \u0161irom Evrope i sveta. Bez obzira na godi\u0161nje doba, on svojim posetiocima, pru\u017ea brojne mogu\u0107nosti za odmor i relaksaciju. Predstavlja pravi izbor kako za roditelje sa decom, tako i za stariju populaciju. Kupovina nekretnina [&hellip;]<\/p>\n<\/p><\/div><div class=\"vc_btn3-container vc_btn3-left\"><a class=\"vc_general vc_btn3 vc_btn3-size-md vc_btn3-shape-rounded vc_btn3-style-flat vc_btn3-color-juicy-pink\" a href=\"https:\/\/modenazlatibor.rs\/en\/saveti-za-kupovinu-nekretnina\/\" class=\"vc_gitem-link vc_general vc_btn3 vc_general vc_btn3 vc_btn3-size-md vc_btn3-shape-rounded vc_btn3-style-flat vc_btn3-color-juicy-pink\" title=\"Read more\">Read more<\/a><\/div><\/div><\/div><\/div><\/div><\/div><div class=\"vc_clearfix\"><\/div><\/div><div class=\"vc_grid-item vc_clearfix vc_col-sm-4 vc_grid-item-zone-c-bottom\"><div class=\"vc_grid-item-mini vc_clearfix \"><div class=\"vc_gitem-animated-block\" ><div class=\"vc_gitem-zone vc_gitem-zone-a vc-gitem-zone-height-mode-auto vc-gitem-zone-height-mode-auto-1-1 vc_gitem-is-link\" style=\"background-image: url('https:\/\/modenazlatibor.rs\/wp-content\/uploads\/2022\/01\/arthur-poulin-NhU0nUR7920-unsplash-1024x681.jpg') !important;\"><a href=\"https:\/\/modenazlatibor.rs\/en\/netaknuti-kutak-srbije-tokom-cele-godine\/\" title=\"Netaknuti kutak Srbije tokom cele godine\" class=\"vc_gitem-link vc-zone-link\"><\/a><img decoding=\"async\" src=\"https:\/\/modenazlatibor.rs\/wp-content\/uploads\/2022\/01\/arthur-poulin-NhU0nUR7920-unsplash-1024x681.jpg\" class=\"vc_gitem-zone-img\" alt=\"\"><div class=\"vc_gitem-zone-mini\"><\/div><\/div><\/div><div class=\"vc_gitem-zone vc_gitem-zone-c vc_custom_1419240516480\"><div class=\"vc_gitem-zone-mini\"><div class=\"vc_gitem_row vc_row vc_gitem-row-position-top\"><div class=\"vc_col-sm-12 vc_gitem-col vc_gitem-col-align-\"><div class=\"vc_custom_heading vc_gitem-post-data vc_gitem-post-data-source-post_title\" ><h4 style=\"text-align: left\" >Netaknuti kutak Srbije tokom cele godine<\/h4><\/div><div class=\"vc_custom_heading vc_gitem-post-data vc_gitem-post-data-source-post_excerpt\" ><p style=\"text-align: left\" ><p>Odmor u Srbiji mo\u017ee biti odli\u010dna ideja tokom cele godine i idealna prilika da se cela porodica okupi i istra\u017ei sve lepote i blagodeti na\u0161e zemlje. Srbija ima odli\u010dna mesta za odmor za sve generacije, vrste i tipove putovanja. Ipak, Zlatibor pru\u017ea za nijansu vi\u0161e. Turisti\u010dki centar koji \u017eivi 365 dana u godini, mnogo restorana, [&hellip;]<\/p>\n<\/p><\/div><div class=\"vc_btn3-container vc_btn3-left\"><a class=\"vc_general vc_btn3 vc_btn3-size-md vc_btn3-shape-rounded vc_btn3-style-flat vc_btn3-color-juicy-pink\" a href=\"https:\/\/modenazlatibor.rs\/en\/netaknuti-kutak-srbije-tokom-cele-godine\/\" class=\"vc_gitem-link vc_general vc_btn3 vc_general vc_btn3 vc_btn3-size-md vc_btn3-shape-rounded vc_btn3-style-flat vc_btn3-color-juicy-pink\" title=\"Read more\">Read more<\/a><\/div><\/div><\/div><\/div><\/div><\/div><div class=\"vc_clearfix\"><\/div><\/div><\/div><div class=\"vc_pageable-load-more-btn\" data-vc-grid-load-more-btn=\"true\"><div class=\"vc_btn3-container  vc_grid-btn-load_more vc_btn3-inline\"><a href=\"javascript:;\" class=\"vc_general vc_btn3 vc_btn3-size-xs vc_btn3-shape-rounded vc_btn3-style-modern vc_btn3-color-default\"  title=\"Load more\">Load more<\/a><\/div><\/div><\/div>\n\t<\/div>\n<\/div><\/div><\/div><\/div><\/div><\/section><\/section>\n","protected":false},"excerpt":{"rendered":"Check Our Latest Blog Modena Zlatibor Resort i Gradnja.rs: Nekretnine koje zara\u0111uju za vasOvaj jedinstveni planinski kompleks u Srbiji osmi\u0161ljen je tako da vam pru\u017ei maksimalan komfor i povratak investicije u \u0161to kra\u0107em roku. Ulaganje u nekretnine je najsigurniji vid investiranja. Analize tr\u017ei\u0161ta nam pokazuju da je vi\u0161e ljudi koji tra\u017ee proverenog i pouzdanog investitora [...]","protected":false},"author":1,"featured_media":0,"parent":0,"menu_order":0,"comment_status":"closed","ping_status":"closed","template":"page-portfolio.php","meta":{"footnotes":""},"class_list":["post-1624","page","type-page","status-publish","hentry"],"yoast_head":"<!-- This site is optimized with the Yoast SEO plugin v27.4 - https:\/\/yoast.com\/product\/yoast-seo-wordpress\/ -->\n<title>Novosti Page Mobile - Modena Zlatibor<\/title>\n<meta name=\"robots\" content=\"index, follow, max-snippet:-1, max-image-preview:large, max-video-preview:-1\" \/>\n<link rel=\"canonical\" href=\"https:\/\/modenazlatibor.rs\/en\/novosti-mobile\/\" \/>\n<meta property=\"og:locale\" content=\"en_US\" \/>\n<meta property=\"og:type\" content=\"article\" \/>\n<meta property=\"og:title\" content=\"Novosti Page Mobile - Modena Zlatibor\" \/>\n<meta property=\"og:url\" content=\"https:\/\/modenazlatibor.rs\/en\/novosti-mobile\/\" \/>\n<meta property=\"og:site_name\" content=\"Modena Zlatibor\" \/>\n<meta property=\"article:modified_time\" content=\"2022-03-19T12:19:56+00:00\" \/>\n<meta name=\"twitter:card\" content=\"summary_large_image\" \/>\n<meta name=\"twitter:label1\" content=\"Est. reading time\" \/>\n\t<meta name=\"twitter:data1\" content=\"3 minutes\" \/>\n<script type=\"application\/ld+json\" class=\"yoast-schema-graph\">{\"@context\":\"https:\\\/\\\/schema.org\",\"@graph\":[{\"@type\":\"WebPage\",\"@id\":\"https:\\\/\\\/modenazlatibor.rs\\\/novosti-mobile\\\/\",\"url\":\"https:\\\/\\\/modenazlatibor.rs\\\/novosti-mobile\\\/\",\"name\":\"Novosti Page Mobile - Modena Zlatibor\",\"isPartOf\":{\"@id\":\"https:\\\/\\\/modenazlatibor.rs\\\/#website\"},\"datePublished\":\"2022-02-27T01:07:43+00:00\",\"dateModified\":\"2022-03-19T12:19:56+00:00\",\"breadcrumb\":{\"@id\":\"https:\\\/\\\/modenazlatibor.rs\\\/novosti-mobile\\\/#breadcrumb\"},\"inLanguage\":\"en-US\",\"potentialAction\":[{\"@type\":\"ReadAction\",\"target\":[\"https:\\\/\\\/modenazlatibor.rs\\\/novosti-mobile\\\/\"]}]},{\"@type\":\"BreadcrumbList\",\"@id\":\"https:\\\/\\\/modenazlatibor.rs\\\/novosti-mobile\\\/#breadcrumb\",\"itemListElement\":[{\"@type\":\"ListItem\",\"position\":1,\"name\":\"Modena Zlatibor Resort\",\"item\":\"https:\\\/\\\/modenazlatibor.rs\\\/\"},{\"@type\":\"ListItem\",\"position\":2,\"name\":\"Novosti Page Mobile\"}]},{\"@type\":\"WebSite\",\"@id\":\"https:\\\/\\\/modenazlatibor.rs\\\/#website\",\"url\":\"https:\\\/\\\/modenazlatibor.rs\\\/\",\"name\":\"Modena Zlatibor\",\"description\":\"\",\"publisher\":{\"@id\":\"https:\\\/\\\/modenazlatibor.rs\\\/#organization\"},\"potentialAction\":[{\"@type\":\"SearchAction\",\"target\":{\"@type\":\"EntryPoint\",\"urlTemplate\":\"https:\\\/\\\/modenazlatibor.rs\\\/?s={search_term_string}\"},\"query-input\":{\"@type\":\"PropertyValueSpecification\",\"valueRequired\":true,\"valueName\":\"search_term_string\"}}],\"inLanguage\":\"en-US\"},{\"@type\":\"Organization\",\"@id\":\"https:\\\/\\\/modenazlatibor.rs\\\/#organization\",\"name\":\"Modena Zlatibor\",\"url\":\"https:\\\/\\\/modenazlatibor.rs\\\/\",\"logo\":{\"@type\":\"ImageObject\",\"inLanguage\":\"en-US\",\"@id\":\"https:\\\/\\\/modenazlatibor.rs\\\/#\\\/schema\\\/logo\\\/image\\\/\",\"url\":\"https:\\\/\\\/modenazlatibor.rs\\\/wp-content\\\/uploads\\\/2021\\\/12\\\/cropped-MODENA-ZLATIBOR-LOGO-NOVO-NO-BG.png\",\"contentUrl\":\"https:\\\/\\\/modenazlatibor.rs\\\/wp-content\\\/uploads\\\/2021\\\/12\\\/cropped-MODENA-ZLATIBOR-LOGO-NOVO-NO-BG.png\",\"width\":512,\"height\":512,\"caption\":\"Modena Zlatibor\"},\"image\":{\"@id\":\"https:\\\/\\\/modenazlatibor.rs\\\/#\\\/schema\\\/logo\\\/image\\\/\"}}]}<\/script>\n<!-- \/ Yoast SEO plugin. -->","yoast_head_json":{"title":"Novosti Page Mobile - Modena Zlatibor","robots":{"index":"index","follow":"follow","max-snippet":"max-snippet:-1","max-image-preview":"max-image-preview:large","max-video-preview":"max-video-preview:-1"},"canonical":"https:\/\/modenazlatibor.rs\/en\/novosti-mobile\/","og_locale":"en_US","og_type":"article","og_title":"Novosti Page Mobile - Modena Zlatibor","og_url":"https:\/\/modenazlatibor.rs\/en\/novosti-mobile\/","og_site_name":"Modena Zlatibor","article_modified_time":"2022-03-19T12:19:56+00:00","twitter_card":"summary_large_image","twitter_misc":{"Est. reading time":"3 minutes"},"schema":{"@context":"https:\/\/schema.org","@graph":[{"@type":"WebPage","@id":"https:\/\/modenazlatibor.rs\/novosti-mobile\/","url":"https:\/\/modenazlatibor.rs\/novosti-mobile\/","name":"Novosti Page Mobile - Modena Zlatibor","isPartOf":{"@id":"https:\/\/modenazlatibor.rs\/#website"},"datePublished":"2022-02-27T01:07:43+00:00","dateModified":"2022-03-19T12:19:56+00:00","breadcrumb":{"@id":"https:\/\/modenazlatibor.rs\/novosti-mobile\/#breadcrumb"},"inLanguage":"en-US","potentialAction":[{"@type":"ReadAction","target":["https:\/\/modenazlatibor.rs\/novosti-mobile\/"]}]},{"@type":"BreadcrumbList","@id":"https:\/\/modenazlatibor.rs\/novosti-mobile\/#breadcrumb","itemListElement":[{"@type":"ListItem","position":1,"name":"Modena Zlatibor Resort","item":"https:\/\/modenazlatibor.rs\/"},{"@type":"ListItem","position":2,"name":"Novosti Page Mobile"}]},{"@type":"WebSite","@id":"https:\/\/modenazlatibor.rs\/#website","url":"https:\/\/modenazlatibor.rs\/","name":"Modena Zlatibor","description":"","publisher":{"@id":"https:\/\/modenazlatibor.rs\/#organization"},"potentialAction":[{"@type":"SearchAction","target":{"@type":"EntryPoint","urlTemplate":"https:\/\/modenazlatibor.rs\/?s={search_term_string}"},"query-input":{"@type":"PropertyValueSpecification","valueRequired":true,"valueName":"search_term_string"}}],"inLanguage":"en-US"},{"@type":"Organization","@id":"https:\/\/modenazlatibor.rs\/#organization","name":"Modena Zlatibor","url":"https:\/\/modenazlatibor.rs\/","logo":{"@type":"ImageObject","inLanguage":"en-US","@id":"https:\/\/modenazlatibor.rs\/#\/schema\/logo\/image\/","url":"https:\/\/modenazlatibor.rs\/wp-content\/uploads\/2021\/12\/cropped-MODENA-ZLATIBOR-LOGO-NOVO-NO-BG.png","contentUrl":"https:\/\/modenazlatibor.rs\/wp-content\/uploads\/2021\/12\/cropped-MODENA-ZLATIBOR-LOGO-NOVO-NO-BG.png","width":512,"height":512,"caption":"Modena Zlatibor"},"image":{"@id":"https:\/\/modenazlatibor.rs\/#\/schema\/logo\/image\/"}}]}},"_links":{"self":[{"href":"https:\/\/modenazlatibor.rs\/en\/wp-json\/wp\/v2\/pages\/1624","targetHints":{"allow":["GET"]}}],"collection":[{"href":"https:\/\/modenazlatibor.rs\/en\/wp-json\/wp\/v2\/pages"}],"about":[{"href":"https:\/\/modenazlatibor.rs\/en\/wp-json\/wp\/v2\/types\/page"}],"author":[{"embeddable":true,"href":"https:\/\/modenazlatibor.rs\/en\/wp-json\/wp\/v2\/users\/1"}],"replies":[{"embeddable":true,"href":"https:\/\/modenazlatibor.rs\/en\/wp-json\/wp\/v2\/comments?post=1624"}],"version-history":[{"count":2,"href":"https:\/\/modenazlatibor.rs\/en\/wp-json\/wp\/v2\/pages\/1624\/revisions"}],"predecessor-version":[{"id":2151,"href":"https:\/\/modenazlatibor.rs\/en\/wp-json\/wp\/v2\/pages\/1624\/revisions\/2151"}],"wp:attachment":[{"href":"https:\/\/modenazlatibor.rs\/en\/wp-json\/wp\/v2\/media?parent=1624"}],"curies":[{"name":"wp","href":"https:\/\/api.w.org\/{rel}","templated":true}]}}